{"id":10,"date":"2019-09-16T10:04:15","date_gmt":"2019-09-16T13:04:15","guid":{"rendered":"https:\/\/new.powerchina.com.br\/services\/"},"modified":"2024-09-22T20:05:46","modified_gmt":"2024-09-22T23:05:46","slug":"carreira","status":"publish","type":"page","link":"https:\/\/powerchina.com.br\/new\/carreira\/","title":{"rendered":"Carreira"},"content":{"rendered":"\t\t<div data-elementor-type=\"wp-page\" data-elementor-id=\"10\" class=\"elementor elementor-10\" data-elementor-post-type=\"page\">\n\t\t\t\t<div class=\"elementor-element elementor-element-4fe8114 e-flex e-con-boxed e-con e-parent\" data-id=\"4fe8114\" data-element_type=\"container\" data-settings=\"{&quot;background_background&quot;:&quot;classic&quot;}\">\n\t\t\t\t\t<div class=\"e-con-inner\">\n\t\t\t\t<div class=\"elementor-element elementor-element-d5829d2 elementor-widget elementor-widget-heading\" data-id=\"d5829d2\" data-element_type=\"widget\" data-widget_type=\"heading.default\">\n\t\t\t\t<div class=\"elementor-widget-container\">\n\t\t\t<style>\/*! elementor - v3.22.0 - 26-06-2024 *\/\n.elementor-heading-title{padding:0;margin:0;line-height:1}.elementor-widget-heading .elementor-heading-title[class*=elementor-size-]>a{color:inherit;font-size:inherit;line-height:inherit}.elementor-widget-heading .elementor-heading-title.elementor-size-small{font-size:15px}.elementor-widget-heading .elementor-heading-title.elementor-size-medium{font-size:19px}.elementor-widget-heading .elementor-heading-title.elementor-size-large{font-size:29px}.elementor-widget-heading .elementor-heading-title.elementor-size-xl{font-size:39px}.elementor-widget-heading .elementor-heading-title.elementor-size-xxl{font-size:59px}<\/style><h2 class=\"elementor-heading-title elementor-size-default\">Carreira<\/h2>\t\t<\/div>\n\t\t\t\t<\/div>\n\t\t\t\t\t<\/div>\n\t\t\t\t<\/div>\n\t\t<div class=\"elementor-element elementor-element-50abade e-con-full e-flex e-con e-parent\" data-id=\"50abade\" data-element_type=\"container\">\n\t\t<div class=\"elementor-element elementor-element-13fc5c6 e-con-full e-flex e-con e-child\" data-id=\"13fc5c6\" data-element_type=\"container\">\n\t\t<div class=\"elementor-element elementor-element-0278108 e-con-full e-flex e-con e-child\" data-id=\"0278108\" data-element_type=\"container\" data-settings=\"{&quot;background_background&quot;:&quot;classic&quot;}\">\n\t\t\t\t<div class=\"elementor-element elementor-element-9f39df1 elementor-widget elementor-widget-heading\" data-id=\"9f39df1\" data-element_type=\"widget\" data-widget_type=\"heading.default\">\n\t\t\t\t<div class=\"elementor-widget-container\">\n\t\t\t<h3 class=\"elementor-heading-title elementor-size-default\">Fa\u00e7a parte da Powerchina Brasil<\/h3>\t\t<\/div>\n\t\t\t\t<\/div>\n\t\t\t\t<div class=\"elementor-element elementor-element-2a43a76 elementor-widget elementor-widget-text-editor\" data-id=\"2a43a76\" data-element_type=\"widget\" data-widget_type=\"text-editor.default\">\n\t\t\t\t<div class=\"elementor-widget-container\">\n\t\t\t<style>\/*! elementor - v3.22.0 - 26-06-2024 *\/\n.elementor-widget-text-editor.elementor-drop-cap-view-stacked .elementor-drop-cap{background-color:#69727d;color:#fff}.elementor-widget-text-editor.elementor-drop-cap-view-framed .elementor-drop-cap{color:#69727d;border:3px solid;background-color:transparent}.elementor-widget-text-editor:not(.elementor-drop-cap-view-default) .elementor-drop-cap{margin-top:8px}.elementor-widget-text-editor:not(.elementor-drop-cap-view-default) .elementor-drop-cap-letter{width:1em;height:1em}.elementor-widget-text-editor .elementor-drop-cap{float:left;text-align:center;line-height:1;font-size:50px}.elementor-widget-text-editor .elementor-drop-cap-letter{display:inline-block}<\/style>\t\t\t\t<p>N\u00f3s temos um banco de dados com informa\u00e7\u00f5es de profissionais interessados em trabalhar conosco.<\/p><p>Se voc\u00ea busca novos desafios ou oportunidade de desenvolvimento profissional, venha fazer parte de nossa equipe.<\/p>\t\t\t\t\t\t<\/div>\n\t\t\t\t<\/div>\n\t\t\t\t<div class=\"elementor-element elementor-element-9a7fda5 elementor-widget elementor-widget-button\" data-id=\"9a7fda5\" data-element_type=\"widget\" data-widget_type=\"button.default\">\n\t\t\t\t<div class=\"elementor-widget-container\">\n\t\t\t\t\t<div class=\"elementor-button-wrapper\">\n\t\t\t<a class=\"elementor-button elementor-button-link elementor-size-sm\" href=\"https:\/\/powerchina.gupy.io\/\">\n\t\t\t\t\t\t<span class=\"elementor-button-content-wrapper\">\n\t\t\t\t\t\t\t\t\t<span class=\"elementor-button-text\">Acesse Aqui<\/span>\n\t\t\t\t\t<\/span>\n\t\t\t\t\t<\/a>\n\t\t<\/div>\n\t\t\t\t<\/div>\n\t\t\t\t<\/div>\n\t\t\t\t<\/div>\n\t\t\t\t<\/div>\n\t\t<div class=\"elementor-element elementor-element-f7a9828 e-con-full e-flex e-con e-child\" data-id=\"f7a9828\" data-element_type=\"container\" data-settings=\"{&quot;background_background&quot;:&quot;classic&quot;}\">\n\t\t\t\t<\/div>\n\t\t\t\t<\/div>\n\t\t<div class=\"elementor-element elementor-element-5cc0e91 e-flex e-con-boxed e-con e-parent\" data-id=\"5cc0e91\" data-element_type=\"container\" data-settings=\"{&quot;background_background&quot;:&quot;classic&quot;}\">\n\t\t\t\t\t<div class=\"e-con-inner\">\n\t\t<div class=\"elementor-element elementor-element-1f46194 e-con-full e-flex e-con e-child\" data-id=\"1f46194\" data-element_type=\"container\">\n\t\t\t\t<\/div>\n\t\t<div class=\"elementor-element elementor-element-64a1944 e-con-full e-flex e-con e-child\" data-id=\"64a1944\" data-element_type=\"container\">\n\t\t<div class=\"elementor-element elementor-element-e2e2e13 e-con-full e-flex e-con e-child\" data-id=\"e2e2e13\" data-element_type=\"container\" data-settings=\"{&quot;background_background&quot;:&quot;classic&quot;}\">\n\t\t<div class=\"elementor-element elementor-element-0de0671 e-flex e-con-boxed e-con e-child\" data-id=\"0de0671\" data-element_type=\"container\" data-settings=\"{&quot;background_background&quot;:&quot;classic&quot;}\">\n\t\t\t\t\t<div class=\"e-con-inner\">\n\t\t\t\t<div class=\"elementor-element elementor-element-f49ed43 elementor-widget elementor-widget-heading\" data-id=\"f49ed43\" data-element_type=\"widget\" data-widget_type=\"heading.default\">\n\t\t\t\t<div class=\"elementor-widget-container\">\n\t\t\t<h3 class=\"elementor-heading-title elementor-size-default\">Estrat\u00e9gia de Recursos Humanos<\/h3>\t\t<\/div>\n\t\t\t\t<\/div>\n\t\t\t\t<div class=\"elementor-element elementor-element-5de9494 elementor-widget elementor-widget-text-editor\" data-id=\"5de9494\" data-element_type=\"widget\" data-widget_type=\"text-editor.default\">\n\t\t\t\t<div class=\"elementor-widget-container\">\n\t\t\t\t\t\t\t<p><strong>Pensamento<\/strong><br \/>Desenvolver um conceito inovador e vision\u00e1rio na identifica\u00e7\u00e3o, atra\u00e7\u00e3o, forma\u00e7\u00e3o e reten\u00e7\u00e3o de talentos.<\/p><p><strong>Objetivo<\/strong><br \/>Formar profissionais engajados e de alta performance, para fazer a diferen\u00e7a no setor.<br \/>Inovar em tecnologia, engenharia e investimentos.<br \/>Ser refer\u00eancia no mercado local e internacional.<br \/>Fomentar o senso de pertencimento dos colaboradores.<br \/>Capacitar futuros formadores de opini\u00e3o.<\/p><p><strong>Meta<\/strong><br \/>Criar equipes atrav\u00e9s de processos de sele\u00e7\u00e3o bem estruturados e assertivos.<br \/>Planejar meticulosamente o projeto de contrata\u00e7\u00e3o.<br \/>Promover e acompanhar a evolu\u00e7\u00e3o das melhores pr\u00e1ticas do mercado, observando todos os aspectos legais vigentes no Brasil.<\/p><p>Investir em treinamentos constantes e efetivos.<\/p>\t\t\t\t\t\t<\/div>\n\t\t\t\t<\/div>\n\t\t\t\t\t<\/div>\n\t\t\t\t<\/div>\n\t\t\t\t<\/div>\n\t\t\t\t<\/div>\n\t\t\t\t\t<\/div>\n\t\t\t\t<\/div>\n\t\t\t\t<\/div>\n\t\t","protected":false},"excerpt":{"rendered":"<p>Carreira Fa\u00e7a parte da Powerchina Brasil N\u00f3s temos um banco de dados com informa\u00e7\u00f5es de profissionais interessados em trabalhar conosco. Se voc\u00ea busca novos desafios ou oportunidade de desenvolvimento profissional, venha fazer parte de nossa equipe. Acesse Aqui Estrat\u00e9gia de Recursos Humanos PensamentoDesenvolver um conceito inovador e vision\u00e1rio na identifica\u00e7\u00e3o, atra\u00e7\u00e3o, forma\u00e7\u00e3o e reten\u00e7\u00e3o de [&hellip;]<\/p>\n","protected":false},"author":3,"featured_media":0,"parent":0,"menu_order":0,"comment_status":"closed","ping_status":"closed","template":"elementor_header_footer","meta":{"footnotes":""},"_links":{"self":[{"href":"https:\/\/powerchina.com.br\/new\/wp-json\/wp\/v2\/pages\/10"}],"collection":[{"href":"https:\/\/powerchina.com.br\/new\/wp-json\/wp\/v2\/pages"}],"about":[{"href":"https:\/\/powerchina.com.br\/new\/wp-json\/wp\/v2\/types\/page"}],"author":[{"embeddable":true,"href":"https:\/\/powerchina.com.br\/new\/wp-json\/wp\/v2\/users\/3"}],"replies":[{"embeddable":true,"href":"https:\/\/powerchina.com.br\/new\/wp-json\/wp\/v2\/comments?post=10"}],"version-history":[{"count":23,"href":"https:\/\/powerchina.com.br\/new\/wp-json\/wp\/v2\/pages\/10\/revisions"}],"predecessor-version":[{"id":3695,"href":"https:\/\/powerchina.com.br\/new\/wp-json\/wp\/v2\/pages\/10\/revisions\/3695"}],"wp:attachment":[{"href":"https:\/\/powerchina.com.br\/new\/wp-json\/wp\/v2\/media?parent=10"}],"curies":[{"name":"wp","href":"https:\/\/api.w.org\/{rel}","templated":true}]}}