{"id":1563,"date":"2023-06-27T12:20:50","date_gmt":"2023-06-27T15:20:50","guid":{"rendered":"https:\/\/new.powerchina.com.br\/?page_id=1563"},"modified":"2024-09-23T11:24:56","modified_gmt":"2024-09-23T14:24:56","slug":"angola","status":"publish","type":"page","link":"https:\/\/powerchina.com.br\/new\/pelo-mundo\/pelo-mundo-1\/angola\/","title":{"rendered":"Angola"},"content":{"rendered":"\t\t<div data-elementor-type=\"wp-page\" data-elementor-id=\"1563\" class=\"elementor elementor-1563\" data-elementor-post-type=\"page\">\n\t\t\t\t<div class=\"elementor-element elementor-element-d4e45fb e-flex e-con-boxed e-con e-parent\" data-id=\"d4e45fb\" data-element_type=\"container\" data-settings=\"{&quot;background_background&quot;:&quot;classic&quot;}\">\n\t\t\t\t\t<div class=\"e-con-inner\">\n\t\t\t\t<div class=\"elementor-element elementor-element-d655cf7 elementor-widget elementor-widget-heading\" data-id=\"d655cf7\" data-element_type=\"widget\" data-widget_type=\"heading.default\">\n\t\t\t\t<div class=\"elementor-widget-container\">\n\t\t\t<style>\/*! elementor - v3.22.0 - 26-06-2024 *\/\n.elementor-heading-title{padding:0;margin:0;line-height:1}.elementor-widget-heading .elementor-heading-title[class*=elementor-size-]>a{color:inherit;font-size:inherit;line-height:inherit}.elementor-widget-heading .elementor-heading-title.elementor-size-small{font-size:15px}.elementor-widget-heading .elementor-heading-title.elementor-size-medium{font-size:19px}.elementor-widget-heading .elementor-heading-title.elementor-size-large{font-size:29px}.elementor-widget-heading .elementor-heading-title.elementor-size-xl{font-size:39px}.elementor-widget-heading .elementor-heading-title.elementor-size-xxl{font-size:59px}<\/style><h2 class=\"elementor-heading-title elementor-size-default\">Pelo mundo<\/h2>\t\t<\/div>\n\t\t\t\t<\/div>\n\t\t\t\t\t<\/div>\n\t\t\t\t<\/div>\n\t\t<div class=\"elementor-element elementor-element-310785b e-grid e-con-boxed e-con e-parent\" data-id=\"310785b\" data-element_type=\"container\" data-settings=\"{&quot;background_background&quot;:&quot;classic&quot;}\">\n\t\t\t\t\t<div class=\"e-con-inner\">\n\t\t<a class=\"elementor-element elementor-element-01dc6e0 e-con-full e-flex e-con e-child\" data-id=\"01dc6e0\" data-element_type=\"container\" data-settings=\"{&quot;background_background&quot;:&quot;classic&quot;}\" href=\"https:\/\/powerchina.com.br\/new\/pelo-mundo\/pelo-mundo-1\/\">\n\t\t\t\t<div class=\"elementor-element elementor-element-6226a8a elementor-widget elementor-widget-heading\" data-id=\"6226a8a\" data-element_type=\"widget\" data-widget_type=\"heading.default\">\n\t\t\t\t<div class=\"elementor-widget-container\">\n\t\t\t<span class=\"elementor-heading-title elementor-size-default\">\u00c1frica Oriental e Sul<\/span>\t\t<\/div>\n\t\t\t\t<\/div>\n\t\t\t\t<\/a>\n\t\t<a class=\"elementor-element elementor-element-679f620 e-con-full e-flex e-con e-child\" data-id=\"679f620\" data-element_type=\"container\" data-settings=\"{&quot;background_background&quot;:&quot;classic&quot;}\" href=\"https:\/\/powerchina.com.br\/new\/pelo-mundo\/pelo-mundo-2\/\">\n\t\t\t\t<div class=\"elementor-element elementor-element-0a0bf01 elementor-widget elementor-widget-heading\" data-id=\"0a0bf01\" data-element_type=\"widget\" data-widget_type=\"heading.default\">\n\t\t\t\t<div class=\"elementor-widget-container\">\n\t\t\t<span class=\"elementor-heading-title elementor-size-default\">Oeste e Centro da \u00c1frica<\/span>\t\t<\/div>\n\t\t\t\t<\/div>\n\t\t\t\t<\/a>\n\t\t<a class=\"elementor-element elementor-element-73a6003 e-con-full e-flex e-con e-child\" data-id=\"73a6003\" data-element_type=\"container\" data-settings=\"{&quot;background_background&quot;:&quot;classic&quot;}\" href=\"https:\/\/powerchina.com.br\/new\/pelo-mundo\/pelo-mundo-3\/\">\n\t\t\t\t<div class=\"elementor-element elementor-element-65132a3 elementor-widget elementor-widget-heading\" data-id=\"65132a3\" data-element_type=\"widget\" data-widget_type=\"heading.default\">\n\t\t\t\t<div class=\"elementor-widget-container\">\n\t\t\t<span class=\"elementor-heading-title elementor-size-default\">Oriente M\u00e9dio e Norte da \u00c1frica<\/span>\t\t<\/div>\n\t\t\t\t<\/div>\n\t\t\t\t<\/a>\n\t\t<a class=\"elementor-element elementor-element-d66dd78 e-con-full e-flex e-con e-child\" data-id=\"d66dd78\" data-element_type=\"container\" data-settings=\"{&quot;background_background&quot;:&quot;classic&quot;}\" href=\"https:\/\/powerchina.com.br\/new\/pelo-mundo\/pelo-mundo-4\/\">\n\t\t\t\t<div class=\"elementor-element elementor-element-9949825 elementor-widget elementor-widget-heading\" data-id=\"9949825\" data-element_type=\"widget\" data-widget_type=\"heading.default\">\n\t\t\t\t<div class=\"elementor-widget-container\">\n\t\t\t<span class=\"elementor-heading-title elementor-size-default\">Eur\u00e1sia<\/span>\t\t<\/div>\n\t\t\t\t<\/div>\n\t\t\t\t<\/a>\n\t\t<a class=\"elementor-element elementor-element-3cadcae e-con-full e-flex e-con e-child\" data-id=\"3cadcae\" data-element_type=\"container\" data-settings=\"{&quot;background_background&quot;:&quot;classic&quot;}\" href=\"https:\/\/powerchina.com.br\/new\/pelo-mundo\/pelo-mundo-5\/\">\n\t\t\t\t<div class=\"elementor-element elementor-element-97b3ee6 elementor-widget elementor-widget-heading\" data-id=\"97b3ee6\" data-element_type=\"widget\" data-widget_type=\"heading.default\">\n\t\t\t\t<div class=\"elementor-widget-container\">\n\t\t\t<span class=\"elementor-heading-title elementor-size-default\">\u00c1sia Oceano Pac\u00edfico<\/span>\t\t<\/div>\n\t\t\t\t<\/div>\n\t\t\t\t<\/a>\n\t\t<a class=\"elementor-element elementor-element-a2d78a1 e-con-full e-flex e-con e-child\" data-id=\"a2d78a1\" data-element_type=\"container\" data-settings=\"{&quot;background_background&quot;:&quot;classic&quot;}\" href=\"https:\/\/powerchina.com.br\/new\/pelo-mundo\/pelo-mundo-6\/\">\n\t\t\t\t<div class=\"elementor-element elementor-element-dc50bbd elementor-widget elementor-widget-heading\" data-id=\"dc50bbd\" data-element_type=\"widget\" data-widget_type=\"heading.default\">\n\t\t\t\t<div class=\"elementor-widget-container\">\n\t\t\t<span class=\"elementor-heading-title elementor-size-default\">Am\u00e9ricas<\/span>\t\t<\/div>\n\t\t\t\t<\/div>\n\t\t\t\t<\/a>\n\t\t\t\t\t<\/div>\n\t\t\t\t<\/div>\n\t\t<div class=\"elementor-element elementor-element-36a60a9 e-flex e-con-boxed e-con e-parent\" data-id=\"36a60a9\" data-element_type=\"container\">\n\t\t\t\t\t<div class=\"e-con-inner\">\n\t\t\t\t<div class=\"elementor-element elementor-element-d0a1d71 elementor-widget elementor-widget-heading\" data-id=\"d0a1d71\" data-element_type=\"widget\" data-widget_type=\"heading.default\">\n\t\t\t\t<div class=\"elementor-widget-container\">\n\t\t\t<h3 class=\"elementor-heading-title elementor-size-default\">Angola<\/h3>\t\t<\/div>\n\t\t\t\t<\/div>\n\t\t\t\t<div class=\"elementor-element elementor-element-966ebe2 elementor-widget elementor-widget-text-editor\" data-id=\"966ebe2\" data-element_type=\"widget\" data-widget_type=\"text-editor.default\">\n\t\t\t\t<div class=\"elementor-widget-container\">\n\t\t\t<style>\/*! elementor - v3.22.0 - 26-06-2024 *\/\n.elementor-widget-text-editor.elementor-drop-cap-view-stacked .elementor-drop-cap{background-color:#69727d;color:#fff}.elementor-widget-text-editor.elementor-drop-cap-view-framed .elementor-drop-cap{color:#69727d;border:3px solid;background-color:transparent}.elementor-widget-text-editor:not(.elementor-drop-cap-view-default) .elementor-drop-cap{margin-top:8px}.elementor-widget-text-editor:not(.elementor-drop-cap-view-default) .elementor-drop-cap-letter{width:1em;height:1em}.elementor-widget-text-editor .elementor-drop-cap{float:left;text-align:center;line-height:1;font-size:50px}.elementor-widget-text-editor .elementor-drop-cap-letter{display:inline-block}<\/style>\t\t\t\t<p>Breve apresenta\u00e7\u00e3o da sucursal de Angola da POWERCHINA<\/p><p>Desde que entrou no mercado angolano em 2004, a sucursal da POWERCHINA Angola assumiu o compromisso de contribuir para o desenvolvimento de Angola. Com mais de 357 contratos em 17 das 18 prov\u00edncias e um valor total de mais de 8,3 bilh\u00f5es de d\u00f3lares, a constru\u00e7\u00e3o realizada pela POWERCHINA est\u00e1 espalhada em v\u00e1rios setores, incluindo usinas hidrel\u00e9tricas e termel\u00e9tricas, linhas de transmiss\u00e3o, usinas termel\u00e9tricas, abastecimento de \u00e1gua projetos e constru\u00e7\u00e3o de infraestrutura, como estradas e pontes, aeroportos, escolas, hospitais, est\u00e1dios e edif\u00edcios, etc. A empresa presta servi\u00e7os integrados e one-stop para clientes p\u00fablicos e privados e agrega maior valor aos projetos.<\/p><p>A filial da POWERCHINA Angola sempre priorizou a import\u00e2ncia da responsabilidade social, que pode ser verificada em diversas pr\u00e1ticas como cumprimento das leis locais, fidelidade aos compromissos, preserva\u00e7\u00e3o dos direitos legais dos funcion\u00e1rios, prote\u00e7\u00e3o ao meio ambiente e apoio a causas sociais.<\/p><p>Ao longo da sua experi\u00eancia de 18 anos neste pa\u00eds, com elevada qualidade e boa execu\u00e7\u00e3o dos projetos, a sucursal de Angola conquistou os elogios e elogios dos clientes e \u00e9 hoje uma das marcas mais conhecidas no mercado angolano de empreitada de engenharia.<\/p><h4>Projetos Rodovi\u00e1rios:<\/h4><p>1. Constru\u00e7\u00e3o da Autoestrada N\u2019zeto\/Soyo no Zaire, Angola;<\/p><h4>Projetos de \u00e1gua:<\/h4><p>2. Constru\u00e7\u00e3o do Sistema de Abastecimento de \u00c1gua Quilonga Grande em Luanda, Angola;<\/p><p>3. Constru\u00e7\u00e3o do Sistema de Abastecimento de \u00c1gua do Huambo no Huambo, Angola;<\/p><p>4. Programa de Combate aos Efeitos da Seca no Sul de Angola-Projeto Cafu, Cunene, Angola\uff1b<\/p><h4>Projetos de Energia:<\/h4><p>5. Projecto de Electrifica\u00e7\u00e3o e Liga\u00e7\u00f5es Dom\u00e9sticas em Luanda, Angola;<\/p><p>6. Constru\u00e7\u00e3o de 5 Centrais T\u00e9rmicas com Capacidade Total de 110 MW em Menongue, Namibe, Lubango e Luanda, Angola;<\/p><h4>Outros projetos:<\/h4><p>7. Constru\u00e7\u00e3o do Est\u00e1dio de Futebol de Benguela, Angola;<\/p><p>8. Constru\u00e7\u00e3o do Est\u00e1dio de Futebol do Lubango, Angola.<\/p>\t\t\t\t\t\t<\/div>\n\t\t\t\t<\/div>\n\t\t\t\t\t<\/div>\n\t\t\t\t<\/div>\n\t\t\t\t<\/div>\n\t\t","protected":false},"excerpt":{"rendered":"<p>Pelo mundo \u00c1frica Oriental e Sul Oeste e Centro da \u00c1frica Oriente M\u00e9dio e Norte da \u00c1frica Eur\u00e1sia \u00c1sia Oceano Pac\u00edfico Am\u00e9ricas Angola Breve apresenta\u00e7\u00e3o da sucursal de Angola da POWERCHINA Desde que entrou no mercado angolano em 2004, a sucursal da POWERCHINA Angola assumiu o compromisso de contribuir para o desenvolvimento de Angola. Com [&hellip;]<\/p>\n","protected":false},"author":3,"featured_media":0,"parent":1809,"menu_order":0,"comment_status":"closed","ping_status":"closed","template":"elementor_header_footer","meta":{"footnotes":""},"_links":{"self":[{"href":"https:\/\/powerchina.com.br\/new\/wp-json\/wp\/v2\/pages\/1563"}],"collection":[{"href":"https:\/\/powerchina.com.br\/new\/wp-json\/wp\/v2\/pages"}],"about":[{"href":"https:\/\/powerchina.com.br\/new\/wp-json\/wp\/v2\/types\/page"}],"author":[{"embeddable":true,"href":"https:\/\/powerchina.com.br\/new\/wp-json\/wp\/v2\/users\/3"}],"replies":[{"embeddable":true,"href":"https:\/\/powerchina.com.br\/new\/wp-json\/wp\/v2\/comments?post=1563"}],"version-history":[{"count":8,"href":"https:\/\/powerchina.com.br\/new\/wp-json\/wp\/v2\/pages\/1563\/revisions"}],"predecessor-version":[{"id":3738,"href":"https:\/\/powerchina.com.br\/new\/wp-json\/wp\/v2\/pages\/1563\/revisions\/3738"}],"up":[{"embeddable":true,"href":"https:\/\/powerchina.com.br\/new\/wp-json\/wp\/v2\/pages\/1809"}],"wp:attachment":[{"href":"https:\/\/powerchina.com.br\/new\/wp-json\/wp\/v2\/media?parent=1563"}],"curies":[{"name":"wp","href":"https:\/\/api.w.org\/{rel}","templated":true}]}}