{"id":1580,"date":"2023-06-27T12:51:48","date_gmt":"2023-06-27T15:51:48","guid":{"rendered":"https:\/\/new.powerchina.com.br\/?page_id=1580"},"modified":"2024-09-23T11:33:15","modified_gmt":"2024-09-23T14:33:15","slug":"zambia","status":"publish","type":"page","link":"https:\/\/powerchina.com.br\/new\/pelo-mundo\/pelo-mundo-1\/zambia\/","title":{"rendered":"Z\u00e2mbia"},"content":{"rendered":"\t\t<div data-elementor-type=\"wp-page\" data-elementor-id=\"1580\" class=\"elementor elementor-1580\" data-elementor-post-type=\"page\">\n\t\t\t\t<div class=\"elementor-element elementor-element-615a3d3 e-flex e-con-boxed e-con e-parent\" data-id=\"615a3d3\" data-element_type=\"container\" data-settings=\"{&quot;background_background&quot;:&quot;classic&quot;}\">\n\t\t\t\t\t<div class=\"e-con-inner\">\n\t\t\t\t<div class=\"elementor-element elementor-element-3b1b453 elementor-widget elementor-widget-heading\" data-id=\"3b1b453\" data-element_type=\"widget\" data-widget_type=\"heading.default\">\n\t\t\t\t<div class=\"elementor-widget-container\">\n\t\t\t<style>\/*! elementor - v3.22.0 - 26-06-2024 *\/\n.elementor-heading-title{padding:0;margin:0;line-height:1}.elementor-widget-heading .elementor-heading-title[class*=elementor-size-]>a{color:inherit;font-size:inherit;line-height:inherit}.elementor-widget-heading .elementor-heading-title.elementor-size-small{font-size:15px}.elementor-widget-heading .elementor-heading-title.elementor-size-medium{font-size:19px}.elementor-widget-heading .elementor-heading-title.elementor-size-large{font-size:29px}.elementor-widget-heading .elementor-heading-title.elementor-size-xl{font-size:39px}.elementor-widget-heading .elementor-heading-title.elementor-size-xxl{font-size:59px}<\/style><h2 class=\"elementor-heading-title elementor-size-default\">Pelo mundo<\/h2>\t\t<\/div>\n\t\t\t\t<\/div>\n\t\t\t\t\t<\/div>\n\t\t\t\t<\/div>\n\t\t<div class=\"elementor-element elementor-element-34b404f e-grid e-con-boxed e-con e-parent\" data-id=\"34b404f\" data-element_type=\"container\" data-settings=\"{&quot;background_background&quot;:&quot;classic&quot;}\">\n\t\t\t\t\t<div class=\"e-con-inner\">\n\t\t<a class=\"elementor-element elementor-element-a7b61dc e-con-full e-flex e-con e-child\" data-id=\"a7b61dc\" data-element_type=\"container\" data-settings=\"{&quot;background_background&quot;:&quot;classic&quot;}\" href=\"https:\/\/powerchina.com.br\/new\/pelo-mundo\/pelo-mundo-1\/\">\n\t\t\t\t<div class=\"elementor-element elementor-element-abe7687 elementor-widget elementor-widget-heading\" data-id=\"abe7687\" data-element_type=\"widget\" data-widget_type=\"heading.default\">\n\t\t\t\t<div class=\"elementor-widget-container\">\n\t\t\t<span class=\"elementor-heading-title elementor-size-default\">\u00c1frica Oriental e Sul<\/span>\t\t<\/div>\n\t\t\t\t<\/div>\n\t\t\t\t<\/a>\n\t\t<a class=\"elementor-element elementor-element-0d13a80 e-con-full e-flex e-con e-child\" data-id=\"0d13a80\" data-element_type=\"container\" data-settings=\"{&quot;background_background&quot;:&quot;classic&quot;}\" href=\"https:\/\/powerchina.com.br\/new\/pelo-mundo\/pelo-mundo-2\/\">\n\t\t\t\t<div class=\"elementor-element elementor-element-4168c7c elementor-widget elementor-widget-heading\" data-id=\"4168c7c\" data-element_type=\"widget\" data-widget_type=\"heading.default\">\n\t\t\t\t<div class=\"elementor-widget-container\">\n\t\t\t<span class=\"elementor-heading-title elementor-size-default\">Oeste e Centro da \u00c1frica<\/span>\t\t<\/div>\n\t\t\t\t<\/div>\n\t\t\t\t<\/a>\n\t\t<a class=\"elementor-element elementor-element-7085267 e-con-full e-flex e-con e-child\" data-id=\"7085267\" data-element_type=\"container\" data-settings=\"{&quot;background_background&quot;:&quot;classic&quot;}\" href=\"https:\/\/powerchina.com.br\/new\/pelo-mundo\/pelo-mundo-3\/\">\n\t\t\t\t<div class=\"elementor-element elementor-element-d52e71c elementor-widget elementor-widget-heading\" data-id=\"d52e71c\" data-element_type=\"widget\" data-widget_type=\"heading.default\">\n\t\t\t\t<div class=\"elementor-widget-container\">\n\t\t\t<span class=\"elementor-heading-title elementor-size-default\">Oriente M\u00e9dio e Norte da \u00c1frica<\/span>\t\t<\/div>\n\t\t\t\t<\/div>\n\t\t\t\t<\/a>\n\t\t<a class=\"elementor-element elementor-element-8125b84 e-con-full e-flex e-con e-child\" data-id=\"8125b84\" data-element_type=\"container\" data-settings=\"{&quot;background_background&quot;:&quot;classic&quot;}\" href=\"https:\/\/powerchina.com.br\/new\/pelo-mundo\/pelo-mundo-4\/\">\n\t\t\t\t<div class=\"elementor-element elementor-element-6049086 elementor-widget elementor-widget-heading\" data-id=\"6049086\" data-element_type=\"widget\" data-widget_type=\"heading.default\">\n\t\t\t\t<div class=\"elementor-widget-container\">\n\t\t\t<span class=\"elementor-heading-title elementor-size-default\">Eur\u00e1sia<\/span>\t\t<\/div>\n\t\t\t\t<\/div>\n\t\t\t\t<\/a>\n\t\t<a class=\"elementor-element elementor-element-b74094a e-con-full e-flex e-con e-child\" data-id=\"b74094a\" data-element_type=\"container\" data-settings=\"{&quot;background_background&quot;:&quot;classic&quot;}\" href=\"https:\/\/powerchina.com.br\/new\/pelo-mundo\/pelo-mundo-5\/\">\n\t\t\t\t<div class=\"elementor-element elementor-element-62e0016 elementor-widget elementor-widget-heading\" data-id=\"62e0016\" data-element_type=\"widget\" data-widget_type=\"heading.default\">\n\t\t\t\t<div class=\"elementor-widget-container\">\n\t\t\t<span class=\"elementor-heading-title elementor-size-default\">\u00c1sia Oceano Pac\u00edfico<\/span>\t\t<\/div>\n\t\t\t\t<\/div>\n\t\t\t\t<\/a>\n\t\t<a class=\"elementor-element elementor-element-bfe85ed e-con-full e-flex e-con e-child\" data-id=\"bfe85ed\" data-element_type=\"container\" data-settings=\"{&quot;background_background&quot;:&quot;classic&quot;}\" href=\"https:\/\/powerchina.com.br\/new\/pelo-mundo\/pelo-mundo-6\/\">\n\t\t\t\t<div class=\"elementor-element elementor-element-c0eb283 elementor-widget elementor-widget-heading\" data-id=\"c0eb283\" data-element_type=\"widget\" data-widget_type=\"heading.default\">\n\t\t\t\t<div class=\"elementor-widget-container\">\n\t\t\t<span class=\"elementor-heading-title elementor-size-default\">Am\u00e9ricas<\/span>\t\t<\/div>\n\t\t\t\t<\/div>\n\t\t\t\t<\/a>\n\t\t\t\t\t<\/div>\n\t\t\t\t<\/div>\n\t\t<div class=\"elementor-element elementor-element-c256f7e e-flex e-con-boxed e-con e-parent\" data-id=\"c256f7e\" data-element_type=\"container\">\n\t\t\t\t\t<div class=\"e-con-inner\">\n\t\t\t\t<div class=\"elementor-element elementor-element-8777d16 elementor-widget elementor-widget-heading\" data-id=\"8777d16\" data-element_type=\"widget\" data-widget_type=\"heading.default\">\n\t\t\t\t<div class=\"elementor-widget-container\">\n\t\t\t<h3 class=\"elementor-heading-title elementor-size-default\">Z\u00e2mbia<\/h3>\t\t<\/div>\n\t\t\t\t<\/div>\n\t\t\t\t<div class=\"elementor-element elementor-element-812ec98 elementor-widget elementor-widget-text-editor\" data-id=\"812ec98\" data-element_type=\"widget\" data-widget_type=\"text-editor.default\">\n\t\t\t\t<div class=\"elementor-widget-container\">\n\t\t\t<style>\/*! elementor - v3.22.0 - 26-06-2024 *\/\n.elementor-widget-text-editor.elementor-drop-cap-view-stacked .elementor-drop-cap{background-color:#69727d;color:#fff}.elementor-widget-text-editor.elementor-drop-cap-view-framed .elementor-drop-cap{color:#69727d;border:3px solid;background-color:transparent}.elementor-widget-text-editor:not(.elementor-drop-cap-view-default) .elementor-drop-cap{margin-top:8px}.elementor-widget-text-editor:not(.elementor-drop-cap-view-default) .elementor-drop-cap-letter{width:1em;height:1em}.elementor-widget-text-editor .elementor-drop-cap{float:left;text-align:center;line-height:1;font-size:50px}.elementor-widget-text-editor .elementor-drop-cap-letter{display:inline-block}<\/style>\t\t\t\t<p>PowerChina International Group Ltd. (doravante referido como POWERCHINA), um empreiteiro e desenvolvedor internacional l\u00edder mundial, entrou no mercado da Z\u00e2mbia por 22 anos desde 1999 por meio de sua submarca profissional, SINOHYDRO &amp; SEPCO.<\/p><p>Com a vis\u00e3o de fornecer servi\u00e7os de energia abrangentes para a na\u00e7\u00e3o, a POWERCHINA implementou com sucesso v\u00e1rios projetos not\u00e1veis, como o Projeto de Extens\u00e3o do Banco Norte de Kariba, a Usina Hidrel\u00e9trica Itezhi Tezhi e a Usina Termel\u00e9trica Maamba. Actualmente, estamos a implementar v\u00e1rios projectos, incluindo os projectos rodovi\u00e1rios como a Estrada de 45 km de Kitwe para Chingola, Estrada de Nchelenge para Chiengi, o pacote OPRC 1 e 7 no \u00e2mbito da RDA, o Programa de Saneamento de Lusaka sob Infraestrutura de Esgotos apoiado por AfDB, Kafue Gorge Lower Hydropower com Projeto de Linha de Transmiss\u00e3o de Evacua\u00e7\u00e3o, que serve como o projeto chave da Coopera\u00e7\u00e3o de Infraestrutura Z\u00e2mbia-China e \u00e9 importante para ambos os pa\u00edses.<\/p><p>A POWERCHINA tamb\u00e9m deixa suas marcas nas \u00e1reas de energia renov\u00e1vel, energia e\u00f3lica e energia solar.<\/p><p>Devido \u00e0 pandemia do COVID-19, a Z\u00e2mbia passou por muita coisa e a POWERCHINA est\u00e1 bem preparada para ajudar o povo zambiano a voltar \u00e0 sua vida normal. A POWERCHINA ser\u00e1 e sempre ser\u00e1 a primeira fabricante de solu\u00e7\u00f5es de energia da Z\u00e2mbia e far\u00e1 todos os seus esfor\u00e7os para construir um futuro sustent\u00e1vel na Z\u00e2mbia.<\/p><h4>Projetos Rodovi\u00e1rios<\/h4><p>1. Contratos rodovi\u00e1rios baseados em resultados e desempenho (OPRC e contratos de gerenciamento de ativos) para projetos, reabilita\u00e7\u00e3o, melhoria, rotina e trabalhos de manuten\u00e7\u00e3o peri\u00f3dica do Pacote 1 Prov\u00edncia Central (Distrito de Mkushi)<\/p><h4>Projetos hidrel\u00e9tricos<\/h4><p>2. Contrato para projetar e construir a Esta\u00e7\u00e3o Hidrel\u00e9trica Kariba North Bank Extension de 2 \u00d7 180 MW<\/p><p>3. A engenharia, fornecimento, constru\u00e7\u00e3o e instala\u00e7\u00e3o da usina e equipamentos sob o Contrato da Turquia para o desenvolvimento do Projeto Hidrel\u00e9trico Itezhi Tezhi de 120 MW (2 x 60 MW)<\/p><p>4. O desenvolvimento do Projeto Hidrel\u00e9trico Itezhi Tezhi de 120 MW (2 x 60 MW)<\/p><p>5. A engenharia, aquisi\u00e7\u00e3o, constru\u00e7\u00e3o, entrega, instala\u00e7\u00e3o e comissionamento do Projeto de Hidrel\u00e9trica Baixa Kafue Gorge de 750 MW (5 x 150 MW) no distrito de Chikankata<\/p><p>6. Contrato n\u00famero zesco\/062\/2016 para engenharia, aquisi\u00e7\u00e3o e constru\u00e7\u00e3o (EPC) mais financiamento para a constru\u00e7\u00e3o de Tr\u00eas (03) Linhas de Transmiss\u00e3o de 330 Kv e instala\u00e7\u00f5es associadas<\/p><p>7. Projeto de Expans\u00e3o Solar Ribeirinha<\/p><p>8. Reabilita\u00e7\u00e3o, melhoramento e expans\u00e3o da infra-estrutura de esgotos no \u00e2mbito da componente BAD do Pacote de Contrato-Programa de Saneamento de Lusaka<\/p>\t\t\t\t\t\t<\/div>\n\t\t\t\t<\/div>\n\t\t\t\t\t<\/div>\n\t\t\t\t<\/div>\n\t\t\t\t<\/div>\n\t\t","protected":false},"excerpt":{"rendered":"<p>Pelo mundo \u00c1frica Oriental e Sul Oeste e Centro da \u00c1frica Oriente M\u00e9dio e Norte da \u00c1frica Eur\u00e1sia \u00c1sia Oceano Pac\u00edfico Am\u00e9ricas Z\u00e2mbia PowerChina International Group Ltd. (doravante referido como POWERCHINA), um empreiteiro e desenvolvedor internacional l\u00edder mundial, entrou no mercado da Z\u00e2mbia por 22 anos desde 1999 por meio de sua submarca profissional, SINOHYDRO [&hellip;]<\/p>\n","protected":false},"author":3,"featured_media":0,"parent":1809,"menu_order":0,"comment_status":"closed","ping_status":"closed","template":"elementor_header_footer","meta":{"footnotes":""},"_links":{"self":[{"href":"https:\/\/powerchina.com.br\/new\/wp-json\/wp\/v2\/pages\/1580"}],"collection":[{"href":"https:\/\/powerchina.com.br\/new\/wp-json\/wp\/v2\/pages"}],"about":[{"href":"https:\/\/powerchina.com.br\/new\/wp-json\/wp\/v2\/types\/page"}],"author":[{"embeddable":true,"href":"https:\/\/powerchina.com.br\/new\/wp-json\/wp\/v2\/users\/3"}],"replies":[{"embeddable":true,"href":"https:\/\/powerchina.com.br\/new\/wp-json\/wp\/v2\/comments?post=1580"}],"version-history":[{"count":11,"href":"https:\/\/powerchina.com.br\/new\/wp-json\/wp\/v2\/pages\/1580\/revisions"}],"predecessor-version":[{"id":3746,"href":"https:\/\/powerchina.com.br\/new\/wp-json\/wp\/v2\/pages\/1580\/revisions\/3746"}],"up":[{"embeddable":true,"href":"https:\/\/powerchina.com.br\/new\/wp-json\/wp\/v2\/pages\/1809"}],"wp:attachment":[{"href":"https:\/\/powerchina.com.br\/new\/wp-json\/wp\/v2\/media?parent=1580"}],"curies":[{"name":"wp","href":"https:\/\/api.w.org\/{rel}","templated":true}]}}