{"id":1590,"date":"2023-06-27T15:56:30","date_gmt":"2023-06-27T18:56:30","guid":{"rendered":"https:\/\/new.powerchina.com.br\/?page_id=1590"},"modified":"2024-09-23T11:39:50","modified_gmt":"2024-09-23T14:39:50","slug":"costa-do-marfim","status":"publish","type":"page","link":"https:\/\/powerchina.com.br\/new\/pelo-mundo\/pelo-mundo-2\/costa-do-marfim\/","title":{"rendered":"Costa do Marfim"},"content":{"rendered":"\t\t<div data-elementor-type=\"wp-page\" data-elementor-id=\"1590\" class=\"elementor elementor-1590\" data-elementor-post-type=\"page\">\n\t\t\t\t<div class=\"elementor-element elementor-element-d0040fc e-flex e-con-boxed e-con e-parent\" data-id=\"d0040fc\" data-element_type=\"container\" data-settings=\"{&quot;background_background&quot;:&quot;classic&quot;}\">\n\t\t\t\t\t<div class=\"e-con-inner\">\n\t\t\t\t<div class=\"elementor-element elementor-element-4a8b171 elementor-widget elementor-widget-heading\" data-id=\"4a8b171\" data-element_type=\"widget\" data-widget_type=\"heading.default\">\n\t\t\t\t<div class=\"elementor-widget-container\">\n\t\t\t<style>\/*! elementor - v3.22.0 - 26-06-2024 *\/\n.elementor-heading-title{padding:0;margin:0;line-height:1}.elementor-widget-heading .elementor-heading-title[class*=elementor-size-]>a{color:inherit;font-size:inherit;line-height:inherit}.elementor-widget-heading .elementor-heading-title.elementor-size-small{font-size:15px}.elementor-widget-heading .elementor-heading-title.elementor-size-medium{font-size:19px}.elementor-widget-heading .elementor-heading-title.elementor-size-large{font-size:29px}.elementor-widget-heading .elementor-heading-title.elementor-size-xl{font-size:39px}.elementor-widget-heading .elementor-heading-title.elementor-size-xxl{font-size:59px}<\/style><h2 class=\"elementor-heading-title elementor-size-default\">Pelo mundo<\/h2>\t\t<\/div>\n\t\t\t\t<\/div>\n\t\t\t\t\t<\/div>\n\t\t\t\t<\/div>\n\t\t<div class=\"elementor-element elementor-element-809a15f e-grid e-con-boxed e-con e-parent\" data-id=\"809a15f\" data-element_type=\"container\" data-settings=\"{&quot;background_background&quot;:&quot;classic&quot;}\">\n\t\t\t\t\t<div class=\"e-con-inner\">\n\t\t<a class=\"elementor-element elementor-element-989b045 e-con-full e-flex e-con e-child\" data-id=\"989b045\" data-element_type=\"container\" data-settings=\"{&quot;background_background&quot;:&quot;classic&quot;}\" href=\"https:\/\/powerchina.com.br\/new\/pelo-mundo\/pelo-mundo-1\/\">\n\t\t\t\t<div class=\"elementor-element elementor-element-fb812bc elementor-widget elementor-widget-heading\" data-id=\"fb812bc\" data-element_type=\"widget\" data-widget_type=\"heading.default\">\n\t\t\t\t<div class=\"elementor-widget-container\">\n\t\t\t<span class=\"elementor-heading-title elementor-size-default\">\u00c1frica Oriental e Sul<\/span>\t\t<\/div>\n\t\t\t\t<\/div>\n\t\t\t\t<\/a>\n\t\t<a class=\"elementor-element elementor-element-3c730cb e-con-full e-flex e-con e-child\" data-id=\"3c730cb\" data-element_type=\"container\" data-settings=\"{&quot;background_background&quot;:&quot;classic&quot;}\" href=\"https:\/\/powerchina.com.br\/new\/pelo-mundo\/pelo-mundo-2\/\">\n\t\t\t\t<div class=\"elementor-element elementor-element-db33223 elementor-widget elementor-widget-heading\" data-id=\"db33223\" data-element_type=\"widget\" data-widget_type=\"heading.default\">\n\t\t\t\t<div class=\"elementor-widget-container\">\n\t\t\t<span class=\"elementor-heading-title elementor-size-default\">Oeste e Centro da \u00c1frica<\/span>\t\t<\/div>\n\t\t\t\t<\/div>\n\t\t\t\t<\/a>\n\t\t<a class=\"elementor-element elementor-element-6ee4c91 e-con-full e-flex e-con e-child\" data-id=\"6ee4c91\" data-element_type=\"container\" data-settings=\"{&quot;background_background&quot;:&quot;classic&quot;}\" href=\"https:\/\/powerchina.com.br\/new\/pelo-mundo\/pelo-mundo-3\/\">\n\t\t\t\t<div class=\"elementor-element elementor-element-c6bbace elementor-widget elementor-widget-heading\" data-id=\"c6bbace\" data-element_type=\"widget\" data-widget_type=\"heading.default\">\n\t\t\t\t<div class=\"elementor-widget-container\">\n\t\t\t<span class=\"elementor-heading-title elementor-size-default\">Oriente M\u00e9dio e Norte da \u00c1frica<\/span>\t\t<\/div>\n\t\t\t\t<\/div>\n\t\t\t\t<\/a>\n\t\t<a class=\"elementor-element elementor-element-784477a e-con-full e-flex e-con e-child\" data-id=\"784477a\" data-element_type=\"container\" data-settings=\"{&quot;background_background&quot;:&quot;classic&quot;}\" href=\"https:\/\/powerchina.com.br\/new\/pelo-mundo\/pelo-mundo-4\/\">\n\t\t\t\t<div class=\"elementor-element elementor-element-8b24d86 elementor-widget elementor-widget-heading\" data-id=\"8b24d86\" data-element_type=\"widget\" data-widget_type=\"heading.default\">\n\t\t\t\t<div class=\"elementor-widget-container\">\n\t\t\t<span class=\"elementor-heading-title elementor-size-default\">Eur\u00e1sia<\/span>\t\t<\/div>\n\t\t\t\t<\/div>\n\t\t\t\t<\/a>\n\t\t<a class=\"elementor-element elementor-element-7e82011 e-con-full e-flex e-con e-child\" data-id=\"7e82011\" data-element_type=\"container\" data-settings=\"{&quot;background_background&quot;:&quot;classic&quot;}\" href=\"https:\/\/powerchina.com.br\/new\/pelo-mundo\/pelo-mundo-5\/\">\n\t\t\t\t<div class=\"elementor-element elementor-element-2d2487b elementor-widget elementor-widget-heading\" data-id=\"2d2487b\" data-element_type=\"widget\" data-widget_type=\"heading.default\">\n\t\t\t\t<div class=\"elementor-widget-container\">\n\t\t\t<span class=\"elementor-heading-title elementor-size-default\">\u00c1sia Oceano Pac\u00edfico<\/span>\t\t<\/div>\n\t\t\t\t<\/div>\n\t\t\t\t<\/a>\n\t\t<a class=\"elementor-element elementor-element-6d86507 e-con-full e-flex e-con e-child\" data-id=\"6d86507\" data-element_type=\"container\" data-settings=\"{&quot;background_background&quot;:&quot;classic&quot;}\" href=\"https:\/\/powerchina.com.br\/new\/pelo-mundo\/pelo-mundo-6\/\">\n\t\t\t\t<div class=\"elementor-element elementor-element-eeb9475 elementor-widget elementor-widget-heading\" data-id=\"eeb9475\" data-element_type=\"widget\" data-widget_type=\"heading.default\">\n\t\t\t\t<div class=\"elementor-widget-container\">\n\t\t\t<span class=\"elementor-heading-title elementor-size-default\">Am\u00e9ricas<\/span>\t\t<\/div>\n\t\t\t\t<\/div>\n\t\t\t\t<\/a>\n\t\t\t\t\t<\/div>\n\t\t\t\t<\/div>\n\t\t<div class=\"elementor-element elementor-element-aa99b92 e-flex e-con-boxed e-con e-parent\" data-id=\"aa99b92\" data-element_type=\"container\">\n\t\t\t\t\t<div class=\"e-con-inner\">\n\t\t\t\t<div class=\"elementor-element elementor-element-ae0867a elementor-widget elementor-widget-heading\" data-id=\"ae0867a\" data-element_type=\"widget\" data-widget_type=\"heading.default\">\n\t\t\t\t<div class=\"elementor-widget-container\">\n\t\t\t<h3 class=\"elementor-heading-title elementor-size-default\">Costa do Marfim<\/h3>\t\t<\/div>\n\t\t\t\t<\/div>\n\t\t\t\t<div class=\"elementor-element elementor-element-33686a6 elementor-widget elementor-widget-text-editor\" data-id=\"33686a6\" data-element_type=\"widget\" data-widget_type=\"text-editor.default\">\n\t\t\t\t<div class=\"elementor-widget-container\">\n\t\t\t<style>\/*! elementor - v3.22.0 - 26-06-2024 *\/\n.elementor-widget-text-editor.elementor-drop-cap-view-stacked .elementor-drop-cap{background-color:#69727d;color:#fff}.elementor-widget-text-editor.elementor-drop-cap-view-framed .elementor-drop-cap{color:#69727d;border:3px solid;background-color:transparent}.elementor-widget-text-editor:not(.elementor-drop-cap-view-default) .elementor-drop-cap{margin-top:8px}.elementor-widget-text-editor:not(.elementor-drop-cap-view-default) .elementor-drop-cap-letter{width:1em;height:1em}.elementor-widget-text-editor .elementor-drop-cap{float:left;text-align:center;line-height:1;font-size:50px}.elementor-widget-text-editor .elementor-drop-cap-letter{display:inline-block}<\/style>\t\t\t\t<h4>Introdu\u00e7\u00e3o:<\/h4><p>Costa do Marfim, tamb\u00e9m conhecida como C\u00f4te d\u2019Ivoire, oficialmente a Rep\u00fablica da C\u00f4te d\u2019Ivoire, \u00e9 um pa\u00eds na costa sul da \u00c1frica Ocidental. Sua capital pol\u00edtica \u00e9 Yamoussoukro, no centro do pa\u00eds; enquanto sua maior cidade e centro econ\u00f4mico \u00e9 a cidade portu\u00e1ria de Abidjan. Faz fronteira com a Guin\u00e9 a noroeste, a Lib\u00e9ria a oeste, Mali a noroeste, Burkina Faso a nordeste, Gana a leste e o Golfo da Guin\u00e9 (Oceano Atl\u00e2ntico) a sul. Sua l\u00edngua oficial \u00e9 o franc\u00eas. O pa\u00eds tem uma popula\u00e7\u00e3o religiosamente diversa, incluindo numerosos seguidores do cristianismo, islamismo e religi\u00f5es ind\u00edgenas.<\/p><p>A POWERCHINA iniciou seus neg\u00f3cios na C\u00f4te d\u2019Ivoire em 2008 e atualmente possui 6 subsidi\u00e1rias na C\u00f4te d\u2019Ivoire, com 272 funcion\u00e1rios chineses e 889 funcion\u00e1rios locais.<\/p><p>Desde 2008, a POWERCHINA participa ativamente da constru\u00e7\u00e3o de energia e infraestrutura local. Ao mesmo tempo, com base nas condi\u00e7\u00f5es locais e nas exig\u00eancias dos departamentos governamentais e propriet\u00e1rios privados, a POWERCHINA aproveitou ao m\u00e1ximo suas vantagens profissionais e continuou a expandir seu escopo de neg\u00f3cios. At\u00e9 agora, a POWERCHINA concluiu 1 projeto, com um valor de contrato de cerca de US$ 572 milh\u00f5es; 5 projetos em constru\u00e7\u00e3o, com um valor de contrato de cerca de US$ 420 milh\u00f5es.<\/p><p>Endere\u00e7o: R\u00e9sidences Vend\u00f4mes, Rivi\u00e9ra IV, Cocody, Abidjan<\/p><p>E-mail: zhengxiang@powerchina-intl.com<\/p><h4>Principais projetos:<\/h4><p>Usina hidrel\u00e9trica<\/p><p>Projeto da Usina Hidrel\u00e9trica de Soubre<\/p><p><img fetchpriority=\"high\" decoding=\"async\" class=\"wp-image-1592 size-full aligncenter\" src=\"https:\/\/powerchina.com.br\/new\/wp-content\/uploads\/2023\/06\/1667526497525087982.png\" alt=\"\" width=\"800\" height=\"449\" srcset=\"https:\/\/powerchina.com.br\/new\/wp-content\/uploads\/2023\/06\/1667526497525087982.png 800w, https:\/\/powerchina.com.br\/new\/wp-content\/uploads\/2023\/06\/1667526497525087982-300x168.png 300w, https:\/\/powerchina.com.br\/new\/wp-content\/uploads\/2023\/06\/1667526497525087982-768x431.png 768w\" sizes=\"(max-width: 800px) 100vw, 800px\" \/><\/p><p>A Central Hidrel\u00e9trica de Soubre est\u00e1 localizada a sudoeste da C\u00f4te d\u2019Ivoire, que \u00e9 o projeto central da Estrat\u00e9gia Nacional de Balan\u00e7o Energ\u00e9tico da C\u00f4te d\u2019Ivoire. \u00c9 o \u201cProjeto das Tr\u00eas Gargantas\u201d da Costa do Marfim, cujo modelo de opera\u00e7\u00e3o serve como um insubstitu\u00edvel efeito de \u201cfarol\u201d na \u00c1frica Ocidental. A central est\u00e1 instalada com 3 unidades de turbina Francis de 90 MW e 1 unidade de turbina bulbo miniatura de 5 MW, com uma capacidade total instalada de 275 MW, e a capacidade do seu reservat\u00f3rio \u00e9 de 83 milh\u00f5es de metros c\u00fabicos. O projeto poderia gerar eletricidade de 1.190 GWh por ano. O projeto multiuso consiste na casa de for\u00e7a, vertedouro e barragem de aterro de 4,5 quil\u00f4metros, etc; seu projeto de transmiss\u00e3o e transforma\u00e7\u00e3o inclui linhas de 380 quil\u00f4metros e a moderniza\u00e7\u00e3o e reconstru\u00e7\u00e3o da subesta\u00e7\u00e3o transformadora de acoplamento.<\/p><p>O projeto foi conclu\u00eddo em 12 de maio de 2018 e sua primeira unidade foi colocada em produ\u00e7\u00e3o e gerou eletricidade em 25 de maio de 2017, oito meses antes da data prevista de conclus\u00e3o. No mesmo ano, a segunda e a terceira unidades foram conclu\u00eddas, seis meses antes da data prevista de conclus\u00e3o, o que estabelece um novo recorde na \u00e1rea de constru\u00e7\u00e3o de hidrel\u00e9tricas em todo o mundo. Pela sua destacada contribui\u00e7\u00e3o para a C\u00f4te d\u2019Ivoire, o projeto ganhou o certificado honor\u00e1rio do Best Project Award na \u00e1rea de energia da C\u00f4te d\u2019Ivoire em 2018, o China-C\u00f4te d\u2019Ivoire Cooperation Development Award concedido pela Embaixada da China em C\u00f4te d\u2019Ivoire por tr\u00eas vezes em 2015, 2017 e 2019, e ganhou o Pr\u00eamio de Projeto de Alta Qualidade POWERCHINA e o Pr\u00eamio Luban de Engenharia de Constru\u00e7\u00e3o da China (Projeto no Exterior) em 2019.<\/p>\t\t\t\t\t\t<\/div>\n\t\t\t\t<\/div>\n\t\t\t\t\t<\/div>\n\t\t\t\t<\/div>\n\t\t\t\t<\/div>\n\t\t","protected":false},"excerpt":{"rendered":"<p>Pelo mundo \u00c1frica Oriental e Sul Oeste e Centro da \u00c1frica Oriente M\u00e9dio e Norte da \u00c1frica Eur\u00e1sia \u00c1sia Oceano Pac\u00edfico Am\u00e9ricas Costa do Marfim Introdu\u00e7\u00e3o: Costa do Marfim, tamb\u00e9m conhecida como C\u00f4te d\u2019Ivoire, oficialmente a Rep\u00fablica da C\u00f4te d\u2019Ivoire, \u00e9 um pa\u00eds na costa sul da \u00c1frica Ocidental. Sua capital pol\u00edtica \u00e9 Yamoussoukro, no [&hellip;]<\/p>\n","protected":false},"author":3,"featured_media":0,"parent":1821,"menu_order":0,"comment_status":"closed","ping_status":"closed","template":"elementor_header_footer","meta":{"footnotes":""},"_links":{"self":[{"href":"https:\/\/powerchina.com.br\/new\/wp-json\/wp\/v2\/pages\/1590"}],"collection":[{"href":"https:\/\/powerchina.com.br\/new\/wp-json\/wp\/v2\/pages"}],"about":[{"href":"https:\/\/powerchina.com.br\/new\/wp-json\/wp\/v2\/types\/page"}],"author":[{"embeddable":true,"href":"https:\/\/powerchina.com.br\/new\/wp-json\/wp\/v2\/users\/3"}],"replies":[{"embeddable":true,"href":"https:\/\/powerchina.com.br\/new\/wp-json\/wp\/v2\/comments?post=1590"}],"version-history":[{"count":11,"href":"https:\/\/powerchina.com.br\/new\/wp-json\/wp\/v2\/pages\/1590\/revisions"}],"predecessor-version":[{"id":3753,"href":"https:\/\/powerchina.com.br\/new\/wp-json\/wp\/v2\/pages\/1590\/revisions\/3753"}],"up":[{"embeddable":true,"href":"https:\/\/powerchina.com.br\/new\/wp-json\/wp\/v2\/pages\/1821"}],"wp:attachment":[{"href":"https:\/\/powerchina.com.br\/new\/wp-json\/wp\/v2\/media?parent=1590"}],"curies":[{"name":"wp","href":"https:\/\/api.w.org\/{rel}","templated":true}]}}