{"id":1597,"date":"2023-06-27T16:06:41","date_gmt":"2023-06-27T19:06:41","guid":{"rendered":"https:\/\/new.powerchina.com.br\/?page_id=1597"},"modified":"2024-09-23T11:43:50","modified_gmt":"2024-09-23T14:43:50","slug":"nigeria","status":"publish","type":"page","link":"https:\/\/powerchina.com.br\/new\/pelo-mundo\/pelo-mundo-2\/nigeria\/","title":{"rendered":"Nig\u00e9ria"},"content":{"rendered":"\t\t<div data-elementor-type=\"wp-page\" data-elementor-id=\"1597\" class=\"elementor elementor-1597\" data-elementor-post-type=\"page\">\n\t\t\t\t<div class=\"elementor-element elementor-element-679c4d0 e-flex e-con-boxed e-con e-parent\" data-id=\"679c4d0\" data-element_type=\"container\" data-settings=\"{&quot;background_background&quot;:&quot;classic&quot;}\">\n\t\t\t\t\t<div class=\"e-con-inner\">\n\t\t\t\t<div class=\"elementor-element elementor-element-978d6ca elementor-widget elementor-widget-heading\" data-id=\"978d6ca\" data-element_type=\"widget\" data-widget_type=\"heading.default\">\n\t\t\t\t<div class=\"elementor-widget-container\">\n\t\t\t<style>\/*! elementor - v3.22.0 - 26-06-2024 *\/\n.elementor-heading-title{padding:0;margin:0;line-height:1}.elementor-widget-heading .elementor-heading-title[class*=elementor-size-]>a{color:inherit;font-size:inherit;line-height:inherit}.elementor-widget-heading .elementor-heading-title.elementor-size-small{font-size:15px}.elementor-widget-heading .elementor-heading-title.elementor-size-medium{font-size:19px}.elementor-widget-heading .elementor-heading-title.elementor-size-large{font-size:29px}.elementor-widget-heading .elementor-heading-title.elementor-size-xl{font-size:39px}.elementor-widget-heading .elementor-heading-title.elementor-size-xxl{font-size:59px}<\/style><h2 class=\"elementor-heading-title elementor-size-default\">Pelo mundo<\/h2>\t\t<\/div>\n\t\t\t\t<\/div>\n\t\t\t\t\t<\/div>\n\t\t\t\t<\/div>\n\t\t<div class=\"elementor-element elementor-element-69f44f2 e-grid e-con-boxed e-con e-parent\" data-id=\"69f44f2\" data-element_type=\"container\" data-settings=\"{&quot;background_background&quot;:&quot;classic&quot;}\">\n\t\t\t\t\t<div class=\"e-con-inner\">\n\t\t<a class=\"elementor-element elementor-element-9902ed3 e-con-full e-flex e-con e-child\" data-id=\"9902ed3\" data-element_type=\"container\" data-settings=\"{&quot;background_background&quot;:&quot;classic&quot;}\" href=\"https:\/\/powerchina.com.br\/new\/pelo-mundo\/pelo-mundo-1\/\">\n\t\t\t\t<div class=\"elementor-element elementor-element-527aa94 elementor-widget elementor-widget-heading\" data-id=\"527aa94\" data-element_type=\"widget\" data-widget_type=\"heading.default\">\n\t\t\t\t<div class=\"elementor-widget-container\">\n\t\t\t<span class=\"elementor-heading-title elementor-size-default\">\u00c1frica Oriental e Sul<\/span>\t\t<\/div>\n\t\t\t\t<\/div>\n\t\t\t\t<\/a>\n\t\t<a class=\"elementor-element elementor-element-5a4e0d2 e-con-full e-flex e-con e-child\" data-id=\"5a4e0d2\" data-element_type=\"container\" data-settings=\"{&quot;background_background&quot;:&quot;classic&quot;}\" href=\"https:\/\/powerchina.com.br\/new\/pelo-mundo\/pelo-mundo-2\/\">\n\t\t\t\t<div class=\"elementor-element elementor-element-64c0e4d elementor-widget elementor-widget-heading\" data-id=\"64c0e4d\" data-element_type=\"widget\" data-widget_type=\"heading.default\">\n\t\t\t\t<div class=\"elementor-widget-container\">\n\t\t\t<span class=\"elementor-heading-title elementor-size-default\">Oeste e Centro da \u00c1frica<\/span>\t\t<\/div>\n\t\t\t\t<\/div>\n\t\t\t\t<\/a>\n\t\t<a class=\"elementor-element elementor-element-be526b0 e-con-full e-flex e-con e-child\" data-id=\"be526b0\" data-element_type=\"container\" data-settings=\"{&quot;background_background&quot;:&quot;classic&quot;}\" href=\"https:\/\/powerchina.com.br\/new\/pelo-mundo\/pelo-mundo-3\/\">\n\t\t\t\t<div class=\"elementor-element elementor-element-6849196 elementor-widget elementor-widget-heading\" data-id=\"6849196\" data-element_type=\"widget\" data-widget_type=\"heading.default\">\n\t\t\t\t<div class=\"elementor-widget-container\">\n\t\t\t<span class=\"elementor-heading-title elementor-size-default\">Oriente M\u00e9dio e Norte da \u00c1frica<\/span>\t\t<\/div>\n\t\t\t\t<\/div>\n\t\t\t\t<\/a>\n\t\t<a class=\"elementor-element elementor-element-b43480c e-con-full e-flex e-con e-child\" data-id=\"b43480c\" data-element_type=\"container\" data-settings=\"{&quot;background_background&quot;:&quot;classic&quot;}\" href=\"https:\/\/powerchina.com.br\/new\/pelo-mundo\/pelo-mundo-4\/\">\n\t\t\t\t<div class=\"elementor-element elementor-element-7c96e94 elementor-widget elementor-widget-heading\" data-id=\"7c96e94\" data-element_type=\"widget\" data-widget_type=\"heading.default\">\n\t\t\t\t<div class=\"elementor-widget-container\">\n\t\t\t<span class=\"elementor-heading-title elementor-size-default\">Eur\u00e1sia<\/span>\t\t<\/div>\n\t\t\t\t<\/div>\n\t\t\t\t<\/a>\n\t\t<a class=\"elementor-element elementor-element-6e23e54 e-con-full e-flex e-con e-child\" data-id=\"6e23e54\" data-element_type=\"container\" data-settings=\"{&quot;background_background&quot;:&quot;classic&quot;}\" href=\"https:\/\/powerchina.com.br\/new\/pelo-mundo\/pelo-mundo-5\/\">\n\t\t\t\t<div class=\"elementor-element elementor-element-61cc5ce elementor-widget elementor-widget-heading\" data-id=\"61cc5ce\" data-element_type=\"widget\" data-widget_type=\"heading.default\">\n\t\t\t\t<div class=\"elementor-widget-container\">\n\t\t\t<span class=\"elementor-heading-title elementor-size-default\">\u00c1sia Oceano Pac\u00edfico<\/span>\t\t<\/div>\n\t\t\t\t<\/div>\n\t\t\t\t<\/a>\n\t\t<a class=\"elementor-element elementor-element-fec695e e-con-full e-flex e-con e-child\" data-id=\"fec695e\" data-element_type=\"container\" data-settings=\"{&quot;background_background&quot;:&quot;classic&quot;}\" href=\"https:\/\/powerchina.com.br\/new\/pelo-mundo\/pelo-mundo-6\/\">\n\t\t\t\t<div class=\"elementor-element elementor-element-52d4499 elementor-widget elementor-widget-heading\" data-id=\"52d4499\" data-element_type=\"widget\" data-widget_type=\"heading.default\">\n\t\t\t\t<div class=\"elementor-widget-container\">\n\t\t\t<span class=\"elementor-heading-title elementor-size-default\">Am\u00e9ricas<\/span>\t\t<\/div>\n\t\t\t\t<\/div>\n\t\t\t\t<\/a>\n\t\t\t\t\t<\/div>\n\t\t\t\t<\/div>\n\t\t<div class=\"elementor-element elementor-element-1b59091 e-flex e-con-boxed e-con e-parent\" data-id=\"1b59091\" data-element_type=\"container\">\n\t\t\t\t\t<div class=\"e-con-inner\">\n\t\t\t\t<div class=\"elementor-element elementor-element-353a15d elementor-widget elementor-widget-heading\" data-id=\"353a15d\" data-element_type=\"widget\" data-widget_type=\"heading.default\">\n\t\t\t\t<div class=\"elementor-widget-container\">\n\t\t\t<h3 class=\"elementor-heading-title elementor-size-default\">Nig\u00e9ria<\/h3>\t\t<\/div>\n\t\t\t\t<\/div>\n\t\t\t\t<div class=\"elementor-element elementor-element-b6f14d3 elementor-widget elementor-widget-text-editor\" data-id=\"b6f14d3\" data-element_type=\"widget\" data-widget_type=\"text-editor.default\">\n\t\t\t\t<div class=\"elementor-widget-container\">\n\t\t\t<style>\/*! elementor - v3.22.0 - 26-06-2024 *\/\n.elementor-widget-text-editor.elementor-drop-cap-view-stacked .elementor-drop-cap{background-color:#69727d;color:#fff}.elementor-widget-text-editor.elementor-drop-cap-view-framed .elementor-drop-cap{color:#69727d;border:3px solid;background-color:transparent}.elementor-widget-text-editor:not(.elementor-drop-cap-view-default) .elementor-drop-cap{margin-top:8px}.elementor-widget-text-editor:not(.elementor-drop-cap-view-default) .elementor-drop-cap-letter{width:1em;height:1em}.elementor-widget-text-editor .elementor-drop-cap{float:left;text-align:center;line-height:1;font-size:50px}.elementor-widget-text-editor .elementor-drop-cap-letter{display:inline-block}<\/style>\t\t\t\t<h4>Introdu\u00e7\u00e3o:<\/h4><p>POWERCHINA na Nig\u00e9ria<\/p><p>A primeira presen\u00e7a da POWERCHINA na Nig\u00e9ria remonta a 2002, quando sua subsidi\u00e1ria SEPCOIII iniciou seu primeiro projeto, uma Usina de Turbina a G\u00e1s de 335 MW, na Nig\u00e9ria, Papalanto. Desde ent\u00e3o, mais e mais subsidi\u00e1rias da POWERCHINA expandiram seus neg\u00f3cios para a Nig\u00e9ria.<\/p><p>Nas \u00faltimas duas d\u00e9cadas, a POWERCHINA demonstrou sua forte capacidade na constru\u00e7\u00e3o de infraestrutura, especialmente no setor de energia, por meio da entrega bem-sucedida de uma s\u00e9rie de projetos.<\/p><p>No setor de energia, a POWERCHINA concluiu a Fase I e II da Usina Hidrel\u00e9trica de Olorunsogo, a Reabilita\u00e7\u00e3o da Usina Hidrel\u00e9trica de Kainji (1G5, 1G6 e 1G12), a Reabilita\u00e7\u00e3o da Usina Hidrel\u00e9trica Dadin Kowa como a \u00fanica empreiteira EPC; desempenhamos o papel de subcontratante chave na Usina El\u00e9trica a G\u00e1s de Omotosho; em breve entregaremos a Usina Hidrel\u00e9trica de Zungeru de 700 MW como principal empreiteira; e recentemente, iniciamos a Reabilita\u00e7\u00e3o e Amplia\u00e7\u00e3o da Usina Hidrel\u00e9trica de Kainji (1G3, 1G4 e 1G9) para dar \u00e0 usina uma capacidade extra de gera\u00e7\u00e3o de 305 MW.<\/p><p>Em outros setores, a POWERCHINA concluiu a constru\u00e7\u00e3o da estrada de 10,5 km na Zona Franca de Ogun. Atualmente, estamos executando a Reabilita\u00e7\u00e3o e Expans\u00e3o das Barragens do Esquema de Irriga\u00e7\u00e3o do Rio Kano no Estado de Kano e a Reabilita\u00e7\u00e3o e Expans\u00e3o das Barragens no Estado de Sokoto sob o Projeto de Transforma\u00e7\u00e3o da Gest\u00e3o de Irriga\u00e7\u00e3o na Nig\u00e9ria (TRIMMING).<\/p><p>Al\u00e9m dos projetos mencionados acima, a POWERCHINA realizou pesquisas e an\u00e1lises aprofundadas sobre potenciais recursos de energia fotovoltaica, hidrel\u00e9trica e t\u00e9rmica na Nig\u00e9ria e tamb\u00e9m est\u00e1 explorando v\u00e1rias abordagens para promover o desenvolvimento desses projetos.<\/p><p>Endere\u00e7o: N\u00ba 23 John I. Kadiya C1, Asokoro, Abuja<\/p><p>E-mail: tianyuan@powerchina-intl.com<\/p><h4>Principais projetos:<\/h4><p>1. Usina Hidrel\u00e9trica<\/p><p>Usina Hidrel\u00e9trica Zungeru de 700 MW<\/p><p><img fetchpriority=\"high\" decoding=\"async\" class=\"aligncenter wp-image-1598 size-full\" src=\"https:\/\/powerchina.com.br\/new\/wp-content\/uploads\/2023\/06\/1667526441103044977.png\" alt=\"\" width=\"800\" height=\"520\" srcset=\"https:\/\/powerchina.com.br\/new\/wp-content\/uploads\/2023\/06\/1667526441103044977.png 800w, https:\/\/powerchina.com.br\/new\/wp-content\/uploads\/2023\/06\/1667526441103044977-300x195.png 300w, https:\/\/powerchina.com.br\/new\/wp-content\/uploads\/2023\/06\/1667526441103044977-768x499.png 768w\" sizes=\"(max-width: 800px) 100vw, 800px\" \/><\/p><p>O Projeto de Energia Hidrel\u00e9trica de Zungeru \u00e9 uma instala\u00e7\u00e3o hidrel\u00e9trica de 700 MW que est\u00e1 sendo constru\u00edda no curso superior e m\u00e9dio do rio Kaduna, no estado de N\u00edger, na Nig\u00e9ria. \u00c9 o maior projeto hidrel\u00e9trico em constru\u00e7\u00e3o na Nig\u00e9ria. Quando conclu\u00edda, ser\u00e1 a segunda maior usina hidrel\u00e9trica do pa\u00eds. Estima-se que o projeto custe 1,3 bilh\u00e3o de d\u00f3lares americanos, tornando-o um dos maiores projetos de energia na \u00c1frica a aproveitar as facilidades de empr\u00e9stimo preferencial do Exim Bank of China.<\/p><p>O local do projeto fica a 77 km a jusante da Usina Hidrel\u00e9trica Shiroro existente, a 17 km da cidade de Zungeru e a aproximadamente 150 km de Abuja, capital da Nig\u00e9ria.<\/p><p>Os principais componentes do Projeto Hidrel\u00e9trico Zungeru incluem uma barragem de concreto compactado a rolo (RCC), uma barragem de enrocamento com n\u00facleo de argila com um comprimento total de cerca de 2.360 m, uma casa de for\u00e7a subterr\u00e2nea localizada atr\u00e1s da barragem RCC, um canal de fuga e duas esta\u00e7\u00f5es de manobra em ambas as margens do rio. A eleva\u00e7\u00e3o da crista da barragem RCC ser\u00e1 de 233 m, enquanto a altura m\u00e1xima ser\u00e1 de 101 m. A barragem criar\u00e1 um reservat\u00f3rio com capacidade para armazenar 10,4 bilh\u00f5es de m3 de \u00e1gua. A casa de for\u00e7a subterr\u00e2nea ser\u00e1 equipada com 4 turbinas hidrel\u00e9tricas e unidades geradoras de 175 MW cada, com uma capacidade de gera\u00e7\u00e3o de 2,64 bilh\u00f5es de kWh por ano quando conclu\u00edda, o que atender\u00e1 a quase 10% da demanda dom\u00e9stica total de energia da Nig\u00e9ria. Al\u00e9m da gera\u00e7\u00e3o de eletricidade, o projeto tamb\u00e9m pretende fornecer instala\u00e7\u00f5es de controle de enchentes, irriga\u00e7\u00e3o, abastecimento de \u00e1gua e cria\u00e7\u00e3o de peixes.<\/p><p>A constru\u00e7\u00e3o do empreendimento foi lan\u00e7ada em maio de 2013, com previs\u00e3o de conclus\u00e3o para o quarto trimestre de 2022.<\/p><h4>2. Usina T\u00e9rmica<\/h4><p>Usina El\u00e9trica Olorunsogo II de 750 MW<\/p><p><img decoding=\"async\" class=\"wp-image-1599 size-full aligncenter\" src=\"https:\/\/powerchina.com.br\/new\/wp-content\/uploads\/2023\/06\/1667526416124030121.png\" alt=\"\" width=\"800\" height=\"333\" srcset=\"https:\/\/powerchina.com.br\/new\/wp-content\/uploads\/2023\/06\/1667526416124030121.png 800w, https:\/\/powerchina.com.br\/new\/wp-content\/uploads\/2023\/06\/1667526416124030121-300x125.png 300w, https:\/\/powerchina.com.br\/new\/wp-content\/uploads\/2023\/06\/1667526416124030121-768x320.png 768w\" sizes=\"(max-width: 800px) 100vw, 800px\" \/><\/p><p>A Usina Olorunsogo II \u00e9 um projeto de energia a g\u00e1s de ciclo combinado de 750 MW localizado em Olorunsogo, estado de Ogun, Nig\u00e9ria, a 1,5 h de carro de Abeokuta, a capital do estado.<\/p><p>A usina que foi conclu\u00edda em 2014 e comissionada em 2015 \u00e9 uma extens\u00e3o da Usina El\u00e9trica Fase 1 de Olorunsogo de 335 MW. As duas usinas ficam adjacentes uma \u00e0 outra e ambas foram constru\u00eddas pela SEPCOIII da POWERCHINA. A Fase II \u00e9 uma usina de ciclo combinado composta por 4 turbinas a g\u00e1s (GE Frame 9E), 4 geradores de vapor de recupera\u00e7\u00e3o de calor e 2 turbinas a vapor. A capacidade de gera\u00e7\u00e3o das duas fases combinadas foi de um sexto da capacidade de gera\u00e7\u00e3o de energia dispon\u00edvel na \u00e9poca, dando um grande impulso \u00e0 rede el\u00e9trica e ao desenvolvimento social e econ\u00f4mico.<\/p>\t\t\t\t\t\t<\/div>\n\t\t\t\t<\/div>\n\t\t\t\t\t<\/div>\n\t\t\t\t<\/div>\n\t\t\t\t<\/div>\n\t\t","protected":false},"excerpt":{"rendered":"<p>Pelo mundo \u00c1frica Oriental e Sul Oeste e Centro da \u00c1frica Oriente M\u00e9dio e Norte da \u00c1frica Eur\u00e1sia \u00c1sia Oceano Pac\u00edfico Am\u00e9ricas Nig\u00e9ria Introdu\u00e7\u00e3o: POWERCHINA na Nig\u00e9ria A primeira presen\u00e7a da POWERCHINA na Nig\u00e9ria remonta a 2002, quando sua subsidi\u00e1ria SEPCOIII iniciou seu primeiro projeto, uma Usina de Turbina a G\u00e1s de 335 MW, na [&hellip;]<\/p>\n","protected":false},"author":3,"featured_media":0,"parent":1821,"menu_order":0,"comment_status":"closed","ping_status":"closed","template":"elementor_header_footer","meta":{"footnotes":""},"_links":{"self":[{"href":"https:\/\/powerchina.com.br\/new\/wp-json\/wp\/v2\/pages\/1597"}],"collection":[{"href":"https:\/\/powerchina.com.br\/new\/wp-json\/wp\/v2\/pages"}],"about":[{"href":"https:\/\/powerchina.com.br\/new\/wp-json\/wp\/v2\/types\/page"}],"author":[{"embeddable":true,"href":"https:\/\/powerchina.com.br\/new\/wp-json\/wp\/v2\/users\/3"}],"replies":[{"embeddable":true,"href":"https:\/\/powerchina.com.br\/new\/wp-json\/wp\/v2\/comments?post=1597"}],"version-history":[{"count":8,"href":"https:\/\/powerchina.com.br\/new\/wp-json\/wp\/v2\/pages\/1597\/revisions"}],"predecessor-version":[{"id":3757,"href":"https:\/\/powerchina.com.br\/new\/wp-json\/wp\/v2\/pages\/1597\/revisions\/3757"}],"up":[{"embeddable":true,"href":"https:\/\/powerchina.com.br\/new\/wp-json\/wp\/v2\/pages\/1821"}],"wp:attachment":[{"href":"https:\/\/powerchina.com.br\/new\/wp-json\/wp\/v2\/media?parent=1597"}],"curies":[{"name":"wp","href":"https:\/\/api.w.org\/{rel}","templated":true}]}}