{"id":1604,"date":"2023-06-27T16:13:16","date_gmt":"2023-06-27T19:13:16","guid":{"rendered":"https:\/\/new.powerchina.com.br\/?page_id=1604"},"modified":"2024-09-23T11:48:35","modified_gmt":"2024-09-23T14:48:35","slug":"argelia","status":"publish","type":"page","link":"https:\/\/powerchina.com.br\/new\/pelo-mundo\/pelo-mundo-3\/argelia\/","title":{"rendered":"Arg\u00e9lia"},"content":{"rendered":"\t\t<div data-elementor-type=\"wp-page\" data-elementor-id=\"1604\" class=\"elementor elementor-1604\" data-elementor-post-type=\"page\">\n\t\t\t\t<div class=\"elementor-element elementor-element-7cf5cec e-flex e-con-boxed e-con e-parent\" data-id=\"7cf5cec\" data-element_type=\"container\" data-settings=\"{&quot;background_background&quot;:&quot;classic&quot;}\">\n\t\t\t\t\t<div class=\"e-con-inner\">\n\t\t\t\t<div class=\"elementor-element elementor-element-3555284 elementor-widget elementor-widget-heading\" data-id=\"3555284\" data-element_type=\"widget\" data-widget_type=\"heading.default\">\n\t\t\t\t<div class=\"elementor-widget-container\">\n\t\t\t<style>\/*! elementor - v3.22.0 - 26-06-2024 *\/\n.elementor-heading-title{padding:0;margin:0;line-height:1}.elementor-widget-heading .elementor-heading-title[class*=elementor-size-]>a{color:inherit;font-size:inherit;line-height:inherit}.elementor-widget-heading .elementor-heading-title.elementor-size-small{font-size:15px}.elementor-widget-heading .elementor-heading-title.elementor-size-medium{font-size:19px}.elementor-widget-heading .elementor-heading-title.elementor-size-large{font-size:29px}.elementor-widget-heading .elementor-heading-title.elementor-size-xl{font-size:39px}.elementor-widget-heading .elementor-heading-title.elementor-size-xxl{font-size:59px}<\/style><h2 class=\"elementor-heading-title elementor-size-default\">Pelo mundo<\/h2>\t\t<\/div>\n\t\t\t\t<\/div>\n\t\t\t\t\t<\/div>\n\t\t\t\t<\/div>\n\t\t<div class=\"elementor-element elementor-element-aed1a03 e-grid e-con-boxed e-con e-parent\" data-id=\"aed1a03\" data-element_type=\"container\" data-settings=\"{&quot;background_background&quot;:&quot;classic&quot;}\">\n\t\t\t\t\t<div class=\"e-con-inner\">\n\t\t<a class=\"elementor-element elementor-element-36edc27 e-con-full e-flex e-con e-child\" data-id=\"36edc27\" data-element_type=\"container\" data-settings=\"{&quot;background_background&quot;:&quot;classic&quot;}\" href=\"https:\/\/powerchina.com.br\/new\/pelo-mundo\/pelo-mundo-1\/\">\n\t\t\t\t<div class=\"elementor-element elementor-element-49ac6fa elementor-widget elementor-widget-heading\" data-id=\"49ac6fa\" data-element_type=\"widget\" data-widget_type=\"heading.default\">\n\t\t\t\t<div class=\"elementor-widget-container\">\n\t\t\t<span class=\"elementor-heading-title elementor-size-default\">\u00c1frica Oriental e Sul<\/span>\t\t<\/div>\n\t\t\t\t<\/div>\n\t\t\t\t<\/a>\n\t\t<a class=\"elementor-element elementor-element-fff4670 e-con-full e-flex e-con e-child\" data-id=\"fff4670\" data-element_type=\"container\" data-settings=\"{&quot;background_background&quot;:&quot;classic&quot;}\" href=\"https:\/\/powerchina.com.br\/new\/pelo-mundo\/pelo-mundo-2\/\">\n\t\t\t\t<div class=\"elementor-element elementor-element-60d807a elementor-widget elementor-widget-heading\" data-id=\"60d807a\" data-element_type=\"widget\" data-widget_type=\"heading.default\">\n\t\t\t\t<div class=\"elementor-widget-container\">\n\t\t\t<span class=\"elementor-heading-title elementor-size-default\">Oeste e Centro da \u00c1frica<\/span>\t\t<\/div>\n\t\t\t\t<\/div>\n\t\t\t\t<\/a>\n\t\t<a class=\"elementor-element elementor-element-81fe863 e-con-full e-flex e-con e-child\" data-id=\"81fe863\" data-element_type=\"container\" data-settings=\"{&quot;background_background&quot;:&quot;classic&quot;}\" href=\"https:\/\/powerchina.com.br\/new\/pelo-mundo\/pelo-mundo-3\/\">\n\t\t\t\t<div class=\"elementor-element elementor-element-e6ccd40 elementor-widget elementor-widget-heading\" data-id=\"e6ccd40\" data-element_type=\"widget\" data-widget_type=\"heading.default\">\n\t\t\t\t<div class=\"elementor-widget-container\">\n\t\t\t<span class=\"elementor-heading-title elementor-size-default\">Oriente M\u00e9dio e Norte da \u00c1frica<\/span>\t\t<\/div>\n\t\t\t\t<\/div>\n\t\t\t\t<\/a>\n\t\t<a class=\"elementor-element elementor-element-a926539 e-con-full e-flex e-con e-child\" data-id=\"a926539\" data-element_type=\"container\" data-settings=\"{&quot;background_background&quot;:&quot;classic&quot;}\" href=\"https:\/\/powerchina.com.br\/new\/pelo-mundo\/pelo-mundo-4\/\">\n\t\t\t\t<div class=\"elementor-element elementor-element-5dbf6e2 elementor-widget elementor-widget-heading\" data-id=\"5dbf6e2\" data-element_type=\"widget\" data-widget_type=\"heading.default\">\n\t\t\t\t<div class=\"elementor-widget-container\">\n\t\t\t<span class=\"elementor-heading-title elementor-size-default\">Eur\u00e1sia<\/span>\t\t<\/div>\n\t\t\t\t<\/div>\n\t\t\t\t<\/a>\n\t\t<a class=\"elementor-element elementor-element-bdc42e9 e-con-full e-flex e-con e-child\" data-id=\"bdc42e9\" data-element_type=\"container\" data-settings=\"{&quot;background_background&quot;:&quot;classic&quot;}\" href=\"https:\/\/powerchina.com.br\/new\/pelo-mundo\/pelo-mundo-5\/\">\n\t\t\t\t<div class=\"elementor-element elementor-element-48f3fb5 elementor-widget elementor-widget-heading\" data-id=\"48f3fb5\" data-element_type=\"widget\" data-widget_type=\"heading.default\">\n\t\t\t\t<div class=\"elementor-widget-container\">\n\t\t\t<span class=\"elementor-heading-title elementor-size-default\">\u00c1sia Oceano Pac\u00edfico<\/span>\t\t<\/div>\n\t\t\t\t<\/div>\n\t\t\t\t<\/a>\n\t\t<a class=\"elementor-element elementor-element-ef0b203 e-con-full e-flex e-con e-child\" data-id=\"ef0b203\" data-element_type=\"container\" data-settings=\"{&quot;background_background&quot;:&quot;classic&quot;}\" href=\"https:\/\/powerchina.com.br\/new\/pelo-mundo\/pelo-mundo-6\/\">\n\t\t\t\t<div class=\"elementor-element elementor-element-ede2409 elementor-widget elementor-widget-heading\" data-id=\"ede2409\" data-element_type=\"widget\" data-widget_type=\"heading.default\">\n\t\t\t\t<div class=\"elementor-widget-container\">\n\t\t\t<span class=\"elementor-heading-title elementor-size-default\">Am\u00e9ricas<\/span>\t\t<\/div>\n\t\t\t\t<\/div>\n\t\t\t\t<\/a>\n\t\t\t\t\t<\/div>\n\t\t\t\t<\/div>\n\t\t<div class=\"elementor-element elementor-element-c4a9df0 e-flex e-con-boxed e-con e-parent\" data-id=\"c4a9df0\" data-element_type=\"container\">\n\t\t\t\t\t<div class=\"e-con-inner\">\n\t\t\t\t<div class=\"elementor-element elementor-element-c6f8475 elementor-widget elementor-widget-heading\" data-id=\"c6f8475\" data-element_type=\"widget\" data-widget_type=\"heading.default\">\n\t\t\t\t<div class=\"elementor-widget-container\">\n\t\t\t<h3 class=\"elementor-heading-title elementor-size-default\">Arg\u00e9lia<\/h3>\t\t<\/div>\n\t\t\t\t<\/div>\n\t\t\t\t<div class=\"elementor-element elementor-element-87d2510 elementor-widget elementor-widget-text-editor\" data-id=\"87d2510\" data-element_type=\"widget\" data-widget_type=\"text-editor.default\">\n\t\t\t\t<div class=\"elementor-widget-container\">\n\t\t\t<style>\/*! elementor - v3.22.0 - 26-06-2024 *\/\n.elementor-widget-text-editor.elementor-drop-cap-view-stacked .elementor-drop-cap{background-color:#69727d;color:#fff}.elementor-widget-text-editor.elementor-drop-cap-view-framed .elementor-drop-cap{color:#69727d;border:3px solid;background-color:transparent}.elementor-widget-text-editor:not(.elementor-drop-cap-view-default) .elementor-drop-cap{margin-top:8px}.elementor-widget-text-editor:not(.elementor-drop-cap-view-default) .elementor-drop-cap-letter{width:1em;height:1em}.elementor-widget-text-editor .elementor-drop-cap{float:left;text-align:center;line-height:1;font-size:50px}.elementor-widget-text-editor .elementor-drop-cap-letter{display:inline-block}<\/style>\t\t\t\t<p>A sede da Sub-regi\u00e3o da Arg\u00e9lia est\u00e1 localizada na Arg\u00e9lia, assumindo a gest\u00e3o na Arg\u00e9lia, Marrocos, L\u00edbia, Tun\u00edsia e Sud\u00e3o.<\/p><p>Endere\u00e7o: No.17 Route des Dunes Cheraga Alger Arg\u00e9lia<\/p><p>Caixa Postal: 16000, Arg\u00e9lia<\/p><p>E-mail: algeria@powerchina-intl.com<\/p>\t\t\t\t\t\t<\/div>\n\t\t\t\t<\/div>\n\t\t\t\t\t<\/div>\n\t\t\t\t<\/div>\n\t\t\t\t<\/div>\n\t\t","protected":false},"excerpt":{"rendered":"<p>Pelo mundo \u00c1frica Oriental e Sul Oeste e Centro da \u00c1frica Oriente M\u00e9dio e Norte da \u00c1frica Eur\u00e1sia \u00c1sia Oceano Pac\u00edfico Am\u00e9ricas Arg\u00e9lia A sede da Sub-regi\u00e3o da Arg\u00e9lia est\u00e1 localizada na Arg\u00e9lia, assumindo a gest\u00e3o na Arg\u00e9lia, Marrocos, L\u00edbia, Tun\u00edsia e Sud\u00e3o. Endere\u00e7o: No.17 Route des Dunes Cheraga Alger Arg\u00e9lia Caixa Postal: 16000, Arg\u00e9lia [&hellip;]<\/p>\n","protected":false},"author":3,"featured_media":0,"parent":1827,"menu_order":0,"comment_status":"closed","ping_status":"closed","template":"elementor_header_footer","meta":{"footnotes":""},"_links":{"self":[{"href":"https:\/\/powerchina.com.br\/new\/wp-json\/wp\/v2\/pages\/1604"}],"collection":[{"href":"https:\/\/powerchina.com.br\/new\/wp-json\/wp\/v2\/pages"}],"about":[{"href":"https:\/\/powerchina.com.br\/new\/wp-json\/wp\/v2\/types\/page"}],"author":[{"embeddable":true,"href":"https:\/\/powerchina.com.br\/new\/wp-json\/wp\/v2\/users\/3"}],"replies":[{"embeddable":true,"href":"https:\/\/powerchina.com.br\/new\/wp-json\/wp\/v2\/comments?post=1604"}],"version-history":[{"count":8,"href":"https:\/\/powerchina.com.br\/new\/wp-json\/wp\/v2\/pages\/1604\/revisions"}],"predecessor-version":[{"id":3765,"href":"https:\/\/powerchina.com.br\/new\/wp-json\/wp\/v2\/pages\/1604\/revisions\/3765"}],"up":[{"embeddable":true,"href":"https:\/\/powerchina.com.br\/new\/wp-json\/wp\/v2\/pages\/1827"}],"wp:attachment":[{"href":"https:\/\/powerchina.com.br\/new\/wp-json\/wp\/v2\/media?parent=1604"}],"curies":[{"name":"wp","href":"https:\/\/api.w.org\/{rel}","templated":true}]}}