{"id":1612,"date":"2023-06-27T16:19:15","date_gmt":"2023-06-27T19:19:15","guid":{"rendered":"https:\/\/new.powerchina.com.br\/?page_id=1612"},"modified":"2024-09-23T11:57:56","modified_gmt":"2024-09-23T14:57:56","slug":"iraque","status":"publish","type":"page","link":"https:\/\/powerchina.com.br\/new\/pelo-mundo\/pelo-mundo-3\/iraque\/","title":{"rendered":"Iraque"},"content":{"rendered":"\t\t<div data-elementor-type=\"wp-page\" data-elementor-id=\"1612\" class=\"elementor elementor-1612\" data-elementor-post-type=\"page\">\n\t\t\t\t<div class=\"elementor-element elementor-element-26b973b e-flex e-con-boxed e-con e-parent\" data-id=\"26b973b\" data-element_type=\"container\" data-settings=\"{&quot;background_background&quot;:&quot;classic&quot;}\">\n\t\t\t\t\t<div class=\"e-con-inner\">\n\t\t\t\t<div class=\"elementor-element elementor-element-21dd854 elementor-widget elementor-widget-heading\" data-id=\"21dd854\" data-element_type=\"widget\" data-widget_type=\"heading.default\">\n\t\t\t\t<div class=\"elementor-widget-container\">\n\t\t\t<style>\/*! elementor - v3.22.0 - 26-06-2024 *\/\n.elementor-heading-title{padding:0;margin:0;line-height:1}.elementor-widget-heading .elementor-heading-title[class*=elementor-size-]>a{color:inherit;font-size:inherit;line-height:inherit}.elementor-widget-heading .elementor-heading-title.elementor-size-small{font-size:15px}.elementor-widget-heading .elementor-heading-title.elementor-size-medium{font-size:19px}.elementor-widget-heading .elementor-heading-title.elementor-size-large{font-size:29px}.elementor-widget-heading .elementor-heading-title.elementor-size-xl{font-size:39px}.elementor-widget-heading .elementor-heading-title.elementor-size-xxl{font-size:59px}<\/style><h2 class=\"elementor-heading-title elementor-size-default\">Pelo mundo<\/h2>\t\t<\/div>\n\t\t\t\t<\/div>\n\t\t\t\t\t<\/div>\n\t\t\t\t<\/div>\n\t\t<div class=\"elementor-element elementor-element-f162fa9 e-grid e-con-boxed e-con e-parent\" data-id=\"f162fa9\" data-element_type=\"container\" data-settings=\"{&quot;background_background&quot;:&quot;classic&quot;}\">\n\t\t\t\t\t<div class=\"e-con-inner\">\n\t\t<a class=\"elementor-element elementor-element-a64e899 e-con-full e-flex e-con e-child\" data-id=\"a64e899\" data-element_type=\"container\" data-settings=\"{&quot;background_background&quot;:&quot;classic&quot;}\" href=\"https:\/\/powerchina.com.br\/new\/pelo-mundo\/pelo-mundo-1\/\">\n\t\t\t\t<div class=\"elementor-element elementor-element-cdcc813 elementor-widget elementor-widget-heading\" data-id=\"cdcc813\" data-element_type=\"widget\" data-widget_type=\"heading.default\">\n\t\t\t\t<div class=\"elementor-widget-container\">\n\t\t\t<span class=\"elementor-heading-title elementor-size-default\">\u00c1frica Oriental e Sul<\/span>\t\t<\/div>\n\t\t\t\t<\/div>\n\t\t\t\t<\/a>\n\t\t<a class=\"elementor-element elementor-element-7676043 e-con-full e-flex e-con e-child\" data-id=\"7676043\" data-element_type=\"container\" data-settings=\"{&quot;background_background&quot;:&quot;classic&quot;}\" href=\"https:\/\/powerchina.com.br\/new\/pelo-mundo\/pelo-mundo-2\/\">\n\t\t\t\t<div class=\"elementor-element elementor-element-34f60b1 elementor-widget elementor-widget-heading\" data-id=\"34f60b1\" data-element_type=\"widget\" data-widget_type=\"heading.default\">\n\t\t\t\t<div class=\"elementor-widget-container\">\n\t\t\t<span class=\"elementor-heading-title elementor-size-default\">Oeste e Centro da \u00c1frica<\/span>\t\t<\/div>\n\t\t\t\t<\/div>\n\t\t\t\t<\/a>\n\t\t<a class=\"elementor-element elementor-element-963e5fa e-con-full e-flex e-con e-child\" data-id=\"963e5fa\" data-element_type=\"container\" data-settings=\"{&quot;background_background&quot;:&quot;classic&quot;}\" href=\"https:\/\/powerchina.com.br\/new\/pelo-mundo\/pelo-mundo-3\/\">\n\t\t\t\t<div class=\"elementor-element elementor-element-66ddd18 elementor-widget elementor-widget-heading\" data-id=\"66ddd18\" data-element_type=\"widget\" data-widget_type=\"heading.default\">\n\t\t\t\t<div class=\"elementor-widget-container\">\n\t\t\t<span class=\"elementor-heading-title elementor-size-default\">Oriente M\u00e9dio e Norte da \u00c1frica<\/span>\t\t<\/div>\n\t\t\t\t<\/div>\n\t\t\t\t<\/a>\n\t\t<a class=\"elementor-element elementor-element-303dbb8 e-con-full e-flex e-con e-child\" data-id=\"303dbb8\" data-element_type=\"container\" data-settings=\"{&quot;background_background&quot;:&quot;classic&quot;}\" href=\"https:\/\/powerchina.com.br\/new\/pelo-mundo\/pelo-mundo-4\/\">\n\t\t\t\t<div class=\"elementor-element elementor-element-384932d elementor-widget elementor-widget-heading\" data-id=\"384932d\" data-element_type=\"widget\" data-widget_type=\"heading.default\">\n\t\t\t\t<div class=\"elementor-widget-container\">\n\t\t\t<span class=\"elementor-heading-title elementor-size-default\">Eur\u00e1sia<\/span>\t\t<\/div>\n\t\t\t\t<\/div>\n\t\t\t\t<\/a>\n\t\t<a class=\"elementor-element elementor-element-b68a8f7 e-con-full e-flex e-con e-child\" data-id=\"b68a8f7\" data-element_type=\"container\" data-settings=\"{&quot;background_background&quot;:&quot;classic&quot;}\" href=\"https:\/\/powerchina.com.br\/new\/pelo-mundo\/pelo-mundo-5\/\">\n\t\t\t\t<div class=\"elementor-element elementor-element-4f94218 elementor-widget elementor-widget-heading\" data-id=\"4f94218\" data-element_type=\"widget\" data-widget_type=\"heading.default\">\n\t\t\t\t<div class=\"elementor-widget-container\">\n\t\t\t<span class=\"elementor-heading-title elementor-size-default\">\u00c1sia Oceano Pac\u00edfico<\/span>\t\t<\/div>\n\t\t\t\t<\/div>\n\t\t\t\t<\/a>\n\t\t<a class=\"elementor-element elementor-element-16a697d e-con-full e-flex e-con e-child\" data-id=\"16a697d\" data-element_type=\"container\" data-settings=\"{&quot;background_background&quot;:&quot;classic&quot;}\" href=\"https:\/\/powerchina.com.br\/new\/pelo-mundo\/pelo-mundo-6\/\">\n\t\t\t\t<div class=\"elementor-element elementor-element-0a5fa6a elementor-widget elementor-widget-heading\" data-id=\"0a5fa6a\" data-element_type=\"widget\" data-widget_type=\"heading.default\">\n\t\t\t\t<div class=\"elementor-widget-container\">\n\t\t\t<span class=\"elementor-heading-title elementor-size-default\">Am\u00e9ricas<\/span>\t\t<\/div>\n\t\t\t\t<\/div>\n\t\t\t\t<\/a>\n\t\t\t\t\t<\/div>\n\t\t\t\t<\/div>\n\t\t<div class=\"elementor-element elementor-element-d725626 e-flex e-con-boxed e-con e-parent\" data-id=\"d725626\" data-element_type=\"container\">\n\t\t\t\t\t<div class=\"e-con-inner\">\n\t\t\t\t<div class=\"elementor-element elementor-element-f18fb79 elementor-widget elementor-widget-heading\" data-id=\"f18fb79\" data-element_type=\"widget\" data-widget_type=\"heading.default\">\n\t\t\t\t<div class=\"elementor-widget-container\">\n\t\t\t<h3 class=\"elementor-heading-title elementor-size-default\">Iraque<\/h3>\t\t<\/div>\n\t\t\t\t<\/div>\n\t\t\t\t<div class=\"elementor-element elementor-element-041c684 elementor-widget elementor-widget-text-editor\" data-id=\"041c684\" data-element_type=\"widget\" data-widget_type=\"text-editor.default\">\n\t\t\t\t<div class=\"elementor-widget-container\">\n\t\t\t<style>\/*! elementor - v3.22.0 - 26-06-2024 *\/\n.elementor-widget-text-editor.elementor-drop-cap-view-stacked .elementor-drop-cap{background-color:#69727d;color:#fff}.elementor-widget-text-editor.elementor-drop-cap-view-framed .elementor-drop-cap{color:#69727d;border:3px solid;background-color:transparent}.elementor-widget-text-editor:not(.elementor-drop-cap-view-default) .elementor-drop-cap{margin-top:8px}.elementor-widget-text-editor:not(.elementor-drop-cap-view-default) .elementor-drop-cap-letter{width:1em;height:1em}.elementor-widget-text-editor .elementor-drop-cap{float:left;text-align:center;line-height:1;font-size:50px}.elementor-widget-text-editor .elementor-drop-cap-letter{display:inline-block}<\/style>\t\t\t\t<p>Escrit\u00f3rio de representa\u00e7\u00e3o do Iraque: Road 10 House No 8, Locality 609, Al Mansour, Bagd\u00e1, Iraque<\/p><p>E-mail: iraq@powerchina-intl.com<\/p><p>O Escrit\u00f3rio de Representa\u00e7\u00e3o do Iraque \u00e9 estabelecido em 2014, respons\u00e1vel pela gest\u00e3o de marketing e supervis\u00e3o de desempenho no pa\u00eds do Iraque. Atualmente, a POWERCHINA Iraq Branch e a POWERCHINA Kurd Branch foram estabelecidas, com seus escrit\u00f3rios registrados em Bagd\u00e1 e Erbil. Entre as duas filiais, a POWERCHINA Iraq Branch \u00e9 realizada como a principal empresa.<\/p><p>At\u00e9 o momento, a POWERCHINA ainda n\u00e3o possui projetos conclu\u00eddos no Iraque, enquanto h\u00e1 7 projetos envolvidos nos setores de energia e infraestrutura em constru\u00e7\u00e3o com um valor total de contrato de US$ 3,63 bilh\u00f5es, como a Usina de Ciclo Combinado de Rumaila de 730 MW e a Escolas modelo.<\/p><p>A Usina de Ciclo Combinado Rumaila de 730 MW \u00e9 nosso primeiro projeto no Iraque que usa fundos chineses. Agora o projeto est\u00e1 quase conclu\u00eddo. 2 unidades foram conectadas \u00e0 rede para gera\u00e7\u00e3o de energia e forneceram mais de 468 milh\u00f5es de kWh de eletricidade ao sul do Iraque at\u00e9 o final de 2021, fazendo grandes contribui\u00e7\u00f5es para aliviar a tens\u00e3o el\u00e9trica e melhorar a vida das pessoas no sul do Iraque.<\/p><p>As Escolas Modelo Iraquianas, os projetos mais importantes e urgentes da POWERCHINA no Iraque, est\u00e3o localizadas em dez prov\u00edncias no sul e centro do pa\u00eds, e agora est\u00e3o em plena constru\u00e7\u00e3o.<\/p><h4>Projetos<\/h4><p>1. Usina de Ciclo Combinado Rumaila 730 MW<\/p><p><img fetchpriority=\"high\" decoding=\"async\" class=\"alignleft wp-image-1614 size-full\" src=\"https:\/\/powerchina.com.br\/new\/wp-content\/uploads\/2023\/06\/1667526968659085130.png\" alt=\"\" width=\"800\" height=\"420\" srcset=\"https:\/\/powerchina.com.br\/new\/wp-content\/uploads\/2023\/06\/1667526968659085130.png 800w, https:\/\/powerchina.com.br\/new\/wp-content\/uploads\/2023\/06\/1667526968659085130-300x158.png 300w, https:\/\/powerchina.com.br\/new\/wp-content\/uploads\/2023\/06\/1667526968659085130-768x403.png 768w\" sizes=\"(max-width: 800px) 100vw, 800px\" \/><\/p><p>Capacidade instalada: 730 MW<\/p><p>Descri\u00e7\u00e3o geral:<\/p><p>O projeto est\u00e1 localizado na prov\u00edncia de Basra, ao sul do Iraque, aproximadamente 50 km a oeste da cidade de Basra. O projeto \u00e9 expandir as unidades de energia de turbina a g\u00e1s de ciclo simples de 5 \u00d7 293 MW existentes para uma unidade de ciclo combinado com capacidade de at\u00e9 730 MW.<\/p><p>2. Escolas modelo iraquianas<\/p><p><img decoding=\"async\" class=\"alignleft wp-image-1615 size-full\" src=\"https:\/\/powerchina.com.br\/new\/wp-content\/uploads\/2023\/06\/1667526974594027884.png\" alt=\"\" width=\"800\" height=\"455\" srcset=\"https:\/\/powerchina.com.br\/new\/wp-content\/uploads\/2023\/06\/1667526974594027884.png 800w, https:\/\/powerchina.com.br\/new\/wp-content\/uploads\/2023\/06\/1667526974594027884-300x171.png 300w, https:\/\/powerchina.com.br\/new\/wp-content\/uploads\/2023\/06\/1667526974594027884-768x437.png 768w\" sizes=\"(max-width: 800px) 100vw, 800px\" \/><\/p><p>A POWERCHINA realiza a constru\u00e7\u00e3o de 679 das 1.000 escolas modelo, dentro do acordo entre o governo da China e do Iraque.<\/p><p>A POWERCHINA assinou 10 contratos separados com a Secretaria Geral do Conselho de Ministros para a constru\u00e7\u00e3o de 679 escolas em 10 prov\u00edncias no sul e centro do pa\u00eds, incluindo Bagd\u00e1, Babil\u00f4nia, Qadisiya, Karbala, Wassit, Najaf, Muthanna, Basra, Dhi Qar, Misan.<\/p>\t\t\t\t\t\t<\/div>\n\t\t\t\t<\/div>\n\t\t\t\t\t<\/div>\n\t\t\t\t<\/div>\n\t\t\t\t<\/div>\n\t\t","protected":false},"excerpt":{"rendered":"<p>Pelo mundo \u00c1frica Oriental e Sul Oeste e Centro da \u00c1frica Oriente M\u00e9dio e Norte da \u00c1frica Eur\u00e1sia \u00c1sia Oceano Pac\u00edfico Am\u00e9ricas Iraque Escrit\u00f3rio de representa\u00e7\u00e3o do Iraque: Road 10 House No 8, Locality 609, Al Mansour, Bagd\u00e1, Iraque E-mail: iraq@powerchina-intl.com O Escrit\u00f3rio de Representa\u00e7\u00e3o do Iraque \u00e9 estabelecido em 2014, respons\u00e1vel pela gest\u00e3o de [&hellip;]<\/p>\n","protected":false},"author":3,"featured_media":0,"parent":1827,"menu_order":0,"comment_status":"closed","ping_status":"closed","template":"elementor_header_footer","meta":{"footnotes":""},"_links":{"self":[{"href":"https:\/\/powerchina.com.br\/new\/wp-json\/wp\/v2\/pages\/1612"}],"collection":[{"href":"https:\/\/powerchina.com.br\/new\/wp-json\/wp\/v2\/pages"}],"about":[{"href":"https:\/\/powerchina.com.br\/new\/wp-json\/wp\/v2\/types\/page"}],"author":[{"embeddable":true,"href":"https:\/\/powerchina.com.br\/new\/wp-json\/wp\/v2\/users\/3"}],"replies":[{"embeddable":true,"href":"https:\/\/powerchina.com.br\/new\/wp-json\/wp\/v2\/comments?post=1612"}],"version-history":[{"count":8,"href":"https:\/\/powerchina.com.br\/new\/wp-json\/wp\/v2\/pages\/1612\/revisions"}],"predecessor-version":[{"id":3779,"href":"https:\/\/powerchina.com.br\/new\/wp-json\/wp\/v2\/pages\/1612\/revisions\/3779"}],"up":[{"embeddable":true,"href":"https:\/\/powerchina.com.br\/new\/wp-json\/wp\/v2\/pages\/1827"}],"wp:attachment":[{"href":"https:\/\/powerchina.com.br\/new\/wp-json\/wp\/v2\/media?parent=1612"}],"curies":[{"name":"wp","href":"https:\/\/api.w.org\/{rel}","templated":true}]}}