{"id":1622,"date":"2023-06-28T17:33:23","date_gmt":"2023-06-28T20:33:23","guid":{"rendered":"https:\/\/new.powerchina.com.br\/?page_id=1622"},"modified":"2024-09-23T12:02:19","modified_gmt":"2024-09-23T15:02:19","slug":"kuwait","status":"publish","type":"page","link":"https:\/\/powerchina.com.br\/new\/pelo-mundo\/pelo-mundo-3\/kuwait\/","title":{"rendered":"Kuwait"},"content":{"rendered":"\t\t<div data-elementor-type=\"wp-page\" data-elementor-id=\"1622\" class=\"elementor elementor-1622\" data-elementor-post-type=\"page\">\n\t\t\t\t<div class=\"elementor-element elementor-element-a92c1b2 e-flex e-con-boxed e-con e-parent\" data-id=\"a92c1b2\" data-element_type=\"container\" data-settings=\"{&quot;background_background&quot;:&quot;classic&quot;}\">\n\t\t\t\t\t<div class=\"e-con-inner\">\n\t\t\t\t<div class=\"elementor-element elementor-element-02fe2b0 elementor-widget elementor-widget-heading\" data-id=\"02fe2b0\" data-element_type=\"widget\" data-widget_type=\"heading.default\">\n\t\t\t\t<div class=\"elementor-widget-container\">\n\t\t\t<style>\/*! elementor - v3.22.0 - 26-06-2024 *\/\n.elementor-heading-title{padding:0;margin:0;line-height:1}.elementor-widget-heading .elementor-heading-title[class*=elementor-size-]>a{color:inherit;font-size:inherit;line-height:inherit}.elementor-widget-heading .elementor-heading-title.elementor-size-small{font-size:15px}.elementor-widget-heading .elementor-heading-title.elementor-size-medium{font-size:19px}.elementor-widget-heading .elementor-heading-title.elementor-size-large{font-size:29px}.elementor-widget-heading .elementor-heading-title.elementor-size-xl{font-size:39px}.elementor-widget-heading .elementor-heading-title.elementor-size-xxl{font-size:59px}<\/style><h2 class=\"elementor-heading-title elementor-size-default\">Pelo mundo<\/h2>\t\t<\/div>\n\t\t\t\t<\/div>\n\t\t\t\t\t<\/div>\n\t\t\t\t<\/div>\n\t\t<div class=\"elementor-element elementor-element-ff89b2c e-grid e-con-boxed e-con e-parent\" data-id=\"ff89b2c\" data-element_type=\"container\" data-settings=\"{&quot;background_background&quot;:&quot;classic&quot;}\">\n\t\t\t\t\t<div class=\"e-con-inner\">\n\t\t<a class=\"elementor-element elementor-element-037c40c e-con-full e-flex e-con e-child\" data-id=\"037c40c\" data-element_type=\"container\" data-settings=\"{&quot;background_background&quot;:&quot;classic&quot;}\" href=\"https:\/\/powerchina.com.br\/new\/pelo-mundo\/pelo-mundo-1\/\">\n\t\t\t\t<div class=\"elementor-element elementor-element-5ba3cf4 elementor-widget elementor-widget-heading\" data-id=\"5ba3cf4\" data-element_type=\"widget\" data-widget_type=\"heading.default\">\n\t\t\t\t<div class=\"elementor-widget-container\">\n\t\t\t<span class=\"elementor-heading-title elementor-size-default\">\u00c1frica Oriental e Sul<\/span>\t\t<\/div>\n\t\t\t\t<\/div>\n\t\t\t\t<\/a>\n\t\t<a class=\"elementor-element elementor-element-c8d23f2 e-con-full e-flex e-con e-child\" data-id=\"c8d23f2\" data-element_type=\"container\" data-settings=\"{&quot;background_background&quot;:&quot;classic&quot;}\" href=\"https:\/\/powerchina.com.br\/new\/pelo-mundo\/pelo-mundo-2\/\">\n\t\t\t\t<div class=\"elementor-element elementor-element-e81598f elementor-widget elementor-widget-heading\" data-id=\"e81598f\" data-element_type=\"widget\" data-widget_type=\"heading.default\">\n\t\t\t\t<div class=\"elementor-widget-container\">\n\t\t\t<span class=\"elementor-heading-title elementor-size-default\">Oeste e Centro da \u00c1frica<\/span>\t\t<\/div>\n\t\t\t\t<\/div>\n\t\t\t\t<\/a>\n\t\t<a class=\"elementor-element elementor-element-6bb79a9 e-con-full e-flex e-con e-child\" data-id=\"6bb79a9\" data-element_type=\"container\" data-settings=\"{&quot;background_background&quot;:&quot;classic&quot;}\" href=\"https:\/\/powerchina.com.br\/new\/pelo-mundo\/pelo-mundo-3\/\">\n\t\t\t\t<div class=\"elementor-element elementor-element-8606160 elementor-widget elementor-widget-heading\" data-id=\"8606160\" data-element_type=\"widget\" data-widget_type=\"heading.default\">\n\t\t\t\t<div class=\"elementor-widget-container\">\n\t\t\t<span class=\"elementor-heading-title elementor-size-default\">Oriente M\u00e9dio e Norte da \u00c1frica<\/span>\t\t<\/div>\n\t\t\t\t<\/div>\n\t\t\t\t<\/a>\n\t\t<a class=\"elementor-element elementor-element-7947192 e-con-full e-flex e-con e-child\" data-id=\"7947192\" data-element_type=\"container\" data-settings=\"{&quot;background_background&quot;:&quot;classic&quot;}\" href=\"https:\/\/powerchina.com.br\/new\/pelo-mundo\/pelo-mundo-4\/\">\n\t\t\t\t<div class=\"elementor-element elementor-element-dcafc24 elementor-widget elementor-widget-heading\" data-id=\"dcafc24\" data-element_type=\"widget\" data-widget_type=\"heading.default\">\n\t\t\t\t<div class=\"elementor-widget-container\">\n\t\t\t<span class=\"elementor-heading-title elementor-size-default\">Eur\u00e1sia<\/span>\t\t<\/div>\n\t\t\t\t<\/div>\n\t\t\t\t<\/a>\n\t\t<a class=\"elementor-element elementor-element-379e0b2 e-con-full e-flex e-con e-child\" data-id=\"379e0b2\" data-element_type=\"container\" data-settings=\"{&quot;background_background&quot;:&quot;classic&quot;}\" href=\"https:\/\/powerchina.com.br\/new\/pelo-mundo\/pelo-mundo-5\/\">\n\t\t\t\t<div class=\"elementor-element elementor-element-ca59304 elementor-widget elementor-widget-heading\" data-id=\"ca59304\" data-element_type=\"widget\" data-widget_type=\"heading.default\">\n\t\t\t\t<div class=\"elementor-widget-container\">\n\t\t\t<span class=\"elementor-heading-title elementor-size-default\">\u00c1sia Oceano Pac\u00edfico<\/span>\t\t<\/div>\n\t\t\t\t<\/div>\n\t\t\t\t<\/a>\n\t\t<a class=\"elementor-element elementor-element-ddca404 e-con-full e-flex e-con e-child\" data-id=\"ddca404\" data-element_type=\"container\" data-settings=\"{&quot;background_background&quot;:&quot;classic&quot;}\" href=\"https:\/\/powerchina.com.br\/new\/pelo-mundo\/pelo-mundo-6\/\">\n\t\t\t\t<div class=\"elementor-element elementor-element-ccfa45b elementor-widget elementor-widget-heading\" data-id=\"ccfa45b\" data-element_type=\"widget\" data-widget_type=\"heading.default\">\n\t\t\t\t<div class=\"elementor-widget-container\">\n\t\t\t<span class=\"elementor-heading-title elementor-size-default\">Am\u00e9ricas<\/span>\t\t<\/div>\n\t\t\t\t<\/div>\n\t\t\t\t<\/a>\n\t\t\t\t\t<\/div>\n\t\t\t\t<\/div>\n\t\t<div class=\"elementor-element elementor-element-5041a63 e-flex e-con-boxed e-con e-parent\" data-id=\"5041a63\" data-element_type=\"container\">\n\t\t\t\t\t<div class=\"e-con-inner\">\n\t\t\t\t<div class=\"elementor-element elementor-element-793bd95 elementor-widget elementor-widget-heading\" data-id=\"793bd95\" data-element_type=\"widget\" data-widget_type=\"heading.default\">\n\t\t\t\t<div class=\"elementor-widget-container\">\n\t\t\t<h3 class=\"elementor-heading-title elementor-size-default\">Kuwait<\/h3>\t\t<\/div>\n\t\t\t\t<\/div>\n\t\t\t\t<div class=\"elementor-element elementor-element-0581b05 elementor-widget elementor-widget-text-editor\" data-id=\"0581b05\" data-element_type=\"widget\" data-widget_type=\"text-editor.default\">\n\t\t\t\t<div class=\"elementor-widget-container\">\n\t\t\t<style>\/*! elementor - v3.22.0 - 26-06-2024 *\/\n.elementor-widget-text-editor.elementor-drop-cap-view-stacked .elementor-drop-cap{background-color:#69727d;color:#fff}.elementor-widget-text-editor.elementor-drop-cap-view-framed .elementor-drop-cap{color:#69727d;border:3px solid;background-color:transparent}.elementor-widget-text-editor:not(.elementor-drop-cap-view-default) .elementor-drop-cap{margin-top:8px}.elementor-widget-text-editor:not(.elementor-drop-cap-view-default) .elementor-drop-cap-letter{width:1em;height:1em}.elementor-widget-text-editor .elementor-drop-cap{float:left;text-align:center;line-height:1;font-size:50px}.elementor-widget-text-editor .elementor-drop-cap-letter{display:inline-block}<\/style>\t\t\t\t<p>A sub-regi\u00e3o do Kuwait administra neg\u00f3cios no Kuwait, Catar, Om\u00e3, Egito, Jord\u00e2nia, Palestina, I\u00eamen e Chipre.<\/p><h4>(1) Escrit\u00f3rio de representa\u00e7\u00e3o do Kuwait<\/h4><p>Villa No.462, Street 113, Block 1, Fnaitees, Mubarak Al-Kabeer, Kuwait<\/p><p>E-mail: kuwait@powerchina-intl.com<\/p><p>O Escrit\u00f3rio de Representa\u00e7\u00e3o do Kuwait foi estabelecido em 2011 e \u00e9 respons\u00e1vel pela gest\u00e3o de marketing e supervis\u00e3o de desempenho no pa\u00eds do Kuwait.<\/p><p>At\u00e9 agora, a POWERCHINA assinou 6 projetos no Kuwait, com um valor total de contrato de cerca de US$ 1,70 bilh\u00e3o. Os campos de neg\u00f3cios est\u00e3o focados principalmente em usinas de energia, vias expressas, habita\u00e7\u00e3o, portos, oleodutos e outras infraestruturas.<\/p><h4>(2) Escrit\u00f3rio de representa\u00e7\u00e3o do Catar<\/h4><p>2\u00ba andar, Amwal Tower, West Bay Area, Doha, Qatar<\/p><p>Caixa Postal: 32431<\/p><p>E-mail: qatar@sinohydro.com<\/p><p>O Escrit\u00f3rio de Representa\u00e7\u00e3o do Catar foi estabelecido em 2006 e \u00e9 respons\u00e1vel pela gest\u00e3o de marketing e supervis\u00e3o de desempenho no pa\u00eds do Catar. Atualmente, a Sinohydro Qatar Branch foi estabelecida.<\/p><p>At\u00e9 agora, a POWERCHINA assinou 14 projetos no Catar, com um valor total de contrato de cerca de USD 4,59 bilh\u00f5es, nos quais 13 projetos foram conclu\u00eddos com um valor de contrato de cerca de USD 4,17 bilh\u00f5es e 1 projeto em constru\u00e7\u00e3o com um valor de contrato de cerca de US$ 417 milh\u00f5es.<\/p><p>Os campos de neg\u00f3cios est\u00e3o focados principalmente em energia solar, vias expressas, habita\u00e7\u00e3o, portos, oleodutos e outras infraestruturas.<\/p><h4>(3) O escrit\u00f3rio de representa\u00e7\u00e3o de Om\u00e3<\/h4><p>Building 2450, Villa No. 2450\/c, Way 2838, Sarooj Shatti ul Qurum, Muscat, Om\u00e3<\/p><h4>(4) Escrit\u00f3rio de representa\u00e7\u00e3o no Egito<\/h4><p>Villa 42, Grupo 35, Rehab City 2 (Extens\u00e3o El Rehab), Novo Cairo, Governo do Cairo, Egito<\/p>\t\t\t\t\t\t<\/div>\n\t\t\t\t<\/div>\n\t\t\t\t\t<\/div>\n\t\t\t\t<\/div>\n\t\t\t\t<\/div>\n\t\t","protected":false},"excerpt":{"rendered":"<p>Pelo mundo \u00c1frica Oriental e Sul Oeste e Centro da \u00c1frica Oriente M\u00e9dio e Norte da \u00c1frica Eur\u00e1sia \u00c1sia Oceano Pac\u00edfico Am\u00e9ricas Kuwait A sub-regi\u00e3o do Kuwait administra neg\u00f3cios no Kuwait, Catar, Om\u00e3, Egito, Jord\u00e2nia, Palestina, I\u00eamen e Chipre. (1) Escrit\u00f3rio de representa\u00e7\u00e3o do Kuwait Villa No.462, Street 113, Block 1, Fnaitees, Mubarak Al-Kabeer, Kuwait [&hellip;]<\/p>\n","protected":false},"author":3,"featured_media":0,"parent":1827,"menu_order":0,"comment_status":"closed","ping_status":"closed","template":"elementor_header_footer","meta":{"footnotes":""},"_links":{"self":[{"href":"https:\/\/powerchina.com.br\/new\/wp-json\/wp\/v2\/pages\/1622"}],"collection":[{"href":"https:\/\/powerchina.com.br\/new\/wp-json\/wp\/v2\/pages"}],"about":[{"href":"https:\/\/powerchina.com.br\/new\/wp-json\/wp\/v2\/types\/page"}],"author":[{"embeddable":true,"href":"https:\/\/powerchina.com.br\/new\/wp-json\/wp\/v2\/users\/3"}],"replies":[{"embeddable":true,"href":"https:\/\/powerchina.com.br\/new\/wp-json\/wp\/v2\/comments?post=1622"}],"version-history":[{"count":8,"href":"https:\/\/powerchina.com.br\/new\/wp-json\/wp\/v2\/pages\/1622\/revisions"}],"predecessor-version":[{"id":3783,"href":"https:\/\/powerchina.com.br\/new\/wp-json\/wp\/v2\/pages\/1622\/revisions\/3783"}],"up":[{"embeddable":true,"href":"https:\/\/powerchina.com.br\/new\/wp-json\/wp\/v2\/pages\/1827"}],"wp:attachment":[{"href":"https:\/\/powerchina.com.br\/new\/wp-json\/wp\/v2\/media?parent=1622"}],"curies":[{"name":"wp","href":"https:\/\/api.w.org\/{rel}","templated":true}]}}