{"id":1627,"date":"2023-06-28T17:41:29","date_gmt":"2023-06-28T20:41:29","guid":{"rendered":"https:\/\/new.powerchina.com.br\/?page_id=1627"},"modified":"2024-09-23T11:54:46","modified_gmt":"2024-09-23T14:54:46","slug":"emirados-arabes-unidos","status":"publish","type":"page","link":"https:\/\/powerchina.com.br\/new\/pelo-mundo\/pelo-mundo-3\/emirados-arabes-unidos\/","title":{"rendered":"Emirados \u00c1rabes Unidos"},"content":{"rendered":"\t\t<div data-elementor-type=\"wp-page\" data-elementor-id=\"1627\" class=\"elementor elementor-1627\" data-elementor-post-type=\"page\">\n\t\t\t\t<div class=\"elementor-element elementor-element-1b86c6d e-flex e-con-boxed e-con e-parent\" data-id=\"1b86c6d\" data-element_type=\"container\" data-settings=\"{&quot;background_background&quot;:&quot;classic&quot;}\">\n\t\t\t\t\t<div class=\"e-con-inner\">\n\t\t\t\t<div class=\"elementor-element elementor-element-9d86fee elementor-widget elementor-widget-heading\" data-id=\"9d86fee\" data-element_type=\"widget\" data-widget_type=\"heading.default\">\n\t\t\t\t<div class=\"elementor-widget-container\">\n\t\t\t<style>\/*! elementor - v3.22.0 - 26-06-2024 *\/\n.elementor-heading-title{padding:0;margin:0;line-height:1}.elementor-widget-heading .elementor-heading-title[class*=elementor-size-]>a{color:inherit;font-size:inherit;line-height:inherit}.elementor-widget-heading .elementor-heading-title.elementor-size-small{font-size:15px}.elementor-widget-heading .elementor-heading-title.elementor-size-medium{font-size:19px}.elementor-widget-heading .elementor-heading-title.elementor-size-large{font-size:29px}.elementor-widget-heading .elementor-heading-title.elementor-size-xl{font-size:39px}.elementor-widget-heading .elementor-heading-title.elementor-size-xxl{font-size:59px}<\/style><h2 class=\"elementor-heading-title elementor-size-default\">Pelo mundo<\/h2>\t\t<\/div>\n\t\t\t\t<\/div>\n\t\t\t\t\t<\/div>\n\t\t\t\t<\/div>\n\t\t<div class=\"elementor-element elementor-element-2f8fe99 e-grid e-con-boxed e-con e-parent\" data-id=\"2f8fe99\" data-element_type=\"container\" data-settings=\"{&quot;background_background&quot;:&quot;classic&quot;}\">\n\t\t\t\t\t<div class=\"e-con-inner\">\n\t\t<a class=\"elementor-element elementor-element-32c14ac e-con-full e-flex e-con e-child\" data-id=\"32c14ac\" data-element_type=\"container\" data-settings=\"{&quot;background_background&quot;:&quot;classic&quot;}\" href=\"https:\/\/powerchina.com.br\/new\/pelo-mundo\/pelo-mundo-1\/\">\n\t\t\t\t<div class=\"elementor-element elementor-element-7b44d4c elementor-widget elementor-widget-heading\" data-id=\"7b44d4c\" data-element_type=\"widget\" data-widget_type=\"heading.default\">\n\t\t\t\t<div class=\"elementor-widget-container\">\n\t\t\t<span class=\"elementor-heading-title elementor-size-default\">\u00c1frica Oriental e Sul<\/span>\t\t<\/div>\n\t\t\t\t<\/div>\n\t\t\t\t<\/a>\n\t\t<a class=\"elementor-element elementor-element-1349feb e-con-full e-flex e-con e-child\" data-id=\"1349feb\" data-element_type=\"container\" data-settings=\"{&quot;background_background&quot;:&quot;classic&quot;}\" href=\"https:\/\/powerchina.com.br\/new\/pelo-mundo\/pelo-mundo-2\/\">\n\t\t\t\t<div class=\"elementor-element elementor-element-6b74020 elementor-widget elementor-widget-heading\" data-id=\"6b74020\" data-element_type=\"widget\" data-widget_type=\"heading.default\">\n\t\t\t\t<div class=\"elementor-widget-container\">\n\t\t\t<span class=\"elementor-heading-title elementor-size-default\">Oeste e Centro da \u00c1frica<\/span>\t\t<\/div>\n\t\t\t\t<\/div>\n\t\t\t\t<\/a>\n\t\t<a class=\"elementor-element elementor-element-e4c4353 e-con-full e-flex e-con e-child\" data-id=\"e4c4353\" data-element_type=\"container\" data-settings=\"{&quot;background_background&quot;:&quot;classic&quot;}\" href=\"https:\/\/powerchina.com.br\/new\/pelo-mundo\/pelo-mundo-3\/\">\n\t\t\t\t<div class=\"elementor-element elementor-element-8bfea80 elementor-widget elementor-widget-heading\" data-id=\"8bfea80\" data-element_type=\"widget\" data-widget_type=\"heading.default\">\n\t\t\t\t<div class=\"elementor-widget-container\">\n\t\t\t<span class=\"elementor-heading-title elementor-size-default\">Oriente M\u00e9dio e Norte da \u00c1frica<\/span>\t\t<\/div>\n\t\t\t\t<\/div>\n\t\t\t\t<\/a>\n\t\t<a class=\"elementor-element elementor-element-dc5f716 e-con-full e-flex e-con e-child\" data-id=\"dc5f716\" data-element_type=\"container\" data-settings=\"{&quot;background_background&quot;:&quot;classic&quot;}\" href=\"https:\/\/powerchina.com.br\/new\/pelo-mundo\/pelo-mundo-4\/\">\n\t\t\t\t<div class=\"elementor-element elementor-element-ad4ffdf elementor-widget elementor-widget-heading\" data-id=\"ad4ffdf\" data-element_type=\"widget\" data-widget_type=\"heading.default\">\n\t\t\t\t<div class=\"elementor-widget-container\">\n\t\t\t<span class=\"elementor-heading-title elementor-size-default\">Eur\u00e1sia<\/span>\t\t<\/div>\n\t\t\t\t<\/div>\n\t\t\t\t<\/a>\n\t\t<a class=\"elementor-element elementor-element-ffbe531 e-con-full e-flex e-con e-child\" data-id=\"ffbe531\" data-element_type=\"container\" data-settings=\"{&quot;background_background&quot;:&quot;classic&quot;}\" href=\"https:\/\/powerchina.com.br\/new\/pelo-mundo\/pelo-mundo-5\/\">\n\t\t\t\t<div class=\"elementor-element elementor-element-69d34e7 elementor-widget elementor-widget-heading\" data-id=\"69d34e7\" data-element_type=\"widget\" data-widget_type=\"heading.default\">\n\t\t\t\t<div class=\"elementor-widget-container\">\n\t\t\t<span class=\"elementor-heading-title elementor-size-default\">\u00c1sia Oceano Pac\u00edfico<\/span>\t\t<\/div>\n\t\t\t\t<\/div>\n\t\t\t\t<\/a>\n\t\t<a class=\"elementor-element elementor-element-d04a808 e-con-full e-flex e-con e-child\" data-id=\"d04a808\" data-element_type=\"container\" data-settings=\"{&quot;background_background&quot;:&quot;classic&quot;}\" href=\"https:\/\/powerchina.com.br\/new\/pelo-mundo\/pelo-mundo-6\/\">\n\t\t\t\t<div class=\"elementor-element elementor-element-63365db elementor-widget elementor-widget-heading\" data-id=\"63365db\" data-element_type=\"widget\" data-widget_type=\"heading.default\">\n\t\t\t\t<div class=\"elementor-widget-container\">\n\t\t\t<span class=\"elementor-heading-title elementor-size-default\">Am\u00e9ricas<\/span>\t\t<\/div>\n\t\t\t\t<\/div>\n\t\t\t\t<\/a>\n\t\t\t\t\t<\/div>\n\t\t\t\t<\/div>\n\t\t<div class=\"elementor-element elementor-element-52edaeb e-flex e-con-boxed e-con e-parent\" data-id=\"52edaeb\" data-element_type=\"container\">\n\t\t\t\t\t<div class=\"e-con-inner\">\n\t\t\t\t<div class=\"elementor-element elementor-element-84ea1f7 elementor-widget elementor-widget-heading\" data-id=\"84ea1f7\" data-element_type=\"widget\" data-widget_type=\"heading.default\">\n\t\t\t\t<div class=\"elementor-widget-container\">\n\t\t\t<h3 class=\"elementor-heading-title elementor-size-default\">Emirados \u00c1rabes Unidos<\/h3>\t\t<\/div>\n\t\t\t\t<\/div>\n\t\t\t\t<div class=\"elementor-element elementor-element-ed8ff87 elementor-widget elementor-widget-text-editor\" data-id=\"ed8ff87\" data-element_type=\"widget\" data-widget_type=\"text-editor.default\">\n\t\t\t\t<div class=\"elementor-widget-container\">\n\t\t\t<style>\/*! elementor - v3.22.0 - 26-06-2024 *\/\n.elementor-widget-text-editor.elementor-drop-cap-view-stacked .elementor-drop-cap{background-color:#69727d;color:#fff}.elementor-widget-text-editor.elementor-drop-cap-view-framed .elementor-drop-cap{color:#69727d;border:3px solid;background-color:transparent}.elementor-widget-text-editor:not(.elementor-drop-cap-view-default) .elementor-drop-cap{margin-top:8px}.elementor-widget-text-editor:not(.elementor-drop-cap-view-default) .elementor-drop-cap-letter{width:1em;height:1em}.elementor-widget-text-editor .elementor-drop-cap{float:left;text-align:center;line-height:1;font-size:50px}.elementor-widget-text-editor .elementor-drop-cap-letter{display:inline-block}<\/style>\t\t\t\t<p>A sede est\u00e1 localizada nos Emirados \u00c1rabes Unidos, co-localizada com a sede da POWERCHINA MENA, e administra neg\u00f3cios nos Emirados \u00c1rabes Unidos, Bahrein, Ir\u00e3, S\u00edria e L\u00edbano.<\/p><p>39th Floor Unit 3901, Edif\u00edcio JBC2, Cluster V, JLT, Dubai, Emirados \u00c1rabes Unidos<\/p><p>(1) Escrit\u00f3rio de representa\u00e7\u00e3o dos Emirados \u00c1rabes Unidos<\/p><p>Desde que a POWERCHINA entrou no mercado dos Emirados \u00c1rabes Unidos em 2008, realizou 8 projetos em v\u00e1rios campos, incluindo habita\u00e7\u00e3o, ferrovia, energia, energia renov\u00e1vel e dessaliniza\u00e7\u00e3o de \u00e1gua do mar, com um valor total de contrato de US$ 1,305 bilh\u00e3o.<\/p>\t\t\t\t\t\t<\/div>\n\t\t\t\t<\/div>\n\t\t\t\t\t<\/div>\n\t\t\t\t<\/div>\n\t\t\t\t<\/div>\n\t\t","protected":false},"excerpt":{"rendered":"<p>Pelo mundo \u00c1frica Oriental e Sul Oeste e Centro da \u00c1frica Oriente M\u00e9dio e Norte da \u00c1frica Eur\u00e1sia \u00c1sia Oceano Pac\u00edfico Am\u00e9ricas Emirados \u00c1rabes Unidos A sede est\u00e1 localizada nos Emirados \u00c1rabes Unidos, co-localizada com a sede da POWERCHINA MENA, e administra neg\u00f3cios nos Emirados \u00c1rabes Unidos, Bahrein, Ir\u00e3, S\u00edria e L\u00edbano. 39th Floor Unit [&hellip;]<\/p>\n","protected":false},"author":3,"featured_media":0,"parent":1827,"menu_order":0,"comment_status":"closed","ping_status":"closed","template":"elementor_header_footer","meta":{"footnotes":""},"_links":{"self":[{"href":"https:\/\/powerchina.com.br\/new\/wp-json\/wp\/v2\/pages\/1627"}],"collection":[{"href":"https:\/\/powerchina.com.br\/new\/wp-json\/wp\/v2\/pages"}],"about":[{"href":"https:\/\/powerchina.com.br\/new\/wp-json\/wp\/v2\/types\/page"}],"author":[{"embeddable":true,"href":"https:\/\/powerchina.com.br\/new\/wp-json\/wp\/v2\/users\/3"}],"replies":[{"embeddable":true,"href":"https:\/\/powerchina.com.br\/new\/wp-json\/wp\/v2\/comments?post=1627"}],"version-history":[{"count":8,"href":"https:\/\/powerchina.com.br\/new\/wp-json\/wp\/v2\/pages\/1627\/revisions"}],"predecessor-version":[{"id":3774,"href":"https:\/\/powerchina.com.br\/new\/wp-json\/wp\/v2\/pages\/1627\/revisions\/3774"}],"up":[{"embeddable":true,"href":"https:\/\/powerchina.com.br\/new\/wp-json\/wp\/v2\/pages\/1827"}],"wp:attachment":[{"href":"https:\/\/powerchina.com.br\/new\/wp-json\/wp\/v2\/media?parent=1627"}],"curies":[{"name":"wp","href":"https:\/\/api.w.org\/{rel}","templated":true}]}}