{"id":1632,"date":"2023-06-28T17:46:16","date_gmt":"2023-06-28T20:46:16","guid":{"rendered":"https:\/\/new.powerchina.com.br\/?page_id=1632"},"modified":"2024-09-23T11:52:12","modified_gmt":"2024-09-23T14:52:12","slug":"arabia-saudita","status":"publish","type":"page","link":"https:\/\/powerchina.com.br\/new\/pelo-mundo\/pelo-mundo-3\/arabia-saudita\/","title":{"rendered":"Ar\u00e1bia Saudita"},"content":{"rendered":"\t\t<div data-elementor-type=\"wp-page\" data-elementor-id=\"1632\" class=\"elementor elementor-1632\" data-elementor-post-type=\"page\">\n\t\t\t\t<div class=\"elementor-element elementor-element-b8ea21d e-flex e-con-boxed e-con e-parent\" data-id=\"b8ea21d\" data-element_type=\"container\" data-settings=\"{&quot;background_background&quot;:&quot;classic&quot;}\">\n\t\t\t\t\t<div class=\"e-con-inner\">\n\t\t\t\t<div class=\"elementor-element elementor-element-02b8154 elementor-widget elementor-widget-heading\" data-id=\"02b8154\" data-element_type=\"widget\" data-widget_type=\"heading.default\">\n\t\t\t\t<div class=\"elementor-widget-container\">\n\t\t\t<style>\/*! elementor - v3.22.0 - 26-06-2024 *\/\n.elementor-heading-title{padding:0;margin:0;line-height:1}.elementor-widget-heading .elementor-heading-title[class*=elementor-size-]>a{color:inherit;font-size:inherit;line-height:inherit}.elementor-widget-heading .elementor-heading-title.elementor-size-small{font-size:15px}.elementor-widget-heading .elementor-heading-title.elementor-size-medium{font-size:19px}.elementor-widget-heading .elementor-heading-title.elementor-size-large{font-size:29px}.elementor-widget-heading .elementor-heading-title.elementor-size-xl{font-size:39px}.elementor-widget-heading .elementor-heading-title.elementor-size-xxl{font-size:59px}<\/style><h2 class=\"elementor-heading-title elementor-size-default\">Pelo mundo<\/h2>\t\t<\/div>\n\t\t\t\t<\/div>\n\t\t\t\t\t<\/div>\n\t\t\t\t<\/div>\n\t\t<div class=\"elementor-element elementor-element-b323b42 e-grid e-con-boxed e-con e-parent\" data-id=\"b323b42\" data-element_type=\"container\" data-settings=\"{&quot;background_background&quot;:&quot;classic&quot;}\">\n\t\t\t\t\t<div class=\"e-con-inner\">\n\t\t<a class=\"elementor-element elementor-element-a823a97 e-con-full e-flex e-con e-child\" data-id=\"a823a97\" data-element_type=\"container\" data-settings=\"{&quot;background_background&quot;:&quot;classic&quot;}\" href=\"https:\/\/powerchina.com.br\/new\/pelo-mundo\/pelo-mundo-1\/\">\n\t\t\t\t<div class=\"elementor-element elementor-element-6f8ebee elementor-widget elementor-widget-heading\" data-id=\"6f8ebee\" data-element_type=\"widget\" data-widget_type=\"heading.default\">\n\t\t\t\t<div class=\"elementor-widget-container\">\n\t\t\t<span class=\"elementor-heading-title elementor-size-default\">\u00c1frica Oriental e Sul<\/span>\t\t<\/div>\n\t\t\t\t<\/div>\n\t\t\t\t<\/a>\n\t\t<a class=\"elementor-element elementor-element-2dd793d e-con-full e-flex e-con e-child\" data-id=\"2dd793d\" data-element_type=\"container\" data-settings=\"{&quot;background_background&quot;:&quot;classic&quot;}\" href=\"https:\/\/powerchina.com.br\/new\/pelo-mundo\/pelo-mundo-2\/\">\n\t\t\t\t<div class=\"elementor-element elementor-element-fd43f17 elementor-widget elementor-widget-heading\" data-id=\"fd43f17\" data-element_type=\"widget\" data-widget_type=\"heading.default\">\n\t\t\t\t<div class=\"elementor-widget-container\">\n\t\t\t<span class=\"elementor-heading-title elementor-size-default\">Oeste e Centro da \u00c1frica<\/span>\t\t<\/div>\n\t\t\t\t<\/div>\n\t\t\t\t<\/a>\n\t\t<a class=\"elementor-element elementor-element-2f3c59f e-con-full e-flex e-con e-child\" data-id=\"2f3c59f\" data-element_type=\"container\" data-settings=\"{&quot;background_background&quot;:&quot;classic&quot;}\" href=\"https:\/\/powerchina.com.br\/new\/pelo-mundo\/pelo-mundo-3\/\">\n\t\t\t\t<div class=\"elementor-element elementor-element-1c08499 elementor-widget elementor-widget-heading\" data-id=\"1c08499\" data-element_type=\"widget\" data-widget_type=\"heading.default\">\n\t\t\t\t<div class=\"elementor-widget-container\">\n\t\t\t<span class=\"elementor-heading-title elementor-size-default\">Oriente M\u00e9dio e Norte da \u00c1frica<\/span>\t\t<\/div>\n\t\t\t\t<\/div>\n\t\t\t\t<\/a>\n\t\t<a class=\"elementor-element elementor-element-063d646 e-con-full e-flex e-con e-child\" data-id=\"063d646\" data-element_type=\"container\" data-settings=\"{&quot;background_background&quot;:&quot;classic&quot;}\" href=\"https:\/\/powerchina.com.br\/new\/pelo-mundo\/pelo-mundo-4\/\">\n\t\t\t\t<div class=\"elementor-element elementor-element-48bed2a elementor-widget elementor-widget-heading\" data-id=\"48bed2a\" data-element_type=\"widget\" data-widget_type=\"heading.default\">\n\t\t\t\t<div class=\"elementor-widget-container\">\n\t\t\t<span class=\"elementor-heading-title elementor-size-default\">Eur\u00e1sia<\/span>\t\t<\/div>\n\t\t\t\t<\/div>\n\t\t\t\t<\/a>\n\t\t<a class=\"elementor-element elementor-element-d8c4332 e-con-full e-flex e-con e-child\" data-id=\"d8c4332\" data-element_type=\"container\" data-settings=\"{&quot;background_background&quot;:&quot;classic&quot;}\" href=\"https:\/\/powerchina.com.br\/new\/pelo-mundo\/pelo-mundo-5\/\">\n\t\t\t\t<div class=\"elementor-element elementor-element-402d5fa elementor-widget elementor-widget-heading\" data-id=\"402d5fa\" data-element_type=\"widget\" data-widget_type=\"heading.default\">\n\t\t\t\t<div class=\"elementor-widget-container\">\n\t\t\t<span class=\"elementor-heading-title elementor-size-default\">\u00c1sia Oceano Pac\u00edfico<\/span>\t\t<\/div>\n\t\t\t\t<\/div>\n\t\t\t\t<\/a>\n\t\t<a class=\"elementor-element elementor-element-48d0a5a e-con-full e-flex e-con e-child\" data-id=\"48d0a5a\" data-element_type=\"container\" data-settings=\"{&quot;background_background&quot;:&quot;classic&quot;}\" href=\"https:\/\/powerchina.com.br\/new\/pelo-mundo\/pelo-mundo-6\/\">\n\t\t\t\t<div class=\"elementor-element elementor-element-534302b elementor-widget elementor-widget-heading\" data-id=\"534302b\" data-element_type=\"widget\" data-widget_type=\"heading.default\">\n\t\t\t\t<div class=\"elementor-widget-container\">\n\t\t\t<span class=\"elementor-heading-title elementor-size-default\">Am\u00e9ricas<\/span>\t\t<\/div>\n\t\t\t\t<\/div>\n\t\t\t\t<\/a>\n\t\t\t\t\t<\/div>\n\t\t\t\t<\/div>\n\t\t<div class=\"elementor-element elementor-element-7f73dbe e-flex e-con-boxed e-con e-parent\" data-id=\"7f73dbe\" data-element_type=\"container\">\n\t\t\t\t\t<div class=\"e-con-inner\">\n\t\t\t\t<div class=\"elementor-element elementor-element-73e55da elementor-widget elementor-widget-heading\" data-id=\"73e55da\" data-element_type=\"widget\" data-widget_type=\"heading.default\">\n\t\t\t\t<div class=\"elementor-widget-container\">\n\t\t\t<h3 class=\"elementor-heading-title elementor-size-default\">Ar\u00e1bia Saudita<\/h3>\t\t<\/div>\n\t\t\t\t<\/div>\n\t\t\t\t<div class=\"elementor-element elementor-element-9168a73 elementor-widget elementor-widget-text-editor\" data-id=\"9168a73\" data-element_type=\"widget\" data-widget_type=\"text-editor.default\">\n\t\t\t\t<div class=\"elementor-widget-container\">\n\t\t\t<style>\/*! elementor - v3.22.0 - 26-06-2024 *\/\n.elementor-widget-text-editor.elementor-drop-cap-view-stacked .elementor-drop-cap{background-color:#69727d;color:#fff}.elementor-widget-text-editor.elementor-drop-cap-view-framed .elementor-drop-cap{color:#69727d;border:3px solid;background-color:transparent}.elementor-widget-text-editor:not(.elementor-drop-cap-view-default) .elementor-drop-cap{margin-top:8px}.elementor-widget-text-editor:not(.elementor-drop-cap-view-default) .elementor-drop-cap-letter{width:1em;height:1em}.elementor-widget-text-editor .elementor-drop-cap{float:left;text-align:center;line-height:1;font-size:50px}.elementor-widget-text-editor .elementor-drop-cap-letter{display:inline-block}<\/style>\t\t\t\t<h4>Escrit\u00f3rio de representa\u00e7\u00e3o da Ar\u00e1bia Saudita<\/h4><p>No 18 Floor, Grand Tower, King Fahad Road, Riyadh<\/p><p>Caixa Postal: 53337<\/p><p>E-mail: saudibranch@sinohydro.com; saudi@powerchina-intl.com<\/p><p>O Escrit\u00f3rio de Representa\u00e7\u00e3o da Ar\u00e1bia Saudita \u00e9 respons\u00e1vel pela gest\u00e3o do marketing e supervis\u00e3o de desempenho na Ar\u00e1bia Saudita. A POWERCHINA possui 4 marcas operando na Ar\u00e1bia Saudita, que s\u00e3o POWERCHINA, SINOHYDRO, SEPCO e SEPCO III.<\/p><p>At\u00e9 agora, a POWERCHINA assinou 35 projetos na Ar\u00e1bia Saudita, com um valor total de contrato de cerca de US$ 18,33 bilh\u00f5es. Seus campos de neg\u00f3cios s\u00e3o principalmente engenharia de energia, dessaliniza\u00e7\u00e3o de \u00e1gua do mar, instala\u00e7\u00f5es de suporte de petr\u00f3leo e g\u00e1s, constru\u00e7\u00e3o de moradias, engenharia mar\u00edtima e infraestrutura. Entre esses projetos, 16 projetos foram conclu\u00eddos com um valor total de contrato de cerca de US$ 7,72 bilh\u00f5es, e 19 projetos est\u00e3o em constru\u00e7\u00e3o com um valor total de contrato de cerca de US$ 10,61 bilh\u00f5es.<\/p><h4>1. Projetos de Energia T\u00e9rmica<\/h4><p>(1) Usina termel\u00e9trica movida a \u00f3leo Rabigh<\/p><p><img fetchpriority=\"high\" decoding=\"async\" class=\"alignleft wp-image-1634 size-full\" src=\"https:\/\/powerchina.com.br\/new\/wp-content\/uploads\/2023\/06\/1667527068004080963.png\" alt=\"\" width=\"800\" height=\"438\" srcset=\"https:\/\/powerchina.com.br\/new\/wp-content\/uploads\/2023\/06\/1667527068004080963.png 800w, https:\/\/powerchina.com.br\/new\/wp-content\/uploads\/2023\/06\/1667527068004080963-300x164.png 300w, https:\/\/powerchina.com.br\/new\/wp-content\/uploads\/2023\/06\/1667527068004080963-768x420.png 768w\" sizes=\"(max-width: 800px) 100vw, 800px\" \/><\/p><p>Pot\u00eancia instalada: 1.320 MW<\/p><p>Descri\u00e7\u00e3o: \u00c9 o primeiro projeto de IPP em licita\u00e7\u00e3o competitiva internacional da concession\u00e1ria governamental, Saudi Electricity Company (SEC), e o primeiro projeto de energia executado por uma empreiteira EPC chinesa na Ar\u00e1bia Saudita. A energia gerada pelo projeto \u00e9 vendida para a Saudi Electricity sob um contrato de compra de energia por 20 anos. A Usina El\u00e9trica Rabigh IPP (Unidade I da Usina IPP Rabigh) est\u00e1 equipada com turbinas a vapor el\u00e9tricas Dongfang. A fase consiste em 1 turbina a vapor com capacidade nominal de 602 MW. A Usina Hidrel\u00e9trica Rabigh IPP (Unidade II da Usina Hidrel\u00e9trica Rabigh IPP) est\u00e1 equipada com uma turbina a vapor el\u00e9trica Dongfang. A fase consiste em 1 turbina a vapor com capacidade nominal de 602 MW.<\/p><p>(2) Usina El\u00e9trica de Ciclo Combinado RAS AL KHAIR<\/p><p><img decoding=\"async\" class=\"alignleft wp-image-1635 size-full\" src=\"https:\/\/powerchina.com.br\/new\/wp-content\/uploads\/2023\/06\/1667527076722035162.png\" alt=\"\" width=\"800\" height=\"600\" srcset=\"https:\/\/powerchina.com.br\/new\/wp-content\/uploads\/2023\/06\/1667527076722035162.png 800w, https:\/\/powerchina.com.br\/new\/wp-content\/uploads\/2023\/06\/1667527076722035162-300x225.png 300w, https:\/\/powerchina.com.br\/new\/wp-content\/uploads\/2023\/06\/1667527076722035162-768x576.png 768w\" sizes=\"(max-width: 800px) 100vw, 800px\" \/><\/p><p>Capacidade Instalada: 2.400 MW<\/p><p>Descri\u00e7\u00e3o: A Usina de Ciclo Combinado RAS AL KHAIR, localizada em Dammam, na Ar\u00e1bia Saudita. O projeto est\u00e1 ativo no momento. Foi desenvolvido numa \u00fanica fase e entrou em funcionamento em 2014. O projeto compreende uma central de cogera\u00e7\u00e3o de ciclo combinado com uma turbina a g\u00e1s de ciclo combinado (CCGT), a funcionar com bicombust\u00edvel. O principal combust\u00edvel usado para fornecer energia \u00e9 o g\u00e1s natural. Em caso de escassez de g\u00e1s natural, a usina tamb\u00e9m pode funcionar com \u00f3leo combust\u00edvel.<\/p><p>(3) Jazan Bloco de energia de ciclo combinado de gaseifica\u00e7\u00e3o integrada (IGCC) de 3.850 MW<\/p><figure id=\"attachment_1636\" class=\"wp-caption alignleft\" aria-describedby=\"caption-attachment-1636\"><img decoding=\"async\" class=\"alignleft wp-image-1636 size-full\" src=\"https:\/\/powerchina.com.br\/new\/wp-content\/uploads\/2023\/06\/1668070749248061533.jpg\" alt=\"\" width=\"800\" height=\"600\" srcset=\"https:\/\/powerchina.com.br\/new\/wp-content\/uploads\/2023\/06\/1668070749248061533.jpg 800w, https:\/\/powerchina.com.br\/new\/wp-content\/uploads\/2023\/06\/1668070749248061533-300x225.jpg 300w, https:\/\/powerchina.com.br\/new\/wp-content\/uploads\/2023\/06\/1668070749248061533-768x576.jpg 768w\" sizes=\"(max-width: 800px) 100vw, 800px\" \/><figcaption id=\"caption-attachment-1636\" class=\"wp-caption-text\">DCIM100MEDIADJI_0098.JPG<\/figcaption><\/figure><p>Cliente: Saudi Aramco<\/p><p>Capacidade instalada: 3.850 MW<\/p><p>Descri\u00e7\u00e3o: O Complexo Jazan IGCC compreende uma instala\u00e7\u00e3o de gaseifica\u00e7\u00e3o, uma instala\u00e7\u00e3o de gera\u00e7\u00e3o de energia que consiste em cinco unidades de ciclo combinado de 770 MW de capacidade instalada cada, uma unidade de separa\u00e7\u00e3o de ar (ASU), juntamente com instala\u00e7\u00f5es associadas.<\/p><p>A mat\u00e9ria-prima de res\u00edduos de v\u00e1cuo ser\u00e1 fornecida pela refinaria de Jazan para gaseifica\u00e7\u00e3o no Complexo IGCC. A unidade de gaseifica\u00e7\u00e3o ser\u00e1 abastecida com oxig\u00eanio gerado pela unidade de separa\u00e7\u00e3o de ar para produzir hidrog\u00eanio e g\u00e1s de s\u00edntese.<\/p><p>Estima-se que a unidade de separa\u00e7\u00e3o de ar forne\u00e7a aproximadamente 75.000 toneladas de oxig\u00eanio e nitrog\u00eanio por dia para a Usina El\u00e9trica Jazan IGCC e a refinaria.<\/p><h4>2. Projetos Mar\u00edtimos<\/h4><p>(1) Complexo Internacional King Salman para Ind\u00fastrias e Servi\u00e7os Mar\u00edtimos<\/p><p><img loading=\"lazy\" decoding=\"async\" class=\"alignleft wp-image-1637 size-full\" src=\"https:\/\/powerchina.com.br\/new\/wp-content\/uploads\/2023\/06\/1667527098445017038.png\" alt=\"\" width=\"800\" height=\"350\" srcset=\"https:\/\/powerchina.com.br\/new\/wp-content\/uploads\/2023\/06\/1667527098445017038.png 800w, https:\/\/powerchina.com.br\/new\/wp-content\/uploads\/2023\/06\/1667527098445017038-300x131.png 300w, https:\/\/powerchina.com.br\/new\/wp-content\/uploads\/2023\/06\/1667527098445017038-768x336.png 768w\" sizes=\"(max-width: 800px) 100vw, 800px\" \/><\/p><p>Descri\u00e7\u00e3o do projeto: \u00c9 uma instala\u00e7\u00e3o de classe mundial que fornece uma combina\u00e7\u00e3o de servi\u00e7os de fabrica\u00e7\u00e3o offshore, constru\u00e7\u00e3o naval nova, manuten\u00e7\u00e3o, reparo e revis\u00e3o geral (MRO), incluindo recursos de Very Large Crude Carriers (VLCC) e fabrica\u00e7\u00e3o offshore. A \u00e1rea aproximada do terreno total \u00e9 de 4.500 m por 2.500 m.<\/p><h4>3. Projetos de recursos h\u00eddricos e dessaliniza\u00e7\u00e3o<\/h4><p>(1) Projeto de Dessaliniza\u00e7\u00e3o Rabigh 3<\/p><figure id=\"attachment_1638\" class=\"wp-caption alignleft\" aria-describedby=\"caption-attachment-1638\"><img loading=\"lazy\" decoding=\"async\" class=\"alignleft wp-image-1638 size-full\" src=\"https:\/\/powerchina.com.br\/new\/wp-content\/uploads\/2023\/06\/1668070646307023780.jpg\" alt=\"\" width=\"800\" height=\"599\" srcset=\"https:\/\/powerchina.com.br\/new\/wp-content\/uploads\/2023\/06\/1668070646307023780.jpg 800w, https:\/\/powerchina.com.br\/new\/wp-content\/uploads\/2023\/06\/1668070646307023780-300x225.jpg 300w, https:\/\/powerchina.com.br\/new\/wp-content\/uploads\/2023\/06\/1668070646307023780-768x575.jpg 768w\" sizes=\"(max-width: 800px) 100vw, 800px\" \/><figcaption id=\"caption-attachment-1638\" class=\"wp-caption-text\">created by dji camera<\/figcaption><\/figure><p>Capacidade: 600.000 metros c\u00fabicos por dia<\/p><p>Descri\u00e7\u00e3o do projeto: Rabigh 3 IWP utilizar\u00e1 a tecnologia de osmose reversa (RO) para produzir uma capacidade de 600.000 metros c\u00fabicos por dia. Rabigh 3 IWP \u00e9 a primeira usina de dessaliniza\u00e7\u00e3o de seu tamanho no setor privado com uma for\u00e7a de trabalho 100% saudita. O projeto foi reconhecido como a \u201cmaior instala\u00e7\u00e3o de dessaliniza\u00e7\u00e3o por osmose reversa do mundo\u201d pelo Guinness World Records. Rabigh 3 atende \u00e0s necessidades de \u00e1gua limpa de um milh\u00e3o de unidades habitacionais em Makkah e Jeddah, na Ar\u00e1bia Saudita, e garante um abastecimento sustent\u00e1vel e confi\u00e1vel de \u00e1gua para os residentes das duas cidades em crescimento e seus vilarejos vizinhos. Isso garantir\u00e1 a seguran\u00e7a h\u00eddrica de muitos residentes, juntamente com os peregrinos que esta regi\u00e3o recebe durante o m\u00eas sagrado do Ramad\u00e3 e a temporada do Hajj.<\/p><h4>4. Petr\u00f3leo e G\u00e1s<\/h4><p>(1) Fase I de Expans\u00e3o do Sistema de G\u00e1s Mestre<\/p><p><img loading=\"lazy\" decoding=\"async\" class=\"alignleft wp-image-1639 size-full\" src=\"https:\/\/powerchina.com.br\/new\/wp-content\/uploads\/2023\/06\/1668069425869058863.png\" alt=\"\" width=\"800\" height=\"485\" srcset=\"https:\/\/powerchina.com.br\/new\/wp-content\/uploads\/2023\/06\/1668069425869058863.png 800w, https:\/\/powerchina.com.br\/new\/wp-content\/uploads\/2023\/06\/1668069425869058863-300x182.png 300w, https:\/\/powerchina.com.br\/new\/wp-content\/uploads\/2023\/06\/1668069425869058863-768x466.png 768w\" sizes=\"(max-width: 800px) 100vw, 800px\" \/><\/p><p>Cliente: Saudi Aramco<\/p><p>Descri\u00e7\u00e3o: Duas grandes esta\u00e7\u00f5es de compress\u00e3o, localizadas no Corredor Leste-Oeste do Duto, com BGCS#3 e BGCS#5.<\/p><p>O Master Gas System \u00e9 operado pela Aramco e \u00e9 uma das maiores redes de hidrocarbonetos do mundo. A constru\u00e7\u00e3o do esquema come\u00e7ou em meados da d\u00e9cada de 1970 e entrou em opera\u00e7\u00e3o em 1982 predominantemente para transportar g\u00e1s associado do Campo de Ghawar para apoiar a industrializa\u00e7\u00e3o.<\/p><p>A ser implementado em fases, o Projeto de Expans\u00e3o do Sistema Mestre de G\u00e1s \u00e9 vital para a Ar\u00e1bia Saudita apoiar o desenvolvimento de seu g\u00e1s n\u00e3o associado, g\u00e1s n\u00e3o convencional e reservas de condensado relacionadas. O Projeto da Esta\u00e7\u00e3o de Compress\u00e3o de G\u00e1s de Refor\u00e7o do Sistema Master Gas expandir\u00e1 a capacidade do Sistema de Dutos Leste-Oeste para fornecer g\u00e1s ao redor do Reino.<\/p>\t\t\t\t\t\t<\/div>\n\t\t\t\t<\/div>\n\t\t\t\t\t<\/div>\n\t\t\t\t<\/div>\n\t\t\t\t<\/div>\n\t\t","protected":false},"excerpt":{"rendered":"<p>Pelo mundo \u00c1frica Oriental e Sul Oeste e Centro da \u00c1frica Oriente M\u00e9dio e Norte da \u00c1frica Eur\u00e1sia \u00c1sia Oceano Pac\u00edfico Am\u00e9ricas Ar\u00e1bia Saudita Escrit\u00f3rio de representa\u00e7\u00e3o da Ar\u00e1bia Saudita No 18 Floor, Grand Tower, King Fahad Road, Riyadh Caixa Postal: 53337 E-mail: saudibranch@sinohydro.com; saudi@powerchina-intl.com O Escrit\u00f3rio de Representa\u00e7\u00e3o da Ar\u00e1bia Saudita \u00e9 respons\u00e1vel pela [&hellip;]<\/p>\n","protected":false},"author":3,"featured_media":0,"parent":1827,"menu_order":0,"comment_status":"closed","ping_status":"closed","template":"elementor_header_footer","meta":{"footnotes":""},"_links":{"self":[{"href":"https:\/\/powerchina.com.br\/new\/wp-json\/wp\/v2\/pages\/1632"}],"collection":[{"href":"https:\/\/powerchina.com.br\/new\/wp-json\/wp\/v2\/pages"}],"about":[{"href":"https:\/\/powerchina.com.br\/new\/wp-json\/wp\/v2\/types\/page"}],"author":[{"embeddable":true,"href":"https:\/\/powerchina.com.br\/new\/wp-json\/wp\/v2\/users\/3"}],"replies":[{"embeddable":true,"href":"https:\/\/powerchina.com.br\/new\/wp-json\/wp\/v2\/comments?post=1632"}],"version-history":[{"count":8,"href":"https:\/\/powerchina.com.br\/new\/wp-json\/wp\/v2\/pages\/1632\/revisions"}],"predecessor-version":[{"id":3769,"href":"https:\/\/powerchina.com.br\/new\/wp-json\/wp\/v2\/pages\/1632\/revisions\/3769"}],"up":[{"embeddable":true,"href":"https:\/\/powerchina.com.br\/new\/wp-json\/wp\/v2\/pages\/1827"}],"wp:attachment":[{"href":"https:\/\/powerchina.com.br\/new\/wp-json\/wp\/v2\/media?parent=1632"}],"curies":[{"name":"wp","href":"https:\/\/api.w.org\/{rel}","templated":true}]}}