{"id":1674,"date":"2023-07-03T10:17:04","date_gmt":"2023-07-03T13:17:04","guid":{"rendered":"https:\/\/new.powerchina.com.br\/?page_id=1674"},"modified":"2024-09-23T12:10:06","modified_gmt":"2024-09-23T15:10:06","slug":"paquistao","status":"publish","type":"page","link":"https:\/\/powerchina.com.br\/new\/pelo-mundo\/pelo-mundo-4\/paquistao\/","title":{"rendered":"Paquist\u00e3o"},"content":{"rendered":"\t\t<div data-elementor-type=\"wp-page\" data-elementor-id=\"1674\" class=\"elementor elementor-1674\" data-elementor-post-type=\"page\">\n\t\t\t\t<div class=\"elementor-element elementor-element-23706cd e-flex e-con-boxed e-con e-parent\" data-id=\"23706cd\" data-element_type=\"container\" data-settings=\"{&quot;background_background&quot;:&quot;classic&quot;}\">\n\t\t\t\t\t<div class=\"e-con-inner\">\n\t\t\t\t<div class=\"elementor-element elementor-element-d98d924 elementor-widget elementor-widget-heading\" data-id=\"d98d924\" data-element_type=\"widget\" data-widget_type=\"heading.default\">\n\t\t\t\t<div class=\"elementor-widget-container\">\n\t\t\t<style>\/*! elementor - v3.22.0 - 26-06-2024 *\/\n.elementor-heading-title{padding:0;margin:0;line-height:1}.elementor-widget-heading .elementor-heading-title[class*=elementor-size-]>a{color:inherit;font-size:inherit;line-height:inherit}.elementor-widget-heading .elementor-heading-title.elementor-size-small{font-size:15px}.elementor-widget-heading .elementor-heading-title.elementor-size-medium{font-size:19px}.elementor-widget-heading .elementor-heading-title.elementor-size-large{font-size:29px}.elementor-widget-heading .elementor-heading-title.elementor-size-xl{font-size:39px}.elementor-widget-heading .elementor-heading-title.elementor-size-xxl{font-size:59px}<\/style><h2 class=\"elementor-heading-title elementor-size-default\">Pelo mundo<\/h2>\t\t<\/div>\n\t\t\t\t<\/div>\n\t\t\t\t\t<\/div>\n\t\t\t\t<\/div>\n\t\t<div class=\"elementor-element elementor-element-62cbf97 e-grid e-con-boxed e-con e-parent\" data-id=\"62cbf97\" data-element_type=\"container\" data-settings=\"{&quot;background_background&quot;:&quot;classic&quot;}\">\n\t\t\t\t\t<div class=\"e-con-inner\">\n\t\t<a class=\"elementor-element elementor-element-6ed83a1 e-con-full e-flex e-con e-child\" data-id=\"6ed83a1\" data-element_type=\"container\" data-settings=\"{&quot;background_background&quot;:&quot;classic&quot;}\" href=\"https:\/\/powerchina.com.br\/new\/pelo-mundo\/pelo-mundo-1\/\">\n\t\t\t\t<div class=\"elementor-element elementor-element-7ee828e elementor-widget elementor-widget-heading\" data-id=\"7ee828e\" data-element_type=\"widget\" data-widget_type=\"heading.default\">\n\t\t\t\t<div class=\"elementor-widget-container\">\n\t\t\t<span class=\"elementor-heading-title elementor-size-default\">\u00c1frica Oriental e Sul<\/span>\t\t<\/div>\n\t\t\t\t<\/div>\n\t\t\t\t<\/a>\n\t\t<a class=\"elementor-element elementor-element-9032c30 e-con-full e-flex e-con e-child\" data-id=\"9032c30\" data-element_type=\"container\" data-settings=\"{&quot;background_background&quot;:&quot;classic&quot;}\" href=\"https:\/\/powerchina.com.br\/new\/pelo-mundo\/pelo-mundo-2\/\">\n\t\t\t\t<div class=\"elementor-element elementor-element-2d7d5b8 elementor-widget elementor-widget-heading\" data-id=\"2d7d5b8\" data-element_type=\"widget\" data-widget_type=\"heading.default\">\n\t\t\t\t<div class=\"elementor-widget-container\">\n\t\t\t<span class=\"elementor-heading-title elementor-size-default\">Oeste e Centro da \u00c1frica<\/span>\t\t<\/div>\n\t\t\t\t<\/div>\n\t\t\t\t<\/a>\n\t\t<a class=\"elementor-element elementor-element-049a397 e-con-full e-flex e-con e-child\" data-id=\"049a397\" data-element_type=\"container\" data-settings=\"{&quot;background_background&quot;:&quot;classic&quot;}\" href=\"https:\/\/powerchina.com.br\/new\/pelo-mundo\/pelo-mundo-3\/\">\n\t\t\t\t<div class=\"elementor-element elementor-element-4b0fc8c elementor-widget elementor-widget-heading\" data-id=\"4b0fc8c\" data-element_type=\"widget\" data-widget_type=\"heading.default\">\n\t\t\t\t<div class=\"elementor-widget-container\">\n\t\t\t<span class=\"elementor-heading-title elementor-size-default\">Oriente M\u00e9dio e Norte da \u00c1frica<\/span>\t\t<\/div>\n\t\t\t\t<\/div>\n\t\t\t\t<\/a>\n\t\t<a class=\"elementor-element elementor-element-f353b57 e-con-full e-flex e-con e-child\" data-id=\"f353b57\" data-element_type=\"container\" data-settings=\"{&quot;background_background&quot;:&quot;classic&quot;}\" href=\"https:\/\/powerchina.com.br\/new\/pelo-mundo\/pelo-mundo-4\/\">\n\t\t\t\t<div class=\"elementor-element elementor-element-0183217 elementor-widget elementor-widget-heading\" data-id=\"0183217\" data-element_type=\"widget\" data-widget_type=\"heading.default\">\n\t\t\t\t<div class=\"elementor-widget-container\">\n\t\t\t<span class=\"elementor-heading-title elementor-size-default\">Eur\u00e1sia<\/span>\t\t<\/div>\n\t\t\t\t<\/div>\n\t\t\t\t<\/a>\n\t\t<a class=\"elementor-element elementor-element-f512320 e-con-full e-flex e-con e-child\" data-id=\"f512320\" data-element_type=\"container\" data-settings=\"{&quot;background_background&quot;:&quot;classic&quot;}\" href=\"https:\/\/powerchina.com.br\/new\/pelo-mundo\/pelo-mundo-5\/\">\n\t\t\t\t<div class=\"elementor-element elementor-element-b1b9728 elementor-widget elementor-widget-heading\" data-id=\"b1b9728\" data-element_type=\"widget\" data-widget_type=\"heading.default\">\n\t\t\t\t<div class=\"elementor-widget-container\">\n\t\t\t<span class=\"elementor-heading-title elementor-size-default\">\u00c1sia Oceano Pac\u00edfico<\/span>\t\t<\/div>\n\t\t\t\t<\/div>\n\t\t\t\t<\/a>\n\t\t<a class=\"elementor-element elementor-element-e443374 e-con-full e-flex e-con e-child\" data-id=\"e443374\" data-element_type=\"container\" data-settings=\"{&quot;background_background&quot;:&quot;classic&quot;}\" href=\"https:\/\/powerchina.com.br\/new\/pelo-mundo\/pelo-mundo-6\/\">\n\t\t\t\t<div class=\"elementor-element elementor-element-4dee843 elementor-widget elementor-widget-heading\" data-id=\"4dee843\" data-element_type=\"widget\" data-widget_type=\"heading.default\">\n\t\t\t\t<div class=\"elementor-widget-container\">\n\t\t\t<span class=\"elementor-heading-title elementor-size-default\">Am\u00e9ricas<\/span>\t\t<\/div>\n\t\t\t\t<\/div>\n\t\t\t\t<\/a>\n\t\t\t\t\t<\/div>\n\t\t\t\t<\/div>\n\t\t<div class=\"elementor-element elementor-element-6c29d3b e-flex e-con-boxed e-con e-parent\" data-id=\"6c29d3b\" data-element_type=\"container\">\n\t\t\t\t\t<div class=\"e-con-inner\">\n\t\t\t\t<div class=\"elementor-element elementor-element-6fddd9f elementor-widget elementor-widget-heading\" data-id=\"6fddd9f\" data-element_type=\"widget\" data-widget_type=\"heading.default\">\n\t\t\t\t<div class=\"elementor-widget-container\">\n\t\t\t<h3 class=\"elementor-heading-title elementor-size-default\">Paquist\u00e3o<\/h3>\t\t<\/div>\n\t\t\t\t<\/div>\n\t\t\t\t<div class=\"elementor-element elementor-element-7bee14f elementor-widget elementor-widget-text-editor\" data-id=\"7bee14f\" data-element_type=\"widget\" data-widget_type=\"text-editor.default\">\n\t\t\t\t<div class=\"elementor-widget-container\">\n\t\t\t<style>\/*! elementor - v3.22.0 - 26-06-2024 *\/\n.elementor-widget-text-editor.elementor-drop-cap-view-stacked .elementor-drop-cap{background-color:#69727d;color:#fff}.elementor-widget-text-editor.elementor-drop-cap-view-framed .elementor-drop-cap{color:#69727d;border:3px solid;background-color:transparent}.elementor-widget-text-editor:not(.elementor-drop-cap-view-default) .elementor-drop-cap{margin-top:8px}.elementor-widget-text-editor:not(.elementor-drop-cap-view-default) .elementor-drop-cap-letter{width:1em;height:1em}.elementor-widget-text-editor .elementor-drop-cap{float:left;text-align:center;line-height:1;font-size:50px}.elementor-widget-text-editor .elementor-drop-cap-letter{display:inline-block}<\/style>\t\t\t\t<p>A POWERCHINA entrou no mercado paquistan\u00eas em 1987 com um investimento total de cerca de US$ 2,2 bilh\u00f5es. Em particular, ap\u00f3s o Corredor Econ\u00f4mico China-Paquist\u00e3o em 2013, a POWERCHINA implementou com sucesso v\u00e1rios projetos importantes, como a Usina El\u00e9trica a Carv\u00e3o de Port Qasim 2 \u00d7 660 MW, Projeto de Energia E\u00f3lica Dawood, Haveli Bahadur Shah 1.230 MW Energia a Carv\u00e3o de Ciclo Combinado Projeto, 4\u00aa Extens\u00e3o da Central Hidrel\u00e9trica de Tarbela (Obras Civis). Tamb\u00e9m conquistou v\u00e1rias conquistas de classe mundial em termos de progresso, seguran\u00e7a e qualidade nesses projetos.<\/p><p>Atualmente, a POWERCHINA tem se dedicado \u00e0 constru\u00e7\u00e3o de v\u00e1rios projetos, incluindo alguns projetos de energia solar e e\u00f3lica em Sindh, como o Tarbela 5th Extension Hydropower Project (Civil Works) e o megaprojeto Diamer Basha Dam. Mais de 10.000 paquistaneses est\u00e3o trabalhando na POWERCHINA para construir um Paquist\u00e3o limpo e verde. A POWERCHINA sempre aderiu ao conceito de \u201calcan\u00e7ar o crescimento compartilhado por meio de discuss\u00e3o e colabora\u00e7\u00e3o\u201d e se comprometeu a trabalhar com o governo local e as empresas para formar uma coopera\u00e7\u00e3o favor\u00e1vel e uma situa\u00e7\u00e3o ganha-ganha, construindo ativamente uma comunidade compartilhada entre a China e o Paquist\u00e3o.<\/p><p>Como um grupo de design e constru\u00e7\u00e3o l\u00edder mundial no campo da energia, a POWERCHINA est\u00e1 atualmente buscando mais oportunidades de investimento, engenharia e constru\u00e7\u00e3o em colabora\u00e7\u00e3o com parceiros internacionais relevantes, aproveitando ao m\u00e1ximo os ricos recursos h\u00eddricos, e\u00f3licos, solares e mineiros do Paquist\u00e3o.<\/p><h4>Principais projetos:<\/h4><p>1. Pot\u00eancia:<\/p><p>(1) Projeto de Usina Termoel\u00e9trica a Carv\u00e3o do Porto Qasim 2\u00d7660 MW<\/p><p><img fetchpriority=\"high\" decoding=\"async\" class=\"alignnone size-full wp-image-1675\" src=\"https:\/\/powerchina.com.br\/wp-content\/uploads\/2023\/07\/1667527926841072538.jpg\" sizes=\"(max-width: 800px) 100vw, 800px\" srcset=\"https:\/\/powerchina.com.br\/wp-content\/uploads\/2023\/07\/1667527926841072538.jpg 800w, https:\/\/powerchina.com.br\/wp-content\/uploads\/2023\/07\/1667527926841072538-300x200.jpg 300w, https:\/\/powerchina.com.br\/wp-content\/uploads\/2023\/07\/1667527926841072538-768x512.jpg 768w\" alt=\"\" width=\"800\" height=\"533\" \/><\/p><p>(2) Projeto Dawood Wind Power<\/p><p><img decoding=\"async\" class=\"alignnone wp-image-1676 size-full\" src=\"https:\/\/powerchina.com.br\/wp-content\/uploads\/2023\/07\/1667527934281036943.jpg\" sizes=\"(max-width: 800px) 100vw, 800px\" srcset=\"https:\/\/powerchina.com.br\/wp-content\/uploads\/2023\/07\/1667527934281036943.jpg 800w, https:\/\/powerchina.com.br\/wp-content\/uploads\/2023\/07\/1667527934281036943-300x225.jpg 300w, https:\/\/powerchina.com.br\/wp-content\/uploads\/2023\/07\/1667527934281036943-768x576.jpg 768w\" alt=\"\" width=\"800\" height=\"600\" \/><\/p><p>(3) Projeto da Barragem de Diamer Basha (MW-1) Parte da Barragem (Obras Civis) e Obras Hidrel\u00e9tricas de Tangir<\/p><p><img decoding=\"async\" class=\"alignnone size-full wp-image-1677\" src=\"https:\/\/powerchina.com.br\/wp-content\/uploads\/2023\/07\/1667527943419088515.jpg\" sizes=\"(max-width: 800px) 100vw, 800px\" srcset=\"https:\/\/powerchina.com.br\/wp-content\/uploads\/2023\/07\/1667527943419088515.jpg 800w, https:\/\/powerchina.com.br\/wp-content\/uploads\/2023\/07\/1667527943419088515-300x169.jpg 300w, https:\/\/powerchina.com.br\/wp-content\/uploads\/2023\/07\/1667527943419088515-768x432.jpg 768w\" alt=\"\" width=\"800\" height=\"450\" \/><\/p><p>(4) Projeto Hidrel\u00e9trico Tarbela 4\u00aa Extens\u00e3o (Obras Civis)<\/p><p><img loading=\"lazy\" decoding=\"async\" class=\"alignnone size-full wp-image-1678\" src=\"https:\/\/powerchina.com.br\/wp-content\/uploads\/2023\/07\/1667527951014021287.jpg\" sizes=\"(max-width: 800px) 100vw, 800px\" srcset=\"https:\/\/powerchina.com.br\/wp-content\/uploads\/2023\/07\/1667527951014021287.jpg 800w, https:\/\/powerchina.com.br\/wp-content\/uploads\/2023\/07\/1667527951014021287-300x183.jpg 300w, https:\/\/powerchina.com.br\/wp-content\/uploads\/2023\/07\/1667527951014021287-768x468.jpg 768w\" alt=\"\" width=\"800\" height=\"487\" \/><\/p><p>(5) Usina de Energia a Carv\u00e3o Lucky de 660 MW<\/p><p><img loading=\"lazy\" decoding=\"async\" class=\"alignnone size-full wp-image-1679\" src=\"https:\/\/powerchina.com.br\/wp-content\/uploads\/2023\/07\/1667527959817005612.jpg\" sizes=\"(max-width: 800px) 100vw, 800px\" srcset=\"https:\/\/powerchina.com.br\/wp-content\/uploads\/2023\/07\/1667527959817005612.jpg 800w, https:\/\/powerchina.com.br\/wp-content\/uploads\/2023\/07\/1667527959817005612-300x225.jpg 300w, https:\/\/powerchina.com.br\/wp-content\/uploads\/2023\/07\/1667527959817005612-768x576.jpg 768w\" alt=\"\" width=\"800\" height=\"600\" \/><\/p><p>(6) Projeto de Energia de Ciclo Combinado Haveli Bahadur Shah 1.230 MW<\/p><p><img loading=\"lazy\" decoding=\"async\" class=\"alignnone size-full wp-image-1680\" src=\"https:\/\/powerchina.com.br\/wp-content\/uploads\/2023\/07\/1667527965847052898.png\" sizes=\"(max-width: 800px) 100vw, 800px\" srcset=\"https:\/\/powerchina.com.br\/wp-content\/uploads\/2023\/07\/1667527965847052898.png 800w, https:\/\/powerchina.com.br\/wp-content\/uploads\/2023\/07\/1667527965847052898-300x166.png 300w, https:\/\/powerchina.com.br\/wp-content\/uploads\/2023\/07\/1667527965847052898-768x425.png 768w\" alt=\"\" width=\"800\" height=\"443\" \/><\/p><p>(7) Sachal 50 MW Energia E\u00f3lica<\/p><p><img loading=\"lazy\" decoding=\"async\" class=\"alignnone size-full wp-image-1681\" src=\"https:\/\/powerchina.com.br\/wp-content\/uploads\/2023\/07\/1667527974304020207.jpg\" sizes=\"(max-width: 800px) 100vw, 800px\" srcset=\"https:\/\/powerchina.com.br\/wp-content\/uploads\/2023\/07\/1667527974304020207.jpg 800w, https:\/\/powerchina.com.br\/wp-content\/uploads\/2023\/07\/1667527974304020207-300x200.jpg 300w, https:\/\/powerchina.com.br\/wp-content\/uploads\/2023\/07\/1667527974304020207-768x512.jpg 768w\" alt=\"\" width=\"800\" height=\"533\" \/><\/p><h4>Investimento:<\/h4><p>(1) Projeto de Usina Termoel\u00e9trica a Carv\u00e3o do Porto Qasim 2\u00d7660 MW<\/p><p>(2) Projeto Dawood Wind Power<\/p>\t\t\t\t\t\t<\/div>\n\t\t\t\t<\/div>\n\t\t\t\t\t<\/div>\n\t\t\t\t<\/div>\n\t\t\t\t<\/div>\n\t\t","protected":false},"excerpt":{"rendered":"<p>Pelo mundo \u00c1frica Oriental e Sul Oeste e Centro da \u00c1frica Oriente M\u00e9dio e Norte da \u00c1frica Eur\u00e1sia \u00c1sia Oceano Pac\u00edfico Am\u00e9ricas Paquist\u00e3o A POWERCHINA entrou no mercado paquistan\u00eas em 1987 com um investimento total de cerca de US$ 2,2 bilh\u00f5es. Em particular, ap\u00f3s o Corredor Econ\u00f4mico China-Paquist\u00e3o em 2013, a POWERCHINA implementou com sucesso [&hellip;]<\/p>\n","protected":false},"author":3,"featured_media":0,"parent":1844,"menu_order":0,"comment_status":"closed","ping_status":"closed","template":"elementor_header_footer","meta":{"footnotes":""},"_links":{"self":[{"href":"https:\/\/powerchina.com.br\/new\/wp-json\/wp\/v2\/pages\/1674"}],"collection":[{"href":"https:\/\/powerchina.com.br\/new\/wp-json\/wp\/v2\/pages"}],"about":[{"href":"https:\/\/powerchina.com.br\/new\/wp-json\/wp\/v2\/types\/page"}],"author":[{"embeddable":true,"href":"https:\/\/powerchina.com.br\/new\/wp-json\/wp\/v2\/users\/3"}],"replies":[{"embeddable":true,"href":"https:\/\/powerchina.com.br\/new\/wp-json\/wp\/v2\/comments?post=1674"}],"version-history":[{"count":8,"href":"https:\/\/powerchina.com.br\/new\/wp-json\/wp\/v2\/pages\/1674\/revisions"}],"predecessor-version":[{"id":3792,"href":"https:\/\/powerchina.com.br\/new\/wp-json\/wp\/v2\/pages\/1674\/revisions\/3792"}],"up":[{"embeddable":true,"href":"https:\/\/powerchina.com.br\/new\/wp-json\/wp\/v2\/pages\/1844"}],"wp:attachment":[{"href":"https:\/\/powerchina.com.br\/new\/wp-json\/wp\/v2\/media?parent=1674"}],"curies":[{"name":"wp","href":"https:\/\/api.w.org\/{rel}","templated":true}]}}