{"id":1686,"date":"2023-07-03T10:48:08","date_gmt":"2023-07-03T13:48:08","guid":{"rendered":"https:\/\/new.powerchina.com.br\/?page_id=1686"},"modified":"2024-09-23T12:07:21","modified_gmt":"2024-09-23T15:07:21","slug":"bangladesh","status":"publish","type":"page","link":"https:\/\/powerchina.com.br\/new\/pelo-mundo\/pelo-mundo-4\/bangladesh\/","title":{"rendered":"Bangladesh"},"content":{"rendered":"\t\t<div data-elementor-type=\"wp-page\" data-elementor-id=\"1686\" class=\"elementor elementor-1686\" data-elementor-post-type=\"page\">\n\t\t\t\t<div class=\"elementor-element elementor-element-202c843 e-flex e-con-boxed e-con e-parent\" data-id=\"202c843\" data-element_type=\"container\" data-settings=\"{&quot;background_background&quot;:&quot;classic&quot;}\">\n\t\t\t\t\t<div class=\"e-con-inner\">\n\t\t\t\t<div class=\"elementor-element elementor-element-1360d38 elementor-widget elementor-widget-heading\" data-id=\"1360d38\" data-element_type=\"widget\" data-widget_type=\"heading.default\">\n\t\t\t\t<div class=\"elementor-widget-container\">\n\t\t\t<style>\/*! elementor - v3.22.0 - 26-06-2024 *\/\n.elementor-heading-title{padding:0;margin:0;line-height:1}.elementor-widget-heading .elementor-heading-title[class*=elementor-size-]>a{color:inherit;font-size:inherit;line-height:inherit}.elementor-widget-heading .elementor-heading-title.elementor-size-small{font-size:15px}.elementor-widget-heading .elementor-heading-title.elementor-size-medium{font-size:19px}.elementor-widget-heading .elementor-heading-title.elementor-size-large{font-size:29px}.elementor-widget-heading .elementor-heading-title.elementor-size-xl{font-size:39px}.elementor-widget-heading .elementor-heading-title.elementor-size-xxl{font-size:59px}<\/style><h2 class=\"elementor-heading-title elementor-size-default\">Pelo mundo<\/h2>\t\t<\/div>\n\t\t\t\t<\/div>\n\t\t\t\t\t<\/div>\n\t\t\t\t<\/div>\n\t\t<div class=\"elementor-element elementor-element-dfdfce8 e-grid e-con-boxed e-con e-parent\" data-id=\"dfdfce8\" data-element_type=\"container\" data-settings=\"{&quot;background_background&quot;:&quot;classic&quot;}\">\n\t\t\t\t\t<div class=\"e-con-inner\">\n\t\t<a class=\"elementor-element elementor-element-5a60101 e-con-full e-flex e-con e-child\" data-id=\"5a60101\" data-element_type=\"container\" data-settings=\"{&quot;background_background&quot;:&quot;classic&quot;}\" href=\"https:\/\/powerchina.com.br\/new\/pelo-mundo\/pelo-mundo-1\/\">\n\t\t\t\t<div class=\"elementor-element elementor-element-2e2ced5 elementor-widget elementor-widget-heading\" data-id=\"2e2ced5\" data-element_type=\"widget\" data-widget_type=\"heading.default\">\n\t\t\t\t<div class=\"elementor-widget-container\">\n\t\t\t<span class=\"elementor-heading-title elementor-size-default\">\u00c1frica Oriental e Sul<\/span>\t\t<\/div>\n\t\t\t\t<\/div>\n\t\t\t\t<\/a>\n\t\t<a class=\"elementor-element elementor-element-bfa0a59 e-con-full e-flex e-con e-child\" data-id=\"bfa0a59\" data-element_type=\"container\" data-settings=\"{&quot;background_background&quot;:&quot;classic&quot;}\" href=\"https:\/\/powerchina.com.br\/new\/pelo-mundo\/pelo-mundo-2\/\">\n\t\t\t\t<div class=\"elementor-element elementor-element-02710d2 elementor-widget elementor-widget-heading\" data-id=\"02710d2\" data-element_type=\"widget\" data-widget_type=\"heading.default\">\n\t\t\t\t<div class=\"elementor-widget-container\">\n\t\t\t<span class=\"elementor-heading-title elementor-size-default\">Oeste e Centro da \u00c1frica<\/span>\t\t<\/div>\n\t\t\t\t<\/div>\n\t\t\t\t<\/a>\n\t\t<a class=\"elementor-element elementor-element-b6bcae1 e-con-full e-flex e-con e-child\" data-id=\"b6bcae1\" data-element_type=\"container\" data-settings=\"{&quot;background_background&quot;:&quot;classic&quot;}\" href=\"https:\/\/powerchina.com.br\/new\/pelo-mundo\/pelo-mundo-3\/\">\n\t\t\t\t<div class=\"elementor-element elementor-element-06c7e76 elementor-widget elementor-widget-heading\" data-id=\"06c7e76\" data-element_type=\"widget\" data-widget_type=\"heading.default\">\n\t\t\t\t<div class=\"elementor-widget-container\">\n\t\t\t<span class=\"elementor-heading-title elementor-size-default\">Oriente M\u00e9dio e Norte da \u00c1frica<\/span>\t\t<\/div>\n\t\t\t\t<\/div>\n\t\t\t\t<\/a>\n\t\t<a class=\"elementor-element elementor-element-97c7f84 e-con-full e-flex e-con e-child\" data-id=\"97c7f84\" data-element_type=\"container\" data-settings=\"{&quot;background_background&quot;:&quot;classic&quot;}\" href=\"https:\/\/powerchina.com.br\/new\/pelo-mundo\/pelo-mundo-4\/\">\n\t\t\t\t<div class=\"elementor-element elementor-element-8ba27c3 elementor-widget elementor-widget-heading\" data-id=\"8ba27c3\" data-element_type=\"widget\" data-widget_type=\"heading.default\">\n\t\t\t\t<div class=\"elementor-widget-container\">\n\t\t\t<span class=\"elementor-heading-title elementor-size-default\">Eur\u00e1sia<\/span>\t\t<\/div>\n\t\t\t\t<\/div>\n\t\t\t\t<\/a>\n\t\t<a class=\"elementor-element elementor-element-f502ddd e-con-full e-flex e-con e-child\" data-id=\"f502ddd\" data-element_type=\"container\" data-settings=\"{&quot;background_background&quot;:&quot;classic&quot;}\" href=\"https:\/\/powerchina.com.br\/new\/pelo-mundo\/pelo-mundo-5\/\">\n\t\t\t\t<div class=\"elementor-element elementor-element-b7f91b9 elementor-widget elementor-widget-heading\" data-id=\"b7f91b9\" data-element_type=\"widget\" data-widget_type=\"heading.default\">\n\t\t\t\t<div class=\"elementor-widget-container\">\n\t\t\t<span class=\"elementor-heading-title elementor-size-default\">\u00c1sia Oceano Pac\u00edfico<\/span>\t\t<\/div>\n\t\t\t\t<\/div>\n\t\t\t\t<\/a>\n\t\t<a class=\"elementor-element elementor-element-2d91d2d e-con-full e-flex e-con e-child\" data-id=\"2d91d2d\" data-element_type=\"container\" data-settings=\"{&quot;background_background&quot;:&quot;classic&quot;}\" href=\"https:\/\/powerchina.com.br\/new\/pelo-mundo\/pelo-mundo-6\/\">\n\t\t\t\t<div class=\"elementor-element elementor-element-8d49d22 elementor-widget elementor-widget-heading\" data-id=\"8d49d22\" data-element_type=\"widget\" data-widget_type=\"heading.default\">\n\t\t\t\t<div class=\"elementor-widget-container\">\n\t\t\t<span class=\"elementor-heading-title elementor-size-default\">Am\u00e9ricas<\/span>\t\t<\/div>\n\t\t\t\t<\/div>\n\t\t\t\t<\/a>\n\t\t\t\t\t<\/div>\n\t\t\t\t<\/div>\n\t\t<div class=\"elementor-element elementor-element-4ef4d25 e-flex e-con-boxed e-con e-parent\" data-id=\"4ef4d25\" data-element_type=\"container\">\n\t\t\t\t\t<div class=\"e-con-inner\">\n\t\t\t\t<div class=\"elementor-element elementor-element-d88244f elementor-widget elementor-widget-heading\" data-id=\"d88244f\" data-element_type=\"widget\" data-widget_type=\"heading.default\">\n\t\t\t\t<div class=\"elementor-widget-container\">\n\t\t\t<h3 class=\"elementor-heading-title elementor-size-default\">Bangladesh<\/h3>\t\t<\/div>\n\t\t\t\t<\/div>\n\t\t\t\t<div class=\"elementor-element elementor-element-42b44ba elementor-widget elementor-widget-text-editor\" data-id=\"42b44ba\" data-element_type=\"widget\" data-widget_type=\"text-editor.default\">\n\t\t\t\t<div class=\"elementor-widget-container\">\n\t\t\t<style>\/*! elementor - v3.22.0 - 26-06-2024 *\/\n.elementor-widget-text-editor.elementor-drop-cap-view-stacked .elementor-drop-cap{background-color:#69727d;color:#fff}.elementor-widget-text-editor.elementor-drop-cap-view-framed .elementor-drop-cap{color:#69727d;border:3px solid;background-color:transparent}.elementor-widget-text-editor:not(.elementor-drop-cap-view-default) .elementor-drop-cap{margin-top:8px}.elementor-widget-text-editor:not(.elementor-drop-cap-view-default) .elementor-drop-cap-letter{width:1em;height:1em}.elementor-widget-text-editor .elementor-drop-cap{float:left;text-align:center;line-height:1;font-size:50px}.elementor-widget-text-editor .elementor-drop-cap-letter{display:inline-block}<\/style>\t\t\t\t<p>A POWERCHINA estreou no mercado de Bangladesh em 1996, e agora Bangladesh \u00e9 um de seus principais mercados no escopo de neg\u00f3cios globais.<\/p><p>Em Bangladesh, a POWERCHINA concluiu 20 projetos com um valor total de contrato de cerca de US$ 1,16 bilh\u00e3o, e 24 projetos est\u00e3o em andamento no valor de US$ 4,89 bilh\u00f5es, nos quais mais de 50% do valor do contrato \u00e9 gerado pelo IDE da POWERCHINA. Os neg\u00f3cios da POWERCHINA em Bangladesh s\u00e3o principalmente em energia, recursos h\u00eddricos e infraestrutura de transporte. No setor de energia, a POWERCHINA contribuiu com 13% da meta que o governo de Bangladesh estabeleceu em 2021 que a capacidade de gera\u00e7\u00e3o de energia para 24.000 MW.<\/p><p>A POWERCHINA contribui para a promo\u00e7\u00e3o do crescimento econ\u00f4mico e da seguran\u00e7a social de Bangladesh. Nas \u00faltimas duas d\u00e9cadas, a POWERCHINA desempenhou um papel importante na melhoria dos meios de subsist\u00eancia e do padr\u00e3o de vida da popula\u00e7\u00e3o local e no fortalecimento da coopera\u00e7\u00e3o e dos la\u00e7os entre Bangladesh e China.<\/p><p>At\u00e9 hoje, a POWERCHINA forneceu 14.569 postos de trabalho por meio da implementa\u00e7\u00e3o de projetos em Bangladesh. A for\u00e7a de trabalho treinada nos projetos da POWERCHINA est\u00e1 se tornando h\u00e1bil em \u00e1reas comerciais, t\u00e9cnicas ou outras, o que, por sua vez, permite \u00e0 POWERCHINA ter uma base s\u00f3lida para contribuir com o desenvolvimento sustent\u00e1vel de Bangladesh.<\/p><p>Valorizamos o ambiente onde vivemos valorizamos o valor de entrada de nossos funcion\u00e1rios de Bangladesh, seguimos altos padr\u00f5es de exig\u00eancia de prote\u00e7\u00e3o de Sa\u00fade, Seguran\u00e7a e Meio Ambiente (HSE) em nossos projetos.<\/p><h4>Principais Projetos:<\/h4><p>Energia:<\/p><p>Projeto de usina a carv\u00e3o SS Power I 2\u00d7660 MW<\/p><p><img fetchpriority=\"high\" decoding=\"async\" class=\"alignnone size-full wp-image-1687\" src=\"https:\/\/powerchina.com.br\/wp-content\/uploads\/2023\/07\/1667527704950015562.png\" sizes=\"(max-width: 800px) 100vw, 800px\" srcset=\"https:\/\/powerchina.com.br\/wp-content\/uploads\/2023\/07\/1667527704950015562.png 800w, https:\/\/powerchina.com.br\/wp-content\/uploads\/2023\/07\/1667527704950015562-300x200.png 300w, https:\/\/powerchina.com.br\/wp-content\/uploads\/2023\/07\/1667527704950015562-768x512.png 768w\" alt=\"\" width=\"800\" height=\"533\" \/><\/p><p>Projeto de Fortalecimento da Rede El\u00e9trica no \u00e2mbito do PGCB<\/p><p><img decoding=\"async\" class=\"alignnone size-full wp-image-1688\" src=\"https:\/\/powerchina.com.br\/wp-content\/uploads\/2023\/07\/1667527798768073263.jpg\" sizes=\"(max-width: 800px) 100vw, 800px\" srcset=\"https:\/\/powerchina.com.br\/wp-content\/uploads\/2023\/07\/1667527798768073263.jpg 800w, https:\/\/powerchina.com.br\/wp-content\/uploads\/2023\/07\/1667527798768073263-225x300.jpg 225w, https:\/\/powerchina.com.br\/wp-content\/uploads\/2023\/07\/1667527798768073263-768x1024.jpg 768w\" alt=\"\" width=\"800\" height=\"1067\" \/><\/p><p>Transporte:<\/p><p>Constru\u00e7\u00e3o de obras civis e de constru\u00e7\u00e3o em Uttara Depot para MRT Line 6, Dhaka, Pacote de Contrato CP-02<\/p><p><img decoding=\"async\" class=\"alignnone size-full wp-image-1689\" src=\"https:\/\/powerchina.com.br\/wp-content\/uploads\/2023\/07\/1667527824961026192.jpg\" sizes=\"(max-width: 800px) 100vw, 800px\" srcset=\"https:\/\/powerchina.com.br\/wp-content\/uploads\/2023\/07\/1667527824961026192.jpg 800w, https:\/\/powerchina.com.br\/wp-content\/uploads\/2023\/07\/1667527824961026192-300x169.jpg 300w, https:\/\/powerchina.com.br\/wp-content\/uploads\/2023\/07\/1667527824961026192-768x432.jpg 768w\" alt=\"\" width=\"800\" height=\"450\" \/><\/p><p>Primeira via expressa elevada de Dhaka<\/p><p><img loading=\"lazy\" decoding=\"async\" class=\"alignnone size-full wp-image-1690\" src=\"https:\/\/powerchina.com.br\/wp-content\/uploads\/2023\/07\/1667527833551091631.jpg\" sizes=\"(max-width: 800px) 100vw, 800px\" srcset=\"https:\/\/powerchina.com.br\/wp-content\/uploads\/2023\/07\/1667527833551091631.jpg 800w, https:\/\/powerchina.com.br\/wp-content\/uploads\/2023\/07\/1667527833551091631-300x152.jpg 300w, https:\/\/powerchina.com.br\/wp-content\/uploads\/2023\/07\/1667527833551091631-768x390.jpg 768w\" alt=\"\" width=\"800\" height=\"406\" \/><\/p><p>Constru\u00e7\u00e3o Civil:<\/p><p>Projeto da Esta\u00e7\u00e3o de Tratamento de Esgoto Dhasherkandi<\/p><p><img loading=\"lazy\" decoding=\"async\" class=\"size-full wp-image-1691\" src=\"https:\/\/powerchina.com.br\/wp-content\/uploads\/2023\/07\/1667527843284052645.jpg\" sizes=\"(max-width: 800px) 100vw, 800px\" srcset=\"https:\/\/powerchina.com.br\/wp-content\/uploads\/2023\/07\/1667527843284052645.jpg 800w, https:\/\/powerchina.com.br\/wp-content\/uploads\/2023\/07\/1667527843284052645-300x169.jpg 300w, https:\/\/powerchina.com.br\/wp-content\/uploads\/2023\/07\/1667527843284052645-768x432.jpg 768w\" alt=\"\" width=\"800\" height=\"450\" \/><\/p><p>Conserva\u00e7\u00e3o da \u00c1gua:<\/p><p>Projeto Ponte Multiuso Padma Obras de treinamento do rio<\/p><p><img loading=\"lazy\" decoding=\"async\" class=\"alignnone size-full wp-image-1692\" src=\"https:\/\/powerchina.com.br\/wp-content\/uploads\/2023\/07\/1667527854453080300.jpg\" sizes=\"(max-width: 800px) 100vw, 800px\" srcset=\"https:\/\/powerchina.com.br\/wp-content\/uploads\/2023\/07\/1667527854453080300.jpg 800w, https:\/\/powerchina.com.br\/wp-content\/uploads\/2023\/07\/1667527854453080300-300x200.jpg 300w, https:\/\/powerchina.com.br\/wp-content\/uploads\/2023\/07\/1667527854453080300-768x512.jpg 768w\" alt=\"\" width=\"800\" height=\"533\" \/><\/p><p>Investimento:<\/p><p>Usina termel\u00e9trica a carv\u00e3o Barishal de 307 MW (l\u00edquido)<\/p><p><img loading=\"lazy\" decoding=\"async\" class=\"alignnone wp-image-1693 size-full\" src=\"https:\/\/powerchina.com.br\/wp-content\/uploads\/2023\/07\/1667527861836032327.jpg\" sizes=\"(max-width: 800px) 100vw, 800px\" srcset=\"https:\/\/powerchina.com.br\/wp-content\/uploads\/2023\/07\/1667527861836032327.jpg 800w, https:\/\/powerchina.com.br\/wp-content\/uploads\/2023\/07\/1667527861836032327-300x169.jpg 300w, https:\/\/powerchina.com.br\/wp-content\/uploads\/2023\/07\/1667527861836032327-768x432.jpg 768w\" alt=\"\" width=\"800\" height=\"450\" \/><\/p>\t\t\t\t\t\t<\/div>\n\t\t\t\t<\/div>\n\t\t\t\t\t<\/div>\n\t\t\t\t<\/div>\n\t\t\t\t<\/div>\n\t\t","protected":false},"excerpt":{"rendered":"<p>Pelo mundo \u00c1frica Oriental e Sul Oeste e Centro da \u00c1frica Oriente M\u00e9dio e Norte da \u00c1frica Eur\u00e1sia \u00c1sia Oceano Pac\u00edfico Am\u00e9ricas Bangladesh A POWERCHINA estreou no mercado de Bangladesh em 1996, e agora Bangladesh \u00e9 um de seus principais mercados no escopo de neg\u00f3cios globais. Em Bangladesh, a POWERCHINA concluiu 20 projetos com um [&hellip;]<\/p>\n","protected":false},"author":3,"featured_media":0,"parent":1844,"menu_order":0,"comment_status":"closed","ping_status":"closed","template":"elementor_header_footer","meta":{"footnotes":""},"_links":{"self":[{"href":"https:\/\/powerchina.com.br\/new\/wp-json\/wp\/v2\/pages\/1686"}],"collection":[{"href":"https:\/\/powerchina.com.br\/new\/wp-json\/wp\/v2\/pages"}],"about":[{"href":"https:\/\/powerchina.com.br\/new\/wp-json\/wp\/v2\/types\/page"}],"author":[{"embeddable":true,"href":"https:\/\/powerchina.com.br\/new\/wp-json\/wp\/v2\/users\/3"}],"replies":[{"embeddable":true,"href":"https:\/\/powerchina.com.br\/new\/wp-json\/wp\/v2\/comments?post=1686"}],"version-history":[{"count":8,"href":"https:\/\/powerchina.com.br\/new\/wp-json\/wp\/v2\/pages\/1686\/revisions"}],"predecessor-version":[{"id":3787,"href":"https:\/\/powerchina.com.br\/new\/wp-json\/wp\/v2\/pages\/1686\/revisions\/3787"}],"up":[{"embeddable":true,"href":"https:\/\/powerchina.com.br\/new\/wp-json\/wp\/v2\/pages\/1844"}],"wp:attachment":[{"href":"https:\/\/powerchina.com.br\/new\/wp-json\/wp\/v2\/media?parent=1686"}],"curies":[{"name":"wp","href":"https:\/\/api.w.org\/{rel}","templated":true}]}}