{"id":1717,"date":"2023-07-03T11:09:29","date_gmt":"2023-07-03T14:09:29","guid":{"rendered":"https:\/\/new.powerchina.com.br\/?page_id=1717"},"modified":"2024-09-23T12:12:26","modified_gmt":"2024-09-23T15:12:26","slug":"servia","status":"publish","type":"page","link":"https:\/\/powerchina.com.br\/new\/pelo-mundo\/pelo-mundo-4\/servia\/","title":{"rendered":"S\u00e9rvia"},"content":{"rendered":"\t\t<div data-elementor-type=\"wp-page\" data-elementor-id=\"1717\" class=\"elementor elementor-1717\" data-elementor-post-type=\"page\">\n\t\t\t\t<div class=\"elementor-element elementor-element-6070fe8 e-flex e-con-boxed e-con e-parent\" data-id=\"6070fe8\" data-element_type=\"container\" data-settings=\"{&quot;background_background&quot;:&quot;classic&quot;}\">\n\t\t\t\t\t<div class=\"e-con-inner\">\n\t\t\t\t<div class=\"elementor-element elementor-element-46d7da4 elementor-widget elementor-widget-heading\" data-id=\"46d7da4\" data-element_type=\"widget\" data-widget_type=\"heading.default\">\n\t\t\t\t<div class=\"elementor-widget-container\">\n\t\t\t<style>\/*! elementor - v3.22.0 - 26-06-2024 *\/\n.elementor-heading-title{padding:0;margin:0;line-height:1}.elementor-widget-heading .elementor-heading-title[class*=elementor-size-]>a{color:inherit;font-size:inherit;line-height:inherit}.elementor-widget-heading .elementor-heading-title.elementor-size-small{font-size:15px}.elementor-widget-heading .elementor-heading-title.elementor-size-medium{font-size:19px}.elementor-widget-heading .elementor-heading-title.elementor-size-large{font-size:29px}.elementor-widget-heading .elementor-heading-title.elementor-size-xl{font-size:39px}.elementor-widget-heading .elementor-heading-title.elementor-size-xxl{font-size:59px}<\/style><h2 class=\"elementor-heading-title elementor-size-default\">Pelo mundo<\/h2>\t\t<\/div>\n\t\t\t\t<\/div>\n\t\t\t\t\t<\/div>\n\t\t\t\t<\/div>\n\t\t<div class=\"elementor-element elementor-element-4cb2d2d e-grid e-con-boxed e-con e-parent\" data-id=\"4cb2d2d\" data-element_type=\"container\" data-settings=\"{&quot;background_background&quot;:&quot;classic&quot;}\">\n\t\t\t\t\t<div class=\"e-con-inner\">\n\t\t<a class=\"elementor-element elementor-element-6f373e8 e-con-full e-flex e-con e-child\" data-id=\"6f373e8\" data-element_type=\"container\" data-settings=\"{&quot;background_background&quot;:&quot;classic&quot;}\" href=\"https:\/\/powerchina.com.br\/new\/pelo-mundo\/pelo-mundo-1\/\">\n\t\t\t\t<div class=\"elementor-element elementor-element-af26191 elementor-widget elementor-widget-heading\" data-id=\"af26191\" data-element_type=\"widget\" data-widget_type=\"heading.default\">\n\t\t\t\t<div class=\"elementor-widget-container\">\n\t\t\t<span class=\"elementor-heading-title elementor-size-default\">\u00c1frica Oriental e Sul<\/span>\t\t<\/div>\n\t\t\t\t<\/div>\n\t\t\t\t<\/a>\n\t\t<a class=\"elementor-element elementor-element-2860e1d e-con-full e-flex e-con e-child\" data-id=\"2860e1d\" data-element_type=\"container\" data-settings=\"{&quot;background_background&quot;:&quot;classic&quot;}\" href=\"https:\/\/powerchina.com.br\/new\/pelo-mundo\/pelo-mundo-2\/\">\n\t\t\t\t<div class=\"elementor-element elementor-element-4bc37d9 elementor-widget elementor-widget-heading\" data-id=\"4bc37d9\" data-element_type=\"widget\" data-widget_type=\"heading.default\">\n\t\t\t\t<div class=\"elementor-widget-container\">\n\t\t\t<span class=\"elementor-heading-title elementor-size-default\">Oeste e Centro da \u00c1frica<\/span>\t\t<\/div>\n\t\t\t\t<\/div>\n\t\t\t\t<\/a>\n\t\t<a class=\"elementor-element elementor-element-6e7a001 e-con-full e-flex e-con e-child\" data-id=\"6e7a001\" data-element_type=\"container\" data-settings=\"{&quot;background_background&quot;:&quot;classic&quot;}\" href=\"https:\/\/powerchina.com.br\/new\/pelo-mundo\/pelo-mundo-3\/\">\n\t\t\t\t<div class=\"elementor-element elementor-element-80bf954 elementor-widget elementor-widget-heading\" data-id=\"80bf954\" data-element_type=\"widget\" data-widget_type=\"heading.default\">\n\t\t\t\t<div class=\"elementor-widget-container\">\n\t\t\t<span class=\"elementor-heading-title elementor-size-default\">Oriente M\u00e9dio e Norte da \u00c1frica<\/span>\t\t<\/div>\n\t\t\t\t<\/div>\n\t\t\t\t<\/a>\n\t\t<a class=\"elementor-element elementor-element-10ad83f e-con-full e-flex e-con e-child\" data-id=\"10ad83f\" data-element_type=\"container\" data-settings=\"{&quot;background_background&quot;:&quot;classic&quot;}\" href=\"https:\/\/powerchina.com.br\/new\/pelo-mundo\/pelo-mundo-4\/\">\n\t\t\t\t<div class=\"elementor-element elementor-element-7904dbd elementor-widget elementor-widget-heading\" data-id=\"7904dbd\" data-element_type=\"widget\" data-widget_type=\"heading.default\">\n\t\t\t\t<div class=\"elementor-widget-container\">\n\t\t\t<span class=\"elementor-heading-title elementor-size-default\">Eur\u00e1sia<\/span>\t\t<\/div>\n\t\t\t\t<\/div>\n\t\t\t\t<\/a>\n\t\t<a class=\"elementor-element elementor-element-64fd2a1 e-con-full e-flex e-con e-child\" data-id=\"64fd2a1\" data-element_type=\"container\" data-settings=\"{&quot;background_background&quot;:&quot;classic&quot;}\" href=\"https:\/\/powerchina.com.br\/new\/pelo-mundo\/pelo-mundo-5\/\">\n\t\t\t\t<div class=\"elementor-element elementor-element-49f192a elementor-widget elementor-widget-heading\" data-id=\"49f192a\" data-element_type=\"widget\" data-widget_type=\"heading.default\">\n\t\t\t\t<div class=\"elementor-widget-container\">\n\t\t\t<span class=\"elementor-heading-title elementor-size-default\">\u00c1sia Oceano Pac\u00edfico<\/span>\t\t<\/div>\n\t\t\t\t<\/div>\n\t\t\t\t<\/a>\n\t\t<a class=\"elementor-element elementor-element-7b5bfea e-con-full e-flex e-con e-child\" data-id=\"7b5bfea\" data-element_type=\"container\" data-settings=\"{&quot;background_background&quot;:&quot;classic&quot;}\" href=\"https:\/\/powerchina.com.br\/new\/pelo-mundo\/pelo-mundo-6\/\">\n\t\t\t\t<div class=\"elementor-element elementor-element-1239e44 elementor-widget elementor-widget-heading\" data-id=\"1239e44\" data-element_type=\"widget\" data-widget_type=\"heading.default\">\n\t\t\t\t<div class=\"elementor-widget-container\">\n\t\t\t<span class=\"elementor-heading-title elementor-size-default\">Am\u00e9ricas<\/span>\t\t<\/div>\n\t\t\t\t<\/div>\n\t\t\t\t<\/a>\n\t\t\t\t\t<\/div>\n\t\t\t\t<\/div>\n\t\t<div class=\"elementor-element elementor-element-1d43459 e-flex e-con-boxed e-con e-parent\" data-id=\"1d43459\" data-element_type=\"container\">\n\t\t\t\t\t<div class=\"e-con-inner\">\n\t\t\t\t<div class=\"elementor-element elementor-element-d29b521 elementor-widget elementor-widget-heading\" data-id=\"d29b521\" data-element_type=\"widget\" data-widget_type=\"heading.default\">\n\t\t\t\t<div class=\"elementor-widget-container\">\n\t\t\t<h3 class=\"elementor-heading-title elementor-size-default\">S\u00e9rvia<\/h3>\t\t<\/div>\n\t\t\t\t<\/div>\n\t\t\t\t<div class=\"elementor-element elementor-element-12b17db elementor-widget elementor-widget-text-editor\" data-id=\"12b17db\" data-element_type=\"widget\" data-widget_type=\"text-editor.default\">\n\t\t\t\t<div class=\"elementor-widget-container\">\n\t\t\t<style>\/*! elementor - v3.22.0 - 26-06-2024 *\/\n.elementor-widget-text-editor.elementor-drop-cap-view-stacked .elementor-drop-cap{background-color:#69727d;color:#fff}.elementor-widget-text-editor.elementor-drop-cap-view-framed .elementor-drop-cap{color:#69727d;border:3px solid;background-color:transparent}.elementor-widget-text-editor:not(.elementor-drop-cap-view-default) .elementor-drop-cap{margin-top:8px}.elementor-widget-text-editor:not(.elementor-drop-cap-view-default) .elementor-drop-cap-letter{width:1em;height:1em}.elementor-widget-text-editor .elementor-drop-cap{float:left;text-align:center;line-height:1;font-size:50px}.elementor-widget-text-editor .elementor-drop-cap-letter{display:inline-block}<\/style>\t\t\t\t<p>A S\u00e9rvia \u00e9 um pa\u00eds sem litoral localizado na encruzilhada da Europa Central e do Sudeste, cobrindo a parte central dos B\u00e1lc\u00e3s. A S\u00e9rvia tem diversas formas de relevo, como plan\u00edcies f\u00e9rteis e cadeias de calc\u00e1rio, e h\u00e1 os Alpes Din\u00e1ricos e a Cordilheira dos C\u00e1rpatos no sudeste do pa\u00eds.<\/p><p>A amizade entre a China e a S\u00e9rvia foi fortalecida ao longo dos anos. A S\u00e9rvia v\u00ea a China como um dos quatro pilares de sua pol\u00edtica externa. \u00c0 medida que a Iniciativa do Cintur\u00e3o e Rota foi avan\u00e7ando, a coopera\u00e7\u00e3o entre a China e os pa\u00edses da Europa Central e Oriental tamb\u00e9m foi fortalecida. A S\u00e9rvia tamb\u00e9m faz esfor\u00e7os cont\u00ednuos para melhorar seu ambiente de investimento.<\/p><p>Desde que a POWERCHINA entrou no mercado da S\u00e9rvia em 2012, ela assinou sucessivamente 6 projetos, incluindo o Projeto de Bypass da S\u00e9rvia, Projeto de Tubula\u00e7\u00e3o de Aquecimento, Projeto de Ponte Sava e Projeto de Dep\u00f3sito de Metr\u00f4. No in\u00edcio de 2022, a POWERCHINA mudou sua sede regional da Eur\u00e1sia para Belgrado, capital da S\u00e9rvia, consolidando ainda mais sua posi\u00e7\u00e3o estrat\u00e9gica na S\u00e9rvia e realizando um desenvolvimento profundo no mercado de alto padr\u00e3o.<\/p><h4>Principais Projetos:<\/h4><p>Energia:<\/p><p>(1) Constru\u00e7\u00e3o do projeto de gasoduto de aquecimento urbano Obrenovac-Novi Beograd<\/p><p><img fetchpriority=\"high\" decoding=\"async\" class=\"alignnone size-full wp-image-1718\" src=\"https:\/\/powerchina.com.br\/wp-content\/uploads\/2023\/07\/1667528023472056238.png\" sizes=\"(max-width: 800px) 100vw, 800px\" srcset=\"https:\/\/powerchina.com.br\/wp-content\/uploads\/2023\/07\/1667528023472056238.png 800w, https:\/\/powerchina.com.br\/wp-content\/uploads\/2023\/07\/1667528023472056238-300x194.png 300w, https:\/\/powerchina.com.br\/wp-content\/uploads\/2023\/07\/1667528023472056238-768x497.png 768w\" alt=\"\" width=\"800\" height=\"518\" \/><\/p><p>Transporte:<\/p><p>(1) Constru\u00e7\u00e3o da Nova Ponte sobre o Rio Sava no Local da Antiga Ponte Sava em Belgrado<\/p><p><img decoding=\"async\" class=\"alignnone size-full wp-image-1719\" src=\"https:\/\/powerchina.com.br\/wp-content\/uploads\/2023\/07\/1667528031385001437.jpg\" sizes=\"(max-width: 800px) 100vw, 800px\" srcset=\"https:\/\/powerchina.com.br\/wp-content\/uploads\/2023\/07\/1667528031385001437.jpg 800w, https:\/\/powerchina.com.br\/wp-content\/uploads\/2023\/07\/1667528031385001437-300x180.jpg 300w, https:\/\/powerchina.com.br\/wp-content\/uploads\/2023\/07\/1667528031385001437-768x461.jpg 768w\" alt=\"\" width=\"800\" height=\"480\" \/><\/p><p><img decoding=\"async\" class=\"alignnone size-full wp-image-1720\" src=\"https:\/\/powerchina.com.br\/wp-content\/uploads\/2023\/07\/1667528039051020203.png\" sizes=\"(max-width: 800px) 100vw, 800px\" srcset=\"https:\/\/powerchina.com.br\/wp-content\/uploads\/2023\/07\/1667528039051020203.png 800w, https:\/\/powerchina.com.br\/wp-content\/uploads\/2023\/07\/1667528039051020203-300x245.png 300w, https:\/\/powerchina.com.br\/wp-content\/uploads\/2023\/07\/1667528039051020203-768x628.png 768w\" alt=\"\" width=\"800\" height=\"654\" \/><\/p><p><img loading=\"lazy\" decoding=\"async\" class=\"alignnone size-full wp-image-1721\" src=\"https:\/\/powerchina.com.br\/wp-content\/uploads\/2023\/07\/1667528047282044231.png\" sizes=\"(max-width: 800px) 100vw, 800px\" srcset=\"https:\/\/powerchina.com.br\/wp-content\/uploads\/2023\/07\/1667528047282044231.png 800w, https:\/\/powerchina.com.br\/wp-content\/uploads\/2023\/07\/1667528047282044231-300x134.png 300w, https:\/\/powerchina.com.br\/wp-content\/uploads\/2023\/07\/1667528047282044231-768x342.png 768w\" alt=\"\" width=\"800\" height=\"356\" \/><\/p><p>(2) O Projeto de Constru\u00e7\u00e3o da Infraestrutura e Terraplenagem do Planalto para Metro Depot no campo de Makis em Belgrado<\/p><p><img loading=\"lazy\" decoding=\"async\" class=\"alignnone wp-image-1722 size-full\" src=\"https:\/\/powerchina.com.br\/wp-content\/uploads\/2023\/07\/1667528055770007342.jpg\" sizes=\"(max-width: 800px) 100vw, 800px\" srcset=\"https:\/\/powerchina.com.br\/wp-content\/uploads\/2023\/07\/1667528055770007342.jpg 800w, https:\/\/powerchina.com.br\/wp-content\/uploads\/2023\/07\/1667528055770007342-300x169.jpg 300w, https:\/\/powerchina.com.br\/wp-content\/uploads\/2023\/07\/1667528055770007342-768x432.jpg 768w\" alt=\"\" width=\"800\" height=\"450\" \/><\/p><p>(3) Belgrade Bypass Project-Construction of Highway E70\/E75, Tro\u00e7o: Ponte sobre o rio Sava perto de Ostruznica-Bubanj Potok<\/p><p><img loading=\"lazy\" decoding=\"async\" class=\"alignnone size-full wp-image-1723\" src=\"https:\/\/powerchina.com.br\/wp-content\/uploads\/2023\/07\/1667528061688026218.jpg\" sizes=\"(max-width: 800px) 100vw, 800px\" srcset=\"https:\/\/powerchina.com.br\/wp-content\/uploads\/2023\/07\/1667528061688026218.jpg 800w, https:\/\/powerchina.com.br\/wp-content\/uploads\/2023\/07\/1667528061688026218-300x200.jpg 300w, https:\/\/powerchina.com.br\/wp-content\/uploads\/2023\/07\/1667528061688026218-768x512.jpg 768w\" alt=\"\" width=\"800\" height=\"533\" \/><\/p><p><img loading=\"lazy\" decoding=\"async\" class=\"alignnone size-full wp-image-1724\" src=\"https:\/\/powerchina.com.br\/wp-content\/uploads\/2023\/07\/1667528084271061149.png\" sizes=\"(max-width: 800px) 100vw, 800px\" srcset=\"https:\/\/powerchina.com.br\/wp-content\/uploads\/2023\/07\/1667528084271061149.png 800w, https:\/\/powerchina.com.br\/wp-content\/uploads\/2023\/07\/1667528084271061149-300x165.png 300w, https:\/\/powerchina.com.br\/wp-content\/uploads\/2023\/07\/1667528084271061149-768x421.png 768w\" alt=\"\" width=\"800\" height=\"439\" \/><\/p><p>(4) Manuten\u00e7\u00e3o Pesada (Atualiza\u00e7\u00e3o) da Estrada Estadual IA 1, Trecho: Trevo Razanj\u2013Troco Aleksinac<\/p><p>(5) Projeto de desvio de Gornji Milanovac<\/p>\t\t\t\t\t\t<\/div>\n\t\t\t\t<\/div>\n\t\t\t\t\t<\/div>\n\t\t\t\t<\/div>\n\t\t\t\t<\/div>\n\t\t","protected":false},"excerpt":{"rendered":"<p>Pelo mundo \u00c1frica Oriental e Sul Oeste e Centro da \u00c1frica Oriente M\u00e9dio e Norte da \u00c1frica Eur\u00e1sia \u00c1sia Oceano Pac\u00edfico Am\u00e9ricas S\u00e9rvia A S\u00e9rvia \u00e9 um pa\u00eds sem litoral localizado na encruzilhada da Europa Central e do Sudeste, cobrindo a parte central dos B\u00e1lc\u00e3s. A S\u00e9rvia tem diversas formas de relevo, como plan\u00edcies f\u00e9rteis [&hellip;]<\/p>\n","protected":false},"author":3,"featured_media":0,"parent":1844,"menu_order":0,"comment_status":"closed","ping_status":"closed","template":"elementor_header_footer","meta":{"footnotes":""},"_links":{"self":[{"href":"https:\/\/powerchina.com.br\/new\/wp-json\/wp\/v2\/pages\/1717"}],"collection":[{"href":"https:\/\/powerchina.com.br\/new\/wp-json\/wp\/v2\/pages"}],"about":[{"href":"https:\/\/powerchina.com.br\/new\/wp-json\/wp\/v2\/types\/page"}],"author":[{"embeddable":true,"href":"https:\/\/powerchina.com.br\/new\/wp-json\/wp\/v2\/users\/3"}],"replies":[{"embeddable":true,"href":"https:\/\/powerchina.com.br\/new\/wp-json\/wp\/v2\/comments?post=1717"}],"version-history":[{"count":8,"href":"https:\/\/powerchina.com.br\/new\/wp-json\/wp\/v2\/pages\/1717\/revisions"}],"predecessor-version":[{"id":3796,"href":"https:\/\/powerchina.com.br\/new\/wp-json\/wp\/v2\/pages\/1717\/revisions\/3796"}],"up":[{"embeddable":true,"href":"https:\/\/powerchina.com.br\/new\/wp-json\/wp\/v2\/pages\/1844"}],"wp:attachment":[{"href":"https:\/\/powerchina.com.br\/new\/wp-json\/wp\/v2\/media?parent=1717"}],"curies":[{"name":"wp","href":"https:\/\/api.w.org\/{rel}","templated":true}]}}