{"id":1729,"date":"2023-07-03T11:30:13","date_gmt":"2023-07-03T14:30:13","guid":{"rendered":"https:\/\/new.powerchina.com.br\/?page_id=1729"},"modified":"2024-09-23T12:16:09","modified_gmt":"2024-09-23T15:16:09","slug":"indonesia","status":"publish","type":"page","link":"https:\/\/powerchina.com.br\/new\/pelo-mundo\/pelo-mundo-5\/indonesia\/","title":{"rendered":"Indon\u00e9sia"},"content":{"rendered":"\t\t<div data-elementor-type=\"wp-page\" data-elementor-id=\"1729\" class=\"elementor elementor-1729\" data-elementor-post-type=\"page\">\n\t\t\t\t<div class=\"elementor-element elementor-element-5c34184 e-flex e-con-boxed e-con e-parent\" data-id=\"5c34184\" data-element_type=\"container\" data-settings=\"{&quot;background_background&quot;:&quot;classic&quot;}\">\n\t\t\t\t\t<div class=\"e-con-inner\">\n\t\t\t\t<div class=\"elementor-element elementor-element-4f6aa77 elementor-widget elementor-widget-heading\" data-id=\"4f6aa77\" data-element_type=\"widget\" data-widget_type=\"heading.default\">\n\t\t\t\t<div class=\"elementor-widget-container\">\n\t\t\t<style>\/*! elementor - v3.22.0 - 26-06-2024 *\/\n.elementor-heading-title{padding:0;margin:0;line-height:1}.elementor-widget-heading .elementor-heading-title[class*=elementor-size-]>a{color:inherit;font-size:inherit;line-height:inherit}.elementor-widget-heading .elementor-heading-title.elementor-size-small{font-size:15px}.elementor-widget-heading .elementor-heading-title.elementor-size-medium{font-size:19px}.elementor-widget-heading .elementor-heading-title.elementor-size-large{font-size:29px}.elementor-widget-heading .elementor-heading-title.elementor-size-xl{font-size:39px}.elementor-widget-heading .elementor-heading-title.elementor-size-xxl{font-size:59px}<\/style><h2 class=\"elementor-heading-title elementor-size-default\">Pelo mundo<\/h2>\t\t<\/div>\n\t\t\t\t<\/div>\n\t\t\t\t\t<\/div>\n\t\t\t\t<\/div>\n\t\t<div class=\"elementor-element elementor-element-938b36a e-grid e-con-boxed e-con e-parent\" data-id=\"938b36a\" data-element_type=\"container\" data-settings=\"{&quot;background_background&quot;:&quot;classic&quot;}\">\n\t\t\t\t\t<div class=\"e-con-inner\">\n\t\t<a class=\"elementor-element elementor-element-d4edf79 e-con-full e-flex e-con e-child\" data-id=\"d4edf79\" data-element_type=\"container\" data-settings=\"{&quot;background_background&quot;:&quot;classic&quot;}\" href=\"https:\/\/powerchina.com.br\/new\/pelo-mundo\/pelo-mundo-1\/\">\n\t\t\t\t<div class=\"elementor-element elementor-element-00658e8 elementor-widget elementor-widget-heading\" data-id=\"00658e8\" data-element_type=\"widget\" data-widget_type=\"heading.default\">\n\t\t\t\t<div class=\"elementor-widget-container\">\n\t\t\t<span class=\"elementor-heading-title elementor-size-default\">\u00c1frica Oriental e Sul<\/span>\t\t<\/div>\n\t\t\t\t<\/div>\n\t\t\t\t<\/a>\n\t\t<a class=\"elementor-element elementor-element-e2b30e6 e-con-full e-flex e-con e-child\" data-id=\"e2b30e6\" data-element_type=\"container\" data-settings=\"{&quot;background_background&quot;:&quot;classic&quot;}\" href=\"https:\/\/powerchina.com.br\/new\/pelo-mundo\/pelo-mundo-2\/\">\n\t\t\t\t<div class=\"elementor-element elementor-element-6ce8cd1 elementor-widget elementor-widget-heading\" data-id=\"6ce8cd1\" data-element_type=\"widget\" data-widget_type=\"heading.default\">\n\t\t\t\t<div class=\"elementor-widget-container\">\n\t\t\t<span class=\"elementor-heading-title elementor-size-default\">Oeste e Centro da \u00c1frica<\/span>\t\t<\/div>\n\t\t\t\t<\/div>\n\t\t\t\t<\/a>\n\t\t<a class=\"elementor-element elementor-element-6f562dc e-con-full e-flex e-con e-child\" data-id=\"6f562dc\" data-element_type=\"container\" data-settings=\"{&quot;background_background&quot;:&quot;classic&quot;}\" href=\"https:\/\/powerchina.com.br\/new\/pelo-mundo\/pelo-mundo-3\/\">\n\t\t\t\t<div class=\"elementor-element elementor-element-9e23373 elementor-widget elementor-widget-heading\" data-id=\"9e23373\" data-element_type=\"widget\" data-widget_type=\"heading.default\">\n\t\t\t\t<div class=\"elementor-widget-container\">\n\t\t\t<span class=\"elementor-heading-title elementor-size-default\">Oriente M\u00e9dio e Norte da \u00c1frica<\/span>\t\t<\/div>\n\t\t\t\t<\/div>\n\t\t\t\t<\/a>\n\t\t<a class=\"elementor-element elementor-element-e162222 e-con-full e-flex e-con e-child\" data-id=\"e162222\" data-element_type=\"container\" data-settings=\"{&quot;background_background&quot;:&quot;classic&quot;}\" href=\"https:\/\/powerchina.com.br\/new\/pelo-mundo\/pelo-mundo-4\/\">\n\t\t\t\t<div class=\"elementor-element elementor-element-5554185 elementor-widget elementor-widget-heading\" data-id=\"5554185\" data-element_type=\"widget\" data-widget_type=\"heading.default\">\n\t\t\t\t<div class=\"elementor-widget-container\">\n\t\t\t<span class=\"elementor-heading-title elementor-size-default\">Eur\u00e1sia<\/span>\t\t<\/div>\n\t\t\t\t<\/div>\n\t\t\t\t<\/a>\n\t\t<a class=\"elementor-element elementor-element-099d4f7 e-con-full e-flex e-con e-child\" data-id=\"099d4f7\" data-element_type=\"container\" data-settings=\"{&quot;background_background&quot;:&quot;classic&quot;}\" href=\"https:\/\/powerchina.com.br\/new\/pelo-mundo\/pelo-mundo-5\/\">\n\t\t\t\t<div class=\"elementor-element elementor-element-d034df1 elementor-widget elementor-widget-heading\" data-id=\"d034df1\" data-element_type=\"widget\" data-widget_type=\"heading.default\">\n\t\t\t\t<div class=\"elementor-widget-container\">\n\t\t\t<span class=\"elementor-heading-title elementor-size-default\">\u00c1sia Oceano Pac\u00edfico<\/span>\t\t<\/div>\n\t\t\t\t<\/div>\n\t\t\t\t<\/a>\n\t\t<a class=\"elementor-element elementor-element-8a604ea e-con-full e-flex e-con e-child\" data-id=\"8a604ea\" data-element_type=\"container\" data-settings=\"{&quot;background_background&quot;:&quot;classic&quot;}\" href=\"https:\/\/powerchina.com.br\/new\/pelo-mundo\/pelo-mundo-6\/\">\n\t\t\t\t<div class=\"elementor-element elementor-element-047e4cb elementor-widget elementor-widget-heading\" data-id=\"047e4cb\" data-element_type=\"widget\" data-widget_type=\"heading.default\">\n\t\t\t\t<div class=\"elementor-widget-container\">\n\t\t\t<span class=\"elementor-heading-title elementor-size-default\">Am\u00e9ricas<\/span>\t\t<\/div>\n\t\t\t\t<\/div>\n\t\t\t\t<\/a>\n\t\t\t\t\t<\/div>\n\t\t\t\t<\/div>\n\t\t<div class=\"elementor-element elementor-element-2871e29 e-flex e-con-boxed e-con e-parent\" data-id=\"2871e29\" data-element_type=\"container\">\n\t\t\t\t\t<div class=\"e-con-inner\">\n\t\t\t\t<div class=\"elementor-element elementor-element-6ac9cc4 elementor-widget elementor-widget-heading\" data-id=\"6ac9cc4\" data-element_type=\"widget\" data-widget_type=\"heading.default\">\n\t\t\t\t<div class=\"elementor-widget-container\">\n\t\t\t<h3 class=\"elementor-heading-title elementor-size-default\">Indon\u00e9sia<\/h3>\t\t<\/div>\n\t\t\t\t<\/div>\n\t\t\t\t<div class=\"elementor-element elementor-element-41ecc60 elementor-widget elementor-widget-text-editor\" data-id=\"41ecc60\" data-element_type=\"widget\" data-widget_type=\"text-editor.default\">\n\t\t\t\t<div class=\"elementor-widget-container\">\n\t\t\t<style>\/*! elementor - v3.22.0 - 26-06-2024 *\/\n.elementor-widget-text-editor.elementor-drop-cap-view-stacked .elementor-drop-cap{background-color:#69727d;color:#fff}.elementor-widget-text-editor.elementor-drop-cap-view-framed .elementor-drop-cap{color:#69727d;border:3px solid;background-color:transparent}.elementor-widget-text-editor:not(.elementor-drop-cap-view-default) .elementor-drop-cap{margin-top:8px}.elementor-widget-text-editor:not(.elementor-drop-cap-view-default) .elementor-drop-cap-letter{width:1em;height:1em}.elementor-widget-text-editor .elementor-drop-cap{float:left;text-align:center;line-height:1;font-size:50px}.elementor-widget-text-editor .elementor-drop-cap-letter{display:inline-block}<\/style>\t\t\t\t<p>A POWERCHINA venceu a licita\u00e7\u00e3o para o Trabalho de Repara\u00e7\u00e3o na Barragem de Jatiluhur na Indon\u00e9sia em junho de 1995, entrando assim no mercado indon\u00e9sio e estabelecendo um escrit\u00f3rio de representa\u00e7\u00e3o. Em 2020, a empresa POWERCHINA Indon\u00e9sia (PT POWERCHINA Indon\u00e9sia) foi registrada. Nos \u00faltimos 20 anos, a POWERCHINA assumiu projetos de conserva\u00e7\u00e3o de \u00e1gua e energia como seu principal neg\u00f3cio no mercado indon\u00e9sio e gradualmente se expandiu para a ferrovia, constru\u00e7\u00e3o de moradias, areia e agregado de pedra, fornecimento de concreto e outros campos. Atualmente, formou a capacidade de desenvolvimento integrado de planejamento, projeto, constru\u00e7\u00e3o, investimento e opera\u00e7\u00e3o.<\/p><p>O desempenho de alta qualidade da POWERCHINA na Indon\u00e9sia foi unanimemente reconhecido pela Companhia de Eletricidade do Estado da Indon\u00e9sia (PT PLN (PERSERO) e pelo Minist\u00e9rio de Obras P\u00fablicas e Habita\u00e7\u00e3o, e recebeu o pr\u00eamio de Excelente Desempenho Anual da PLN duas vezes.<\/p><p>At\u00e9 o final de 2021, a POWERCHINA tinha 23 empresas subsidi\u00e1rias operando na Indon\u00e9sia e empreendeu mais de 135 projetos com um valor total de contrato de mais de US$ 11,3 bilh\u00f5es, dos quais 23 projetos ainda est\u00e3o em constru\u00e7\u00e3o. A POWERCHINA est\u00e1 envolvida em 5 projetos de investimento direto com um investimento de USD 950 milh\u00f5es. Os projetos de refer\u00eancia incluem o Projeto Ferrovi\u00e1rio de Alta Velocidade Jacarta-Bandung, a Esta\u00e7\u00e3o Hidrel\u00e9trica Batang Toru, o Projeto Jatigede Dam, o Projeto Solar Flutuante Cirata, a Usina El\u00e9trica a Carv\u00e3o de Bengkulu, a Usina Hidrel\u00e9trica a Carv\u00e3o Sulut-3, etc. o maior projeto hidrel\u00e9trico em constru\u00e7\u00e3o na Indon\u00e9sia. O Projeto da Barragem de Jatigede \u00e9 um dos principais projetos de coopera\u00e7\u00e3o econ\u00f4mica e comercial entre a China e a Indon\u00e9sia. O Projeto Fotovoltaico Cirata \u00e9 o primeiro fotovoltaico flutuante na Indon\u00e9sia,<\/p><h4>Principais projetos:<\/h4><p>1. Projeto Ferrovi\u00e1rio de Alta Velocidade Jacarta-Bandung<\/p><div id=\"gallery-1\" class=\"gallery galleryid-1729 gallery-columns-2 gallery-size-large\"><figure class=\"gallery-item\"><div class=\"gallery-icon landscape\"><img fetchpriority=\"high\" decoding=\"async\" class=\"attachment-large size-large\" src=\"https:\/\/powerchina.com.br\/wp-content\/uploads\/2023\/07\/1667528252029060579.jpg\" sizes=\"(max-width: 800px) 100vw, 800px\" srcset=\"https:\/\/powerchina.com.br\/wp-content\/uploads\/2023\/07\/1667528252029060579.jpg 800w, https:\/\/powerchina.com.br\/wp-content\/uploads\/2023\/07\/1667528252029060579-300x200.jpg 300w, https:\/\/powerchina.com.br\/wp-content\/uploads\/2023\/07\/1667528252029060579-768x512.jpg 768w\" alt=\"\" width=\"800\" height=\"533\" \/><\/div><\/figure><figure class=\"gallery-item\"><div class=\"gallery-icon landscape\"><img decoding=\"async\" class=\"attachment-large size-large\" src=\"https:\/\/powerchina.com.br\/wp-content\/uploads\/2023\/07\/1667528247492024976.jpg\" sizes=\"(max-width: 800px) 100vw, 800px\" srcset=\"https:\/\/powerchina.com.br\/wp-content\/uploads\/2023\/07\/1667528247492024976.jpg 800w, https:\/\/powerchina.com.br\/wp-content\/uploads\/2023\/07\/1667528247492024976-300x225.jpg 300w, https:\/\/powerchina.com.br\/wp-content\/uploads\/2023\/07\/1667528247492024976-768x576.jpg 768w\" alt=\"\" width=\"800\" height=\"600\" \/><\/div><\/figure><figure class=\"gallery-item\"><div class=\"gallery-icon landscape\"><img decoding=\"async\" class=\"attachment-large size-large\" src=\"https:\/\/powerchina.com.br\/wp-content\/uploads\/2023\/07\/1667528241820020050.jpg\" sizes=\"(max-width: 800px) 100vw, 800px\" srcset=\"https:\/\/powerchina.com.br\/wp-content\/uploads\/2023\/07\/1667528241820020050.jpg 800w, https:\/\/powerchina.com.br\/wp-content\/uploads\/2023\/07\/1667528241820020050-300x200.jpg 300w, https:\/\/powerchina.com.br\/wp-content\/uploads\/2023\/07\/1667528241820020050-768x512.jpg 768w\" alt=\"\" width=\"800\" height=\"533\" aria-describedby=\"gallery-1-1732\" \/><\/div><figcaption id=\"gallery-1-1732\" class=\"wp-caption-text gallery-caption\">default<\/figcaption><\/figure><figure class=\"gallery-item\"><div class=\"gallery-icon landscape\"><img loading=\"lazy\" decoding=\"async\" class=\"attachment-large size-large\" src=\"https:\/\/powerchina.com.br\/wp-content\/uploads\/2023\/07\/1667528235170056041.jpg\" sizes=\"(max-width: 800px) 100vw, 800px\" srcset=\"https:\/\/powerchina.com.br\/wp-content\/uploads\/2023\/07\/1667528235170056041.jpg 800w, https:\/\/powerchina.com.br\/wp-content\/uploads\/2023\/07\/1667528235170056041-300x225.jpg 300w, https:\/\/powerchina.com.br\/wp-content\/uploads\/2023\/07\/1667528235170056041-768x576.jpg 768w\" alt=\"\" width=\"800\" height=\"600\" aria-describedby=\"gallery-1-1733\" \/><\/div><figcaption id=\"gallery-1-1733\" class=\"wp-caption-text gallery-caption\">default<\/figcaption><\/figure><\/div><p>O comprimento de toda a ferrovia de alta velocidade \u00e9 de 142,2 km, incluindo 76,79 km de pontes representando 54,00% e 16,47 km de t\u00faneis representando 11,58%. A extens\u00e3o do subleito \u00e9 de 48,94 km, a via sem lastro da linha principal tem 159 km e a via lastrada desta tem 126 km. O projeto inclui 4 esta\u00e7\u00f5es, nomeadamente Halim, Karawang, Walini e Tegal Luar, um dep\u00f3sito EMU e um centro de manuten\u00e7\u00e3o.<\/p><p>2. Esta\u00e7\u00e3o Hidrel\u00e9trica Batang Toru<\/p><p><img loading=\"lazy\" decoding=\"async\" class=\"alignnone size-full wp-image-1734\" src=\"https:\/\/powerchina.com.br\/wp-content\/uploads\/2023\/07\/1667528260211093909.jpg\" sizes=\"(max-width: 800px) 100vw, 800px\" srcset=\"https:\/\/powerchina.com.br\/wp-content\/uploads\/2023\/07\/1667528260211093909.jpg 800w, https:\/\/powerchina.com.br\/wp-content\/uploads\/2023\/07\/1667528260211093909-300x169.jpg 300w, https:\/\/powerchina.com.br\/wp-content\/uploads\/2023\/07\/1667528260211093909-768x432.jpg 768w\" alt=\"\" width=\"800\" height=\"450\" \/><\/p><p>A UHE Batang Toru est\u00e1 localizada no rio Batang Toru, no sul de Tapanuli, prov\u00edncia de Sumatra do Norte, na Indon\u00e9sia. A Sinohydro, como empreiteira EPC, assinou o contrato com a empregadora PT North Sumatra Hydro Energy, em 20 de novembro de 2015. O escopo do trabalho inclui a engenharia e projeto, aquisi\u00e7\u00e3o de todos os equipamentos e constru\u00e7\u00e3o e montagem de um novo 4 \u00d7 127,5 Usina hidrel\u00e9trica MW.<\/p><p>3. Projeto da Barragem de Jatigede<\/p><p><img loading=\"lazy\" decoding=\"async\" class=\"alignnone wp-image-1735 size-full\" src=\"https:\/\/powerchina.com.br\/wp-content\/uploads\/2023\/07\/1667528267727064929.jpg\" sizes=\"(max-width: 800px) 100vw, 800px\" srcset=\"https:\/\/powerchina.com.br\/wp-content\/uploads\/2023\/07\/1667528267727064929.jpg 800w, https:\/\/powerchina.com.br\/wp-content\/uploads\/2023\/07\/1667528267727064929-300x225.jpg 300w, https:\/\/powerchina.com.br\/wp-content\/uploads\/2023\/07\/1667528267727064929-768x576.jpg 768w\" alt=\"\" width=\"800\" height=\"600\" \/><\/p><p><img loading=\"lazy\" decoding=\"async\" class=\"alignnone wp-image-1736 size-full\" src=\"https:\/\/powerchina.com.br\/wp-content\/uploads\/2023\/07\/1667528273026092205.jpg\" sizes=\"(max-width: 800px) 100vw, 800px\" srcset=\"https:\/\/powerchina.com.br\/wp-content\/uploads\/2023\/07\/1667528273026092205.jpg 800w, https:\/\/powerchina.com.br\/wp-content\/uploads\/2023\/07\/1667528273026092205-300x225.jpg 300w, https:\/\/powerchina.com.br\/wp-content\/uploads\/2023\/07\/1667528273026092205-768x576.jpg 768w\" alt=\"\" width=\"800\" height=\"600\" \/><\/p><p>O Projeto da Barragem de Jatigede est\u00e1 localizado em Sumedang, Prov\u00edncia de Java Ocidental da Indon\u00e9sia (230 km de Jacarta), e \u00e9 o maior projeto de recursos h\u00eddricos da Indon\u00e9sia. O empregador do projeto \u00e9 a Dire\u00e7\u00e3o Geral de Recursos H\u00eddricos e o Minist\u00e9rio de Obras P\u00fablicas da Indon\u00e9sia. O contratante \u00e9 a Joint Operation (JO) da Sinohydro e CIC* (com uma participa\u00e7\u00e3o no valor do contrato de 70%:30%). O consultor supervisor \u00e9 um cons\u00f3rcio formado por cinco institutos estatais de design da Indon\u00e9sia, e o projetista \u00e9 o Instituto de Recursos H\u00eddricos e Pesquisa Hidrel\u00e9trica de Sichuan, na China. As obras principais compreendem a barragem, t\u00fanel de desvio, vertedouro, po\u00e7o de imers\u00e3o, sa\u00edda de rega, tomada de \u00e1gua parte do t\u00fanel de cabeceira, galeria de acesso, galeria de betuma\u00e7\u00e3o e obras hidromec\u00e2nicas. A cerim\u00f4nia de apreens\u00e3o foi realizada em 31 de agosto de<\/p><p>*CIC significa Cons\u00f3rcio de Empreiteiros da Indon\u00e9sia. CIC inclui PT. Wijaya Karya (Persero) Tbk, PT. Waskita Karya (Persero) Tbk, PT. Pembangunan Perumahan (Persero) Tbk e PT. Hutama Karya (Persero).<\/p><p>4. Projeto Solar Flutuante Cirata<\/p><p><img loading=\"lazy\" decoding=\"async\" class=\"alignnone size-full wp-image-1737\" src=\"https:\/\/powerchina.com.br\/wp-content\/uploads\/2023\/07\/1667528282950037074.jpg\" sizes=\"(max-width: 800px) 100vw, 800px\" srcset=\"https:\/\/powerchina.com.br\/wp-content\/uploads\/2023\/07\/1667528282950037074.jpg 800w, https:\/\/powerchina.com.br\/wp-content\/uploads\/2023\/07\/1667528282950037074-300x169.jpg 300w, https:\/\/powerchina.com.br\/wp-content\/uploads\/2023\/07\/1667528282950037074-768x432.jpg 768w\" alt=\"\" width=\"800\" height=\"450\" \/><\/p><p>O Projeto Solar Flutuante Cirata \u00e9 desenvolvido no reservat\u00f3rio da represa hidrel\u00e9trica Cirata de 130 km na prov\u00edncia de West Java, sudeste de Jacarta, com uma capacidade instalada de 192 MW. O propriet\u00e1rio \u00e9 uma empresa de projeto estabelecida em conjunto pela Masdar e pela PT. Pembangkitan Jawa-Bali (PJB), uma subsidi\u00e1ria da Indonesia State Electricity Company PT. PLN (Persero).<\/p><p>O escopo do projeto inclui o projeto, aquisi\u00e7\u00e3o, constru\u00e7\u00e3o do campo da usina fotovoltaica, instala\u00e7\u00e3o da esta\u00e7\u00e3o, linha de transmiss\u00e3o e ba\u00edas de expans\u00e3o da subesta\u00e7\u00e3o existente oposta, bem como a opera\u00e7\u00e3o e manuten\u00e7\u00e3o nos primeiros dois anos.<\/p><p>5. Usina termel\u00e9trica a carv\u00e3o de Bengkulu<\/p><p><img loading=\"lazy\" decoding=\"async\" class=\"alignnone size-full wp-image-1738\" src=\"https:\/\/powerchina.com.br\/wp-content\/uploads\/2023\/07\/1667528289514083640.jpg\" sizes=\"(max-width: 800px) 100vw, 800px\" srcset=\"https:\/\/powerchina.com.br\/wp-content\/uploads\/2023\/07\/1667528289514083640.jpg 800w, https:\/\/powerchina.com.br\/wp-content\/uploads\/2023\/07\/1667528289514083640-300x164.jpg 300w, https:\/\/powerchina.com.br\/wp-content\/uploads\/2023\/07\/1667528289514083640-768x420.jpg 768w\" alt=\"\" width=\"800\" height=\"437\" \/><\/p><p><img loading=\"lazy\" decoding=\"async\" class=\"alignnone size-full wp-image-1739\" src=\"https:\/\/powerchina.com.br\/wp-content\/uploads\/2023\/07\/1667528294267051328.jpg\" sizes=\"(max-width: 800px) 100vw, 800px\" srcset=\"https:\/\/powerchina.com.br\/wp-content\/uploads\/2023\/07\/1667528294267051328.jpg 800w, https:\/\/powerchina.com.br\/wp-content\/uploads\/2023\/07\/1667528294267051328-300x225.jpg 300w, https:\/\/powerchina.com.br\/wp-content\/uploads\/2023\/07\/1667528294267051328-768x576.jpg 768w\" alt=\"\" width=\"800\" height=\"600\" \/><\/p><p>A usina termel\u00e9trica a carv\u00e3o Bengkulu 2\u00d7110 MW est\u00e1 localizada a 15 km a sudoeste da cidade de Bengkulu, prov\u00edncia de Bengkulu, Indon\u00e9sia. O dono do projeto \u00e9 a PT. Tenaga Listrik Bengkulu enquanto as a\u00e7\u00f5es majorit\u00e1rias s\u00e3o de propriedade da PowerChina Resources Limited. Em parceria com o PT. Teknik Lancar Mandiri, Sinohydro \u00e9 conhecido como um empreiteiro de engenharia, aquisi\u00e7\u00e3o e constru\u00e7\u00e3o (EPC) que assinou o contrato com o empregador do projeto em 30 de setembro de 2016.<\/p><p>O trabalho da Sinohydro abrange pesquisa, projeto, fornecimento de equipamentos, engenharia civil, montagem eletromec\u00e2nica e comissionamento, opera\u00e7\u00e3o e treinamento para os quatro itens individuais: usina, cais, subesta\u00e7\u00e3o de 150 kV e linha de transmiss\u00e3o de 24,5 km.<\/p><p>As principais caracter\u00edsticas da usina s\u00e3o duas caldeiras de leito fluidizado circulante, geradores de turbina a vapor de 2 \u00d7 110 MW, constru\u00e7\u00e3o de turbinas e o sistema de equipamentos auxiliares do Balance of Plant (BOP).<\/p><p>A principal obra do cais de descarga de carv\u00e3o inclui um ber\u00e7o de 8.000 toneladas, descarga e outros equipamentos relacionados. A constru\u00e7\u00e3o teve in\u00edcio em 25 de outubro de 2016, com prazo total de constru\u00e7\u00e3o de 36 meses e foi conclu\u00edda em 28 de junho de 2020 e colocada em opera\u00e7\u00e3o comercial em 27 de julho de 2020.<\/p><p>6. Usina termel\u00e9trica a carv\u00e3o Sulut-3<\/p><p><img loading=\"lazy\" decoding=\"async\" class=\"alignnone size-full wp-image-1740\" src=\"https:\/\/powerchina.com.br\/wp-content\/uploads\/2023\/07\/1667528300788015428.jpg\" sizes=\"(max-width: 800px) 100vw, 800px\" srcset=\"https:\/\/powerchina.com.br\/wp-content\/uploads\/2023\/07\/1667528300788015428.jpg 800w, https:\/\/powerchina.com.br\/wp-content\/uploads\/2023\/07\/1667528300788015428-300x200.jpg 300w, https:\/\/powerchina.com.br\/wp-content\/uploads\/2023\/07\/1667528300788015428-768x511.jpg 768w\" alt=\"\" width=\"800\" height=\"532\" \/><\/p><p>Sulut-3 2 \u00d7 50 MW Usina a vapor movida a carv\u00e3o est\u00e1 localizada em Manado, Prov\u00edncia de Sulawesi do Norte, Indon\u00e9sia. Este projeto \u00e9 uma opera\u00e7\u00e3o conjunta entre a Sinohydro Corporation Limited e a PT Teknik Lancar Mandiri como empreiteiras EPC. O contrato com o Empregador, PT Minahasa Cahaya Lestari (MCL), foi assinado em 10 de julho de 2018. A PT Toba Bara Energi e a Sinohydro Corporation Limited investiram na MCL com financiamento do Bank Mandiri Indonesia, com a Sinohydro detendo 10% das a\u00e7\u00f5es. A MCL obteve um contrato de compra de energia de 25 anos para o projeto.<\/p><p>O projeto \u00e9 construir uma nova usina de energia movida a carv\u00e3o equipada com duas unidades de conjuntos de turbinas a vapor de 50 MW, com a Sinohydro assumindo engenharia, projeto, aquisi\u00e7\u00e3o, constru\u00e7\u00e3o e 2 anos de opera\u00e7\u00e3o. O COD da unidade 1 \u00e9 21 de fevereiro de 2021 e o COD da unidade 2 \u00e9 1\u00ba de julho de 2021.<\/p><p>Sulut-3 \u00e9 o primeiro projeto de investimento IPP da Sinohydro na Indon\u00e9sia. A empresa formou uma joint venture com a PT Toba Bara Sejahtera Tbk, uma empresa de capital aberto na Indon\u00e9sia, para investir em projetos IPP.<\/p>\t\t\t\t\t\t<\/div>\n\t\t\t\t<\/div>\n\t\t\t\t\t<\/div>\n\t\t\t\t<\/div>\n\t\t\t\t<\/div>\n\t\t","protected":false},"excerpt":{"rendered":"<p>Pelo mundo \u00c1frica Oriental e Sul Oeste e Centro da \u00c1frica Oriente M\u00e9dio e Norte da \u00c1frica Eur\u00e1sia \u00c1sia Oceano Pac\u00edfico Am\u00e9ricas Indon\u00e9sia A POWERCHINA venceu a licita\u00e7\u00e3o para o Trabalho de Repara\u00e7\u00e3o na Barragem de Jatiluhur na Indon\u00e9sia em junho de 1995, entrando assim no mercado indon\u00e9sio e estabelecendo um escrit\u00f3rio de representa\u00e7\u00e3o. Em [&hellip;]<\/p>\n","protected":false},"author":3,"featured_media":0,"parent":1850,"menu_order":0,"comment_status":"closed","ping_status":"closed","template":"elementor_header_footer","meta":{"footnotes":""},"_links":{"self":[{"href":"https:\/\/powerchina.com.br\/new\/wp-json\/wp\/v2\/pages\/1729"}],"collection":[{"href":"https:\/\/powerchina.com.br\/new\/wp-json\/wp\/v2\/pages"}],"about":[{"href":"https:\/\/powerchina.com.br\/new\/wp-json\/wp\/v2\/types\/page"}],"author":[{"embeddable":true,"href":"https:\/\/powerchina.com.br\/new\/wp-json\/wp\/v2\/users\/3"}],"replies":[{"embeddable":true,"href":"https:\/\/powerchina.com.br\/new\/wp-json\/wp\/v2\/comments?post=1729"}],"version-history":[{"count":8,"href":"https:\/\/powerchina.com.br\/new\/wp-json\/wp\/v2\/pages\/1729\/revisions"}],"predecessor-version":[{"id":3800,"href":"https:\/\/powerchina.com.br\/new\/wp-json\/wp\/v2\/pages\/1729\/revisions\/3800"}],"up":[{"embeddable":true,"href":"https:\/\/powerchina.com.br\/new\/wp-json\/wp\/v2\/pages\/1850"}],"wp:attachment":[{"href":"https:\/\/powerchina.com.br\/new\/wp-json\/wp\/v2\/media?parent=1729"}],"curies":[{"name":"wp","href":"https:\/\/api.w.org\/{rel}","templated":true}]}}