{"id":1748,"date":"2023-07-03T11:47:02","date_gmt":"2023-07-03T14:47:02","guid":{"rendered":"https:\/\/new.powerchina.com.br\/?page_id=1748"},"modified":"2024-09-23T12:19:59","modified_gmt":"2024-09-23T15:19:59","slug":"vietna","status":"publish","type":"page","link":"https:\/\/powerchina.com.br\/new\/pelo-mundo\/pelo-mundo-5\/vietna\/","title":{"rendered":"Vietn\u00e3"},"content":{"rendered":"\t\t<div data-elementor-type=\"wp-page\" data-elementor-id=\"1748\" class=\"elementor elementor-1748\" data-elementor-post-type=\"page\">\n\t\t\t\t<div class=\"elementor-element elementor-element-fbdb0c6 e-flex e-con-boxed e-con e-parent\" data-id=\"fbdb0c6\" data-element_type=\"container\" data-settings=\"{&quot;background_background&quot;:&quot;classic&quot;}\">\n\t\t\t\t\t<div class=\"e-con-inner\">\n\t\t\t\t<div class=\"elementor-element elementor-element-0c6e3bd elementor-widget elementor-widget-heading\" data-id=\"0c6e3bd\" data-element_type=\"widget\" data-widget_type=\"heading.default\">\n\t\t\t\t<div class=\"elementor-widget-container\">\n\t\t\t<style>\/*! elementor - v3.22.0 - 26-06-2024 *\/\n.elementor-heading-title{padding:0;margin:0;line-height:1}.elementor-widget-heading .elementor-heading-title[class*=elementor-size-]>a{color:inherit;font-size:inherit;line-height:inherit}.elementor-widget-heading .elementor-heading-title.elementor-size-small{font-size:15px}.elementor-widget-heading .elementor-heading-title.elementor-size-medium{font-size:19px}.elementor-widget-heading .elementor-heading-title.elementor-size-large{font-size:29px}.elementor-widget-heading .elementor-heading-title.elementor-size-xl{font-size:39px}.elementor-widget-heading .elementor-heading-title.elementor-size-xxl{font-size:59px}<\/style><h2 class=\"elementor-heading-title elementor-size-default\">Pelo mundo<\/h2>\t\t<\/div>\n\t\t\t\t<\/div>\n\t\t\t\t\t<\/div>\n\t\t\t\t<\/div>\n\t\t<div class=\"elementor-element elementor-element-1609742 e-grid e-con-boxed e-con e-parent\" data-id=\"1609742\" data-element_type=\"container\" data-settings=\"{&quot;background_background&quot;:&quot;classic&quot;}\">\n\t\t\t\t\t<div class=\"e-con-inner\">\n\t\t<a class=\"elementor-element elementor-element-154a6e1 e-con-full e-flex e-con e-child\" data-id=\"154a6e1\" data-element_type=\"container\" data-settings=\"{&quot;background_background&quot;:&quot;classic&quot;}\" href=\"https:\/\/powerchina.com.br\/new\/pelo-mundo\/pelo-mundo-1\/\">\n\t\t\t\t<div class=\"elementor-element elementor-element-85452b0 elementor-widget elementor-widget-heading\" data-id=\"85452b0\" data-element_type=\"widget\" data-widget_type=\"heading.default\">\n\t\t\t\t<div class=\"elementor-widget-container\">\n\t\t\t<span class=\"elementor-heading-title elementor-size-default\">\u00c1frica Oriental e Sul<\/span>\t\t<\/div>\n\t\t\t\t<\/div>\n\t\t\t\t<\/a>\n\t\t<a class=\"elementor-element elementor-element-1e11791 e-con-full e-flex e-con e-child\" data-id=\"1e11791\" data-element_type=\"container\" data-settings=\"{&quot;background_background&quot;:&quot;classic&quot;}\" href=\"https:\/\/powerchina.com.br\/new\/pelo-mundo\/pelo-mundo-2\/\">\n\t\t\t\t<div class=\"elementor-element elementor-element-3bec5b4 elementor-widget elementor-widget-heading\" data-id=\"3bec5b4\" data-element_type=\"widget\" data-widget_type=\"heading.default\">\n\t\t\t\t<div class=\"elementor-widget-container\">\n\t\t\t<span class=\"elementor-heading-title elementor-size-default\">Oeste e Centro da \u00c1frica<\/span>\t\t<\/div>\n\t\t\t\t<\/div>\n\t\t\t\t<\/a>\n\t\t<a class=\"elementor-element elementor-element-0976a05 e-con-full e-flex e-con e-child\" data-id=\"0976a05\" data-element_type=\"container\" data-settings=\"{&quot;background_background&quot;:&quot;classic&quot;}\" href=\"https:\/\/powerchina.com.br\/new\/pelo-mundo\/pelo-mundo-3\/\">\n\t\t\t\t<div class=\"elementor-element elementor-element-f1b2b78 elementor-widget elementor-widget-heading\" data-id=\"f1b2b78\" data-element_type=\"widget\" data-widget_type=\"heading.default\">\n\t\t\t\t<div class=\"elementor-widget-container\">\n\t\t\t<span class=\"elementor-heading-title elementor-size-default\">Oriente M\u00e9dio e Norte da \u00c1frica<\/span>\t\t<\/div>\n\t\t\t\t<\/div>\n\t\t\t\t<\/a>\n\t\t<a class=\"elementor-element elementor-element-f163181 e-con-full e-flex e-con e-child\" data-id=\"f163181\" data-element_type=\"container\" data-settings=\"{&quot;background_background&quot;:&quot;classic&quot;}\" href=\"https:\/\/powerchina.com.br\/new\/pelo-mundo\/pelo-mundo-4\/\">\n\t\t\t\t<div class=\"elementor-element elementor-element-72a55ae elementor-widget elementor-widget-heading\" data-id=\"72a55ae\" data-element_type=\"widget\" data-widget_type=\"heading.default\">\n\t\t\t\t<div class=\"elementor-widget-container\">\n\t\t\t<span class=\"elementor-heading-title elementor-size-default\">Eur\u00e1sia<\/span>\t\t<\/div>\n\t\t\t\t<\/div>\n\t\t\t\t<\/a>\n\t\t<a class=\"elementor-element elementor-element-f3e0ece e-con-full e-flex e-con e-child\" data-id=\"f3e0ece\" data-element_type=\"container\" data-settings=\"{&quot;background_background&quot;:&quot;classic&quot;}\" href=\"https:\/\/powerchina.com.br\/new\/pelo-mundo\/pelo-mundo-5\/\">\n\t\t\t\t<div class=\"elementor-element elementor-element-3067976 elementor-widget elementor-widget-heading\" data-id=\"3067976\" data-element_type=\"widget\" data-widget_type=\"heading.default\">\n\t\t\t\t<div class=\"elementor-widget-container\">\n\t\t\t<span class=\"elementor-heading-title elementor-size-default\">\u00c1sia Oceano Pac\u00edfico<\/span>\t\t<\/div>\n\t\t\t\t<\/div>\n\t\t\t\t<\/a>\n\t\t<a class=\"elementor-element elementor-element-2886b5d e-con-full e-flex e-con e-child\" data-id=\"2886b5d\" data-element_type=\"container\" data-settings=\"{&quot;background_background&quot;:&quot;classic&quot;}\" href=\"https:\/\/powerchina.com.br\/new\/pelo-mundo\/pelo-mundo-6\/\">\n\t\t\t\t<div class=\"elementor-element elementor-element-cd6dc5a elementor-widget elementor-widget-heading\" data-id=\"cd6dc5a\" data-element_type=\"widget\" data-widget_type=\"heading.default\">\n\t\t\t\t<div class=\"elementor-widget-container\">\n\t\t\t<span class=\"elementor-heading-title elementor-size-default\">Am\u00e9ricas<\/span>\t\t<\/div>\n\t\t\t\t<\/div>\n\t\t\t\t<\/a>\n\t\t\t\t\t<\/div>\n\t\t\t\t<\/div>\n\t\t<div class=\"elementor-element elementor-element-e8e7698 e-flex e-con-boxed e-con e-parent\" data-id=\"e8e7698\" data-element_type=\"container\">\n\t\t\t\t\t<div class=\"e-con-inner\">\n\t\t\t\t<div class=\"elementor-element elementor-element-02c7281 elementor-widget elementor-widget-heading\" data-id=\"02c7281\" data-element_type=\"widget\" data-widget_type=\"heading.default\">\n\t\t\t\t<div class=\"elementor-widget-container\">\n\t\t\t<h3 class=\"elementor-heading-title elementor-size-default\">Vietn\u00e3<\/h3>\t\t<\/div>\n\t\t\t\t<\/div>\n\t\t\t\t<div class=\"elementor-element elementor-element-6adfcd0 elementor-widget elementor-widget-text-editor\" data-id=\"6adfcd0\" data-element_type=\"widget\" data-widget_type=\"text-editor.default\">\n\t\t\t\t<div class=\"elementor-widget-container\">\n\t\t\t<style>\/*! elementor - v3.22.0 - 26-06-2024 *\/\n.elementor-widget-text-editor.elementor-drop-cap-view-stacked .elementor-drop-cap{background-color:#69727d;color:#fff}.elementor-widget-text-editor.elementor-drop-cap-view-framed .elementor-drop-cap{color:#69727d;border:3px solid;background-color:transparent}.elementor-widget-text-editor:not(.elementor-drop-cap-view-default) .elementor-drop-cap{margin-top:8px}.elementor-widget-text-editor:not(.elementor-drop-cap-view-default) .elementor-drop-cap-letter{width:1em;height:1em}.elementor-widget-text-editor .elementor-drop-cap{float:left;text-align:center;line-height:1;font-size:50px}.elementor-widget-text-editor .elementor-drop-cap-letter{display:inline-block}<\/style>\t\t\t\t<p>A POWERCHINA entrou no mercado do Vietn\u00e3 em 2000 e estabeleceu um escrit\u00f3rio de representa\u00e7\u00e3o no Vietn\u00e3 em 2004. A POWERCHINA (Vietnam) Co Ltd foi registrada em junho de 2019 e \u00e9 totalmente respons\u00e1vel pelo desenvolvimento de neg\u00f3cios da POWERCHINA no Vietn\u00e3, incluindo marketing e desempenho do projeto. Com o bom momento de desenvolvimento econ\u00f4mico do Vietn\u00e3 nos \u00faltimos anos e a melhoria das rela\u00e7\u00f5es bilaterais entre a China e o Vietn\u00e3, a opera\u00e7\u00e3o da POWERCHINA no Vietn\u00e3 tamb\u00e9m entrou em um caminho r\u00e1pido. Desde 2018, a POWERCHINA assinou e executou projetos avaliados em mais de USD 6 bilh\u00f5es no Vietn\u00e3, entre os quais novos projetos de energia nas \u00e1reas de energia fotovoltaica e e\u00f3lica continuaram mantendo o primeiro lugar na participa\u00e7\u00e3o de mercado. Ao mesmo tempo,<\/p><h4>Principais projetos:<\/h4><p>1. Projeto da Usina E\u00f3lica Ca Mau 1B<\/p><p><img fetchpriority=\"high\" decoding=\"async\" class=\"alignnone size-full wp-image-1749\" src=\"https:\/\/powerchina.com.br\/wp-content\/uploads\/2023\/07\/1667528694551067095.png\" sizes=\"(max-width: 800px) 100vw, 800px\" srcset=\"https:\/\/powerchina.com.br\/wp-content\/uploads\/2023\/07\/1667528694551067095.png 800w, https:\/\/powerchina.com.br\/wp-content\/uploads\/2023\/07\/1667528694551067095-300x225.png 300w, https:\/\/powerchina.com.br\/wp-content\/uploads\/2023\/07\/1667528694551067095-768x576.png 768w\" alt=\"\" width=\"800\" height=\"600\" \/><\/p><p><img decoding=\"async\" class=\"alignnone size-full wp-image-1750\" src=\"https:\/\/powerchina.com.br\/wp-content\/uploads\/2023\/07\/1667528863540057943.png\" sizes=\"(max-width: 800px) 100vw, 800px\" srcset=\"https:\/\/powerchina.com.br\/wp-content\/uploads\/2023\/07\/1667528863540057943.png 800w, https:\/\/powerchina.com.br\/wp-content\/uploads\/2023\/07\/1667528863540057943-300x135.png 300w, https:\/\/powerchina.com.br\/wp-content\/uploads\/2023\/07\/1667528863540057943-768x346.png 768w\" alt=\"\" width=\"800\" height=\"360\" \/><\/p><p>Descri\u00e7\u00e3o do Projeto: O Projeto da Usina E\u00f3lica Ca Mau 1B est\u00e1 localizado na comuna de Nguyen Huan, distrito de Dam Doi, prov\u00edncia de Cau Mau, Vietn\u00e3. A capacidade instalada do projeto e a gera\u00e7\u00e3o bruta anual estimada s\u00e3o de 88 MW e 297.450 MWh, respectivamente. A gera\u00e7\u00e3o l\u00edquida de eletricidade ser\u00e1 fornecida \u00e0 rede nacional por meio de uma linha de transmiss\u00e3o. Ap\u00f3s a conclus\u00e3o do projeto, ele gerar\u00e1 cerca de 1,1 bilh\u00e3o de kWh de eletricidade nova todos os anos, economizar\u00e1 cerca de 450.000 toneladas de carv\u00e3o padr\u00e3o e reduzir\u00e1 as emiss\u00f5es de di\u00f3xido de carbono em cerca de 880.000 toneladas.<\/p><p>2. Projeto Bac Lieu Fase III da Usina E\u00f3lica Offshore<\/p><p><img decoding=\"async\" class=\"alignnone wp-image-1751 size-full\" src=\"https:\/\/powerchina.com.br\/wp-content\/uploads\/2023\/07\/1667528729706010357.jpg\" sizes=\"(max-width: 800px) 100vw, 800px\" srcset=\"https:\/\/powerchina.com.br\/wp-content\/uploads\/2023\/07\/1667528729706010357.jpg 800w, https:\/\/powerchina.com.br\/wp-content\/uploads\/2023\/07\/1667528729706010357-300x225.jpg 300w, https:\/\/powerchina.com.br\/wp-content\/uploads\/2023\/07\/1667528729706010357-768x576.jpg 768w\" alt=\"\" width=\"800\" height=\"600\" \/><\/p><p><img loading=\"lazy\" decoding=\"async\" class=\"alignnone size-full wp-image-1752\" src=\"https:\/\/powerchina.com.br\/wp-content\/uploads\/2023\/07\/1667528757068085203.jpg\" sizes=\"(max-width: 800px) 100vw, 800px\" srcset=\"https:\/\/powerchina.com.br\/wp-content\/uploads\/2023\/07\/1667528757068085203.jpg 800w, https:\/\/powerchina.com.br\/wp-content\/uploads\/2023\/07\/1667528757068085203-300x225.jpg 300w, https:\/\/powerchina.com.br\/wp-content\/uploads\/2023\/07\/1667528757068085203-768x576.jpg 768w\" alt=\"\" width=\"800\" height=\"600\" \/><\/p><p><img loading=\"lazy\" decoding=\"async\" class=\"alignnone size-full wp-image-1753\" src=\"https:\/\/powerchina.com.br\/wp-content\/uploads\/2023\/07\/1667528779203084470.jpg\" sizes=\"(max-width: 800px) 100vw, 800px\" srcset=\"https:\/\/powerchina.com.br\/wp-content\/uploads\/2023\/07\/1667528779203084470.jpg 800w, https:\/\/powerchina.com.br\/wp-content\/uploads\/2023\/07\/1667528779203084470-300x169.jpg 300w, https:\/\/powerchina.com.br\/wp-content\/uploads\/2023\/07\/1667528779203084470-768x432.jpg 768w\" alt=\"\" width=\"800\" height=\"450\" \/><\/p><p>O Projeto de Usina E\u00f3lica Offshore Fase III de Bac Lieu est\u00e1 localizado na prov\u00edncia de Bac Lieu, no Vietn\u00e3. O parque e\u00f3lico ser\u00e1 instalado com 47 conjuntos de geradores e\u00f3licos (WTGs) de marca chinesa, com capacidade total instalada de 141 MW.<\/p><p>O Projeto de Usina E\u00f3lica Offshore Fase I de Soc Trang est\u00e1 localizado na prov\u00edncia de Soc Trang, Vietn\u00e3, e o parque e\u00f3lico ser\u00e1 instalado com 10 conjuntos de WTGs de marca chinesa, com uma capacidade instalada total de 30 MW.<\/p><p>O investidor do projeto \u00e9 a Super Energy da Tail\u00e2ndia, um parceiro cooperativo estrat\u00e9gico de longo prazo da POWERCHINA International. O contrato EPC foi assinado em outubro de 2019 e \u00e9 a primeira usina e\u00f3lica offshore no exterior realizada pela POWERCHINA.<\/p><p>Ap\u00f3s a conclus\u00e3o, espera-se que o projeto forne\u00e7a 577 milh\u00f5es de kWh de energia limpa anualmente e economize 140.000 toneladas de carv\u00e3o padr\u00e3o anualmente, o equivalente a 1.258 hectares de florestamento.<\/p><p>3. Introdu\u00e7\u00e3o \u00e0 usina de energia solar Phu My<\/p><div id=\"gallery-1\" class=\"gallery galleryid-1748 gallery-columns-2 gallery-size-medium\"><figure class=\"gallery-item\"><div class=\"gallery-icon landscape\"><a href=\"https:\/\/powerchina.com.br\/wp-content\/uploads\/2023\/07\/1667528820082017944.jpg\"><img loading=\"lazy\" decoding=\"async\" class=\"attachment-medium size-medium\" src=\"https:\/\/powerchina.com.br\/wp-content\/uploads\/2023\/07\/1667528820082017944-300x225.jpg\" sizes=\"(max-width: 300px) 100vw, 300px\" srcset=\"https:\/\/powerchina.com.br\/wp-content\/uploads\/2023\/07\/1667528820082017944-300x225.jpg 300w, https:\/\/powerchina.com.br\/wp-content\/uploads\/2023\/07\/1667528820082017944-768x576.jpg 768w, https:\/\/powerchina.com.br\/wp-content\/uploads\/2023\/07\/1667528820082017944.jpg 800w\" alt=\"\" width=\"300\" height=\"225\" \/><\/a><\/div><\/figure><figure class=\"gallery-item\"><div class=\"gallery-icon landscape\"><a href=\"https:\/\/powerchina.com.br\/wp-content\/uploads\/2023\/07\/1667528813974098577.png\"><img loading=\"lazy\" decoding=\"async\" class=\"attachment-medium size-medium\" src=\"https:\/\/powerchina.com.br\/wp-content\/uploads\/2023\/07\/1667528813974098577-300x169.png\" sizes=\"(max-width: 300px) 100vw, 300px\" srcset=\"https:\/\/powerchina.com.br\/wp-content\/uploads\/2023\/07\/1667528813974098577-300x169.png 300w, https:\/\/powerchina.com.br\/wp-content\/uploads\/2023\/07\/1667528813974098577-768x432.png 768w, https:\/\/powerchina.com.br\/wp-content\/uploads\/2023\/07\/1667528813974098577.png 800w\" alt=\"\" width=\"300\" height=\"169\" \/><\/a><\/div><\/figure><figure class=\"gallery-item\"><div class=\"gallery-icon landscape\"><a href=\"https:\/\/powerchina.com.br\/wp-content\/uploads\/2023\/07\/1667528806297041570.png\"><img loading=\"lazy\" decoding=\"async\" class=\"attachment-medium size-medium\" src=\"https:\/\/powerchina.com.br\/wp-content\/uploads\/2023\/07\/1667528806297041570-300x225.png\" sizes=\"(max-width: 300px) 100vw, 300px\" srcset=\"https:\/\/powerchina.com.br\/wp-content\/uploads\/2023\/07\/1667528806297041570-300x225.png 300w, https:\/\/powerchina.com.br\/wp-content\/uploads\/2023\/07\/1667528806297041570-768x576.png 768w, https:\/\/powerchina.com.br\/wp-content\/uploads\/2023\/07\/1667528806297041570.png 800w\" alt=\"\" width=\"300\" height=\"225\" \/><\/a><\/div><\/figure><figure class=\"gallery-item\"><div class=\"gallery-icon landscape\"><a href=\"https:\/\/powerchina.com.br\/wp-content\/uploads\/2023\/07\/1667528798688092744.png\"><img loading=\"lazy\" decoding=\"async\" class=\"attachment-medium size-medium\" src=\"https:\/\/powerchina.com.br\/wp-content\/uploads\/2023\/07\/1667528798688092744-300x169.png\" sizes=\"(max-width: 300px) 100vw, 300px\" srcset=\"https:\/\/powerchina.com.br\/wp-content\/uploads\/2023\/07\/1667528798688092744-300x169.png 300w, https:\/\/powerchina.com.br\/wp-content\/uploads\/2023\/07\/1667528798688092744-768x432.png 768w, https:\/\/powerchina.com.br\/wp-content\/uploads\/2023\/07\/1667528798688092744.png 800w\" alt=\"\" width=\"300\" height=\"169\" \/><\/a><\/div><\/figure><\/div><p>Phu My Solar Power Plant Project \u00e9 investido pela Clean Energy Vision Development Joint Stock Company e constru\u00eddo pela PowerChina Jiangxi Electric Power Engineering Co., Ltd. O projeto est\u00e1 localizado na prov\u00edncia de Binh Dinh, no Vietn\u00e3, e cobre uma \u00e1rea de quase 306 hectares. Tem uma capacidade de 330 MW e \u00e9 a maior usina de energia solar da prov\u00edncia de Binh Dinh e uma das cinco maiores do Vietn\u00e3. Ap\u00f3s a conclus\u00e3o, espera-se fornecer mais de 500 milh\u00f5es de kWh de eletricidade limpa todos os anos. O projeto teve in\u00edcio em 19 de julho de 2020 e alcan\u00e7ou a opera\u00e7\u00e3o comercial at\u00e9 o final de 2020.<\/p>\t\t\t\t\t\t<\/div>\n\t\t\t\t<\/div>\n\t\t\t\t\t<\/div>\n\t\t\t\t<\/div>\n\t\t\t\t<\/div>\n\t\t","protected":false},"excerpt":{"rendered":"<p>Pelo mundo \u00c1frica Oriental e Sul Oeste e Centro da \u00c1frica Oriente M\u00e9dio e Norte da \u00c1frica Eur\u00e1sia \u00c1sia Oceano Pac\u00edfico Am\u00e9ricas Vietn\u00e3 A POWERCHINA entrou no mercado do Vietn\u00e3 em 2000 e estabeleceu um escrit\u00f3rio de representa\u00e7\u00e3o no Vietn\u00e3 em 2004. A POWERCHINA (Vietnam) Co Ltd foi registrada em junho de 2019 e \u00e9 [&hellip;]<\/p>\n","protected":false},"author":3,"featured_media":0,"parent":1850,"menu_order":0,"comment_status":"closed","ping_status":"closed","template":"elementor_header_footer","meta":{"footnotes":""},"_links":{"self":[{"href":"https:\/\/powerchina.com.br\/new\/wp-json\/wp\/v2\/pages\/1748"}],"collection":[{"href":"https:\/\/powerchina.com.br\/new\/wp-json\/wp\/v2\/pages"}],"about":[{"href":"https:\/\/powerchina.com.br\/new\/wp-json\/wp\/v2\/types\/page"}],"author":[{"embeddable":true,"href":"https:\/\/powerchina.com.br\/new\/wp-json\/wp\/v2\/users\/3"}],"replies":[{"embeddable":true,"href":"https:\/\/powerchina.com.br\/new\/wp-json\/wp\/v2\/comments?post=1748"}],"version-history":[{"count":8,"href":"https:\/\/powerchina.com.br\/new\/wp-json\/wp\/v2\/pages\/1748\/revisions"}],"predecessor-version":[{"id":3809,"href":"https:\/\/powerchina.com.br\/new\/wp-json\/wp\/v2\/pages\/1748\/revisions\/3809"}],"up":[{"embeddable":true,"href":"https:\/\/powerchina.com.br\/new\/wp-json\/wp\/v2\/pages\/1850"}],"wp:attachment":[{"href":"https:\/\/powerchina.com.br\/new\/wp-json\/wp\/v2\/media?parent=1748"}],"curies":[{"name":"wp","href":"https:\/\/api.w.org\/{rel}","templated":true}]}}