{"id":1762,"date":"2023-07-03T11:54:37","date_gmt":"2023-07-03T14:54:37","guid":{"rendered":"https:\/\/new.powerchina.com.br\/?page_id=1762"},"modified":"2024-09-23T12:18:18","modified_gmt":"2024-09-23T15:18:18","slug":"laos","status":"publish","type":"page","link":"https:\/\/powerchina.com.br\/new\/pelo-mundo\/pelo-mundo-5\/laos\/","title":{"rendered":"Laos"},"content":{"rendered":"\t\t<div data-elementor-type=\"wp-page\" data-elementor-id=\"1762\" class=\"elementor elementor-1762\" data-elementor-post-type=\"page\">\n\t\t\t\t<div class=\"elementor-element elementor-element-2a19470 e-flex e-con-boxed e-con e-parent\" data-id=\"2a19470\" data-element_type=\"container\" data-settings=\"{&quot;background_background&quot;:&quot;classic&quot;}\">\n\t\t\t\t\t<div class=\"e-con-inner\">\n\t\t\t\t<div class=\"elementor-element elementor-element-43fd169 elementor-widget elementor-widget-heading\" data-id=\"43fd169\" data-element_type=\"widget\" data-widget_type=\"heading.default\">\n\t\t\t\t<div class=\"elementor-widget-container\">\n\t\t\t<style>\/*! elementor - v3.22.0 - 26-06-2024 *\/\n.elementor-heading-title{padding:0;margin:0;line-height:1}.elementor-widget-heading .elementor-heading-title[class*=elementor-size-]>a{color:inherit;font-size:inherit;line-height:inherit}.elementor-widget-heading .elementor-heading-title.elementor-size-small{font-size:15px}.elementor-widget-heading .elementor-heading-title.elementor-size-medium{font-size:19px}.elementor-widget-heading .elementor-heading-title.elementor-size-large{font-size:29px}.elementor-widget-heading .elementor-heading-title.elementor-size-xl{font-size:39px}.elementor-widget-heading .elementor-heading-title.elementor-size-xxl{font-size:59px}<\/style><h2 class=\"elementor-heading-title elementor-size-default\">Pelo mundo<\/h2>\t\t<\/div>\n\t\t\t\t<\/div>\n\t\t\t\t\t<\/div>\n\t\t\t\t<\/div>\n\t\t<div class=\"elementor-element elementor-element-54b087e e-grid e-con-boxed e-con e-parent\" data-id=\"54b087e\" data-element_type=\"container\" data-settings=\"{&quot;background_background&quot;:&quot;classic&quot;}\">\n\t\t\t\t\t<div class=\"e-con-inner\">\n\t\t<a class=\"elementor-element elementor-element-51318fc e-con-full e-flex e-con e-child\" data-id=\"51318fc\" data-element_type=\"container\" data-settings=\"{&quot;background_background&quot;:&quot;classic&quot;}\" href=\"https:\/\/powerchina.com.br\/new\/pelo-mundo\/pelo-mundo-1\/\">\n\t\t\t\t<div class=\"elementor-element elementor-element-c171158 elementor-widget elementor-widget-heading\" data-id=\"c171158\" data-element_type=\"widget\" data-widget_type=\"heading.default\">\n\t\t\t\t<div class=\"elementor-widget-container\">\n\t\t\t<span class=\"elementor-heading-title elementor-size-default\">\u00c1frica Oriental e Sul<\/span>\t\t<\/div>\n\t\t\t\t<\/div>\n\t\t\t\t<\/a>\n\t\t<a class=\"elementor-element elementor-element-ba9a5e5 e-con-full e-flex e-con e-child\" data-id=\"ba9a5e5\" data-element_type=\"container\" data-settings=\"{&quot;background_background&quot;:&quot;classic&quot;}\" href=\"https:\/\/powerchina.com.br\/new\/pelo-mundo\/pelo-mundo-2\/\">\n\t\t\t\t<div class=\"elementor-element elementor-element-ca096f6 elementor-widget elementor-widget-heading\" data-id=\"ca096f6\" data-element_type=\"widget\" data-widget_type=\"heading.default\">\n\t\t\t\t<div class=\"elementor-widget-container\">\n\t\t\t<span class=\"elementor-heading-title elementor-size-default\">Oeste e Centro da \u00c1frica<\/span>\t\t<\/div>\n\t\t\t\t<\/div>\n\t\t\t\t<\/a>\n\t\t<a class=\"elementor-element elementor-element-3efb629 e-con-full e-flex e-con e-child\" data-id=\"3efb629\" data-element_type=\"container\" data-settings=\"{&quot;background_background&quot;:&quot;classic&quot;}\" href=\"https:\/\/powerchina.com.br\/new\/pelo-mundo\/pelo-mundo-3\/\">\n\t\t\t\t<div class=\"elementor-element elementor-element-715d4b0 elementor-widget elementor-widget-heading\" data-id=\"715d4b0\" data-element_type=\"widget\" data-widget_type=\"heading.default\">\n\t\t\t\t<div class=\"elementor-widget-container\">\n\t\t\t<span class=\"elementor-heading-title elementor-size-default\">Oriente M\u00e9dio e Norte da \u00c1frica<\/span>\t\t<\/div>\n\t\t\t\t<\/div>\n\t\t\t\t<\/a>\n\t\t<a class=\"elementor-element elementor-element-6112e65 e-con-full e-flex e-con e-child\" data-id=\"6112e65\" data-element_type=\"container\" data-settings=\"{&quot;background_background&quot;:&quot;classic&quot;}\" href=\"https:\/\/powerchina.com.br\/new\/pelo-mundo\/pelo-mundo-4\/\">\n\t\t\t\t<div class=\"elementor-element elementor-element-b6c1374 elementor-widget elementor-widget-heading\" data-id=\"b6c1374\" data-element_type=\"widget\" data-widget_type=\"heading.default\">\n\t\t\t\t<div class=\"elementor-widget-container\">\n\t\t\t<span class=\"elementor-heading-title elementor-size-default\">Eur\u00e1sia<\/span>\t\t<\/div>\n\t\t\t\t<\/div>\n\t\t\t\t<\/a>\n\t\t<a class=\"elementor-element elementor-element-5ab1131 e-con-full e-flex e-con e-child\" data-id=\"5ab1131\" data-element_type=\"container\" data-settings=\"{&quot;background_background&quot;:&quot;classic&quot;}\" href=\"https:\/\/powerchina.com.br\/new\/pelo-mundo\/pelo-mundo-5\/\">\n\t\t\t\t<div class=\"elementor-element elementor-element-3fe355a elementor-widget elementor-widget-heading\" data-id=\"3fe355a\" data-element_type=\"widget\" data-widget_type=\"heading.default\">\n\t\t\t\t<div class=\"elementor-widget-container\">\n\t\t\t<span class=\"elementor-heading-title elementor-size-default\">\u00c1sia Oceano Pac\u00edfico<\/span>\t\t<\/div>\n\t\t\t\t<\/div>\n\t\t\t\t<\/a>\n\t\t<a class=\"elementor-element elementor-element-5ed3b67 e-con-full e-flex e-con e-child\" data-id=\"5ed3b67\" data-element_type=\"container\" data-settings=\"{&quot;background_background&quot;:&quot;classic&quot;}\" href=\"https:\/\/powerchina.com.br\/new\/pelo-mundo\/pelo-mundo-6\/\">\n\t\t\t\t<div class=\"elementor-element elementor-element-8f8937d elementor-widget elementor-widget-heading\" data-id=\"8f8937d\" data-element_type=\"widget\" data-widget_type=\"heading.default\">\n\t\t\t\t<div class=\"elementor-widget-container\">\n\t\t\t<span class=\"elementor-heading-title elementor-size-default\">Am\u00e9ricas<\/span>\t\t<\/div>\n\t\t\t\t<\/div>\n\t\t\t\t<\/a>\n\t\t\t\t\t<\/div>\n\t\t\t\t<\/div>\n\t\t<div class=\"elementor-element elementor-element-dbba7d0 e-flex e-con-boxed e-con e-parent\" data-id=\"dbba7d0\" data-element_type=\"container\">\n\t\t\t\t\t<div class=\"e-con-inner\">\n\t\t\t\t<div class=\"elementor-element elementor-element-0d168c0 elementor-widget elementor-widget-heading\" data-id=\"0d168c0\" data-element_type=\"widget\" data-widget_type=\"heading.default\">\n\t\t\t\t<div class=\"elementor-widget-container\">\n\t\t\t<h3 class=\"elementor-heading-title elementor-size-default\">Laos<\/h3>\t\t<\/div>\n\t\t\t\t<\/div>\n\t\t\t\t<div class=\"elementor-element elementor-element-d855ce1 elementor-widget elementor-widget-text-editor\" data-id=\"d855ce1\" data-element_type=\"widget\" data-widget_type=\"text-editor.default\">\n\t\t\t\t<div class=\"elementor-widget-container\">\n\t\t\t<style>\/*! elementor - v3.22.0 - 26-06-2024 *\/\n.elementor-widget-text-editor.elementor-drop-cap-view-stacked .elementor-drop-cap{background-color:#69727d;color:#fff}.elementor-widget-text-editor.elementor-drop-cap-view-framed .elementor-drop-cap{color:#69727d;border:3px solid;background-color:transparent}.elementor-widget-text-editor:not(.elementor-drop-cap-view-default) .elementor-drop-cap{margin-top:8px}.elementor-widget-text-editor:not(.elementor-drop-cap-view-default) .elementor-drop-cap-letter{width:1em;height:1em}.elementor-widget-text-editor .elementor-drop-cap{float:left;text-align:center;line-height:1;font-size:50px}.elementor-widget-text-editor .elementor-drop-cap-letter{display:inline-block}<\/style>\t\t\t\t<p>A POWERCHINA est\u00e1 no Laos h\u00e1 26 anos desde 1996 e se tornou uma das empreiteiras de engenharia e investidores de energia mais influentes. A POWERCHINA realizou investimentos e constru\u00e7\u00e3o para as Centrais El\u00e9tricas de Cascata do Rio Nam Ou, Ferrovia China-Laos e outros grandes projetos com influ\u00eancia internacional, e cultivou um lote de excelentes talentos de engenharia para o Laos e fez grandes contribui\u00e7\u00f5es para o desenvolvimento da economia local e subsist\u00eancia das pessoas.<\/p><p>At\u00e9 o final de 2021, a POWERCHINA havia conclu\u00eddo mais de 130 projetos no Laos, com um valor total de contrato de US$ 4,38 bilh\u00f5es e 24 projetos em constru\u00e7\u00e3o, com um valor total de contrato de US$ 3,08 bilh\u00f5es. No setor de energia e minera\u00e7\u00e3o, a POWERCHINA investiu em oito usinas hidrel\u00e9tricas e uma f\u00e1brica de cimento, com uma capacidade instalada total de 1.452 MW e um investimento total de mais de US$ 3 bilh\u00f5es.<\/p><h4>Principais projetos<\/h4><p><img fetchpriority=\"high\" decoding=\"async\" class=\"alignnone size-full wp-image-1763\" src=\"https:\/\/powerchina.com.br\/wp-content\/uploads\/2023\/07\/1667528456547075850.jpg\" sizes=\"(max-width: 800px) 100vw, 800px\" srcset=\"https:\/\/powerchina.com.br\/wp-content\/uploads\/2023\/07\/1667528456547075850.jpg 800w, https:\/\/powerchina.com.br\/wp-content\/uploads\/2023\/07\/1667528456547075850-300x161.jpg 300w, https:\/\/powerchina.com.br\/wp-content\/uploads\/2023\/07\/1667528456547075850-768x411.jpg 768w\" alt=\"\" width=\"800\" height=\"428\" \/><\/p><p>Esta\u00e7\u00e3o Hidrel\u00e9trica Don Sahong<\/p><p><img decoding=\"async\" class=\"alignnone wp-image-1764 size-full\" src=\"https:\/\/powerchina.com.br\/wp-content\/uploads\/2023\/07\/1667528464346074755.jpg\" sizes=\"(max-width: 800px) 100vw, 800px\" srcset=\"https:\/\/powerchina.com.br\/wp-content\/uploads\/2023\/07\/1667528464346074755.jpg 800w, https:\/\/powerchina.com.br\/wp-content\/uploads\/2023\/07\/1667528464346074755-300x169.jpg 300w, https:\/\/powerchina.com.br\/wp-content\/uploads\/2023\/07\/1667528464346074755-768x432.jpg 768w\" alt=\"\" width=\"800\" height=\"450\" \/><\/p><p>Esta\u00e7\u00e3o Hidrel\u00e9trica de Nam Ngum \u2162<\/p><p><img decoding=\"async\" class=\"alignnone size-full wp-image-1765\" src=\"https:\/\/powerchina.com.br\/wp-content\/uploads\/2023\/07\/1667528472623017165.jpg\" sizes=\"(max-width: 800px) 100vw, 800px\" srcset=\"https:\/\/powerchina.com.br\/wp-content\/uploads\/2023\/07\/1667528472623017165.jpg 800w, https:\/\/powerchina.com.br\/wp-content\/uploads\/2023\/07\/1667528472623017165-300x200.jpg 300w, https:\/\/powerchina.com.br\/wp-content\/uploads\/2023\/07\/1667528472623017165-768x512.jpg 768w\" alt=\"\" width=\"800\" height=\"533\" \/><\/p><p>Esta\u00e7\u00e3o Hidrel\u00e9trica Nam Ngum V<\/p><p><img loading=\"lazy\" decoding=\"async\" class=\"alignnone wp-image-1766 size-full\" src=\"https:\/\/powerchina.com.br\/wp-content\/uploads\/2023\/07\/1667528485769025240.jpg\" sizes=\"(max-width: 800px) 100vw, 800px\" srcset=\"https:\/\/powerchina.com.br\/wp-content\/uploads\/2023\/07\/1667528485769025240.jpg 800w, https:\/\/powerchina.com.br\/wp-content\/uploads\/2023\/07\/1667528485769025240-300x169.jpg 300w, https:\/\/powerchina.com.br\/wp-content\/uploads\/2023\/07\/1667528485769025240-768x432.jpg 768w\" alt=\"\" width=\"800\" height=\"450\" \/><\/p><p>Esta\u00e7\u00e3o Hidrel\u00e9trica de Nam Ou \u2160<\/p><p><img loading=\"lazy\" decoding=\"async\" class=\"alignnone size-full wp-image-1767\" src=\"https:\/\/powerchina.com.br\/wp-content\/uploads\/2023\/07\/1667528498258044701.jpg\" sizes=\"(max-width: 800px) 100vw, 800px\" srcset=\"https:\/\/powerchina.com.br\/wp-content\/uploads\/2023\/07\/1667528498258044701.jpg 800w, https:\/\/powerchina.com.br\/wp-content\/uploads\/2023\/07\/1667528498258044701-300x200.jpg 300w, https:\/\/powerchina.com.br\/wp-content\/uploads\/2023\/07\/1667528498258044701-768x512.jpg 768w\" alt=\"\" width=\"800\" height=\"533\" \/><\/p><p>Esta\u00e7\u00e3o Hidrel\u00e9trica de Nam Ou \u2161<\/p><p><img loading=\"lazy\" decoding=\"async\" class=\"alignnone size-full wp-image-1768\" src=\"https:\/\/powerchina.com.br\/wp-content\/uploads\/2023\/07\/1667528508054091607.jpg\" sizes=\"(max-width: 800px) 100vw, 800px\" srcset=\"https:\/\/powerchina.com.br\/wp-content\/uploads\/2023\/07\/1667528508054091607.jpg 800w, https:\/\/powerchina.com.br\/wp-content\/uploads\/2023\/07\/1667528508054091607-300x169.jpg 300w, https:\/\/powerchina.com.br\/wp-content\/uploads\/2023\/07\/1667528508054091607-768x432.jpg 768w\" alt=\"\" width=\"800\" height=\"450\" \/><\/p><p>Esta\u00e7\u00e3o Hidrel\u00e9trica de Nam Ou \u2162<\/p><p><img loading=\"lazy\" decoding=\"async\" class=\"alignnone size-full wp-image-1769\" src=\"https:\/\/powerchina.com.br\/wp-content\/uploads\/2023\/07\/1667528516154057995.jpg\" sizes=\"(max-width: 800px) 100vw, 800px\" srcset=\"https:\/\/powerchina.com.br\/wp-content\/uploads\/2023\/07\/1667528516154057995.jpg 800w, https:\/\/powerchina.com.br\/wp-content\/uploads\/2023\/07\/1667528516154057995-300x169.jpg 300w, https:\/\/powerchina.com.br\/wp-content\/uploads\/2023\/07\/1667528516154057995-768x432.jpg 768w\" alt=\"\" width=\"800\" height=\"450\" \/><\/p><p>Esta\u00e7\u00e3o Hidrel\u00e9trica de Nam Ou IV<\/p><p><img loading=\"lazy\" decoding=\"async\" class=\"alignnone size-full wp-image-1770\" src=\"https:\/\/powerchina.com.br\/wp-content\/uploads\/2023\/07\/1667528521477097226.jpg\" sizes=\"(max-width: 800px) 100vw, 800px\" srcset=\"https:\/\/powerchina.com.br\/wp-content\/uploads\/2023\/07\/1667528521477097226.jpg 800w, https:\/\/powerchina.com.br\/wp-content\/uploads\/2023\/07\/1667528521477097226-300x200.jpg 300w, https:\/\/powerchina.com.br\/wp-content\/uploads\/2023\/07\/1667528521477097226-768x512.jpg 768w\" alt=\"\" width=\"800\" height=\"533\" \/><\/p><p>Esta\u00e7\u00e3o Hidrel\u00e9trica de Nam Ou V<\/p><p><img loading=\"lazy\" decoding=\"async\" class=\"alignnone size-full wp-image-1771\" src=\"https:\/\/powerchina.com.br\/wp-content\/uploads\/2023\/07\/1667528530303053428.jpg\" sizes=\"(max-width: 800px) 100vw, 800px\" srcset=\"https:\/\/powerchina.com.br\/wp-content\/uploads\/2023\/07\/1667528530303053428.jpg 800w, https:\/\/powerchina.com.br\/wp-content\/uploads\/2023\/07\/1667528530303053428-300x200.jpg 300w, https:\/\/powerchina.com.br\/wp-content\/uploads\/2023\/07\/1667528530303053428-768x512.jpg 768w\" alt=\"\" width=\"800\" height=\"533\" \/><\/p><p>Esta\u00e7\u00e3o Hidrel\u00e9trica de Nam Ou \u2165<\/p><p><img loading=\"lazy\" decoding=\"async\" class=\"alignnone size-full wp-image-1772\" src=\"https:\/\/powerchina.com.br\/wp-content\/uploads\/2023\/07\/1667528536697036257.jpg\" sizes=\"(max-width: 800px) 100vw, 800px\" srcset=\"https:\/\/powerchina.com.br\/wp-content\/uploads\/2023\/07\/1667528536697036257.jpg 800w, https:\/\/powerchina.com.br\/wp-content\/uploads\/2023\/07\/1667528536697036257-300x168.jpg 300w, https:\/\/powerchina.com.br\/wp-content\/uploads\/2023\/07\/1667528536697036257-768x431.jpg 768w\" alt=\"\" width=\"800\" height=\"449\" \/><\/p><p>Esta\u00e7\u00e3o Hidrel\u00e9trica de Nam Ou \u2166<\/p><p><img loading=\"lazy\" decoding=\"async\" class=\"alignnone size-full wp-image-1773\" src=\"https:\/\/powerchina.com.br\/wp-content\/uploads\/2023\/07\/1667528543274032249.jpg\" sizes=\"(max-width: 800px) 100vw, 800px\" srcset=\"https:\/\/powerchina.com.br\/wp-content\/uploads\/2023\/07\/1667528543274032249.jpg 800w, https:\/\/powerchina.com.br\/wp-content\/uploads\/2023\/07\/1667528543274032249-300x168.jpg 300w, https:\/\/powerchina.com.br\/wp-content\/uploads\/2023\/07\/1667528543274032249-768x431.jpg 768w\" alt=\"\" width=\"800\" height=\"449\" \/><\/p><p>O leito da Ferrovia China-Laos<\/p><p><img loading=\"lazy\" decoding=\"async\" class=\"alignnone size-full wp-image-1774\" src=\"https:\/\/powerchina.com.br\/wp-content\/uploads\/2023\/07\/1667528548129079808.jpg\" sizes=\"(max-width: 800px) 100vw, 800px\" srcset=\"https:\/\/powerchina.com.br\/wp-content\/uploads\/2023\/07\/1667528548129079808.jpg 800w, https:\/\/powerchina.com.br\/wp-content\/uploads\/2023\/07\/1667528548129079808-300x188.jpg 300w, https:\/\/powerchina.com.br\/wp-content\/uploads\/2023\/07\/1667528548129079808-768x481.jpg 768w\" alt=\"\" width=\"800\" height=\"501\" \/><\/p><p>A ponte da Ferrovia China-Laos<\/p>\t\t\t\t\t\t<\/div>\n\t\t\t\t<\/div>\n\t\t\t\t\t<\/div>\n\t\t\t\t<\/div>\n\t\t\t\t<\/div>\n\t\t","protected":false},"excerpt":{"rendered":"<p>Pelo mundo \u00c1frica Oriental e Sul Oeste e Centro da \u00c1frica Oriente M\u00e9dio e Norte da \u00c1frica Eur\u00e1sia \u00c1sia Oceano Pac\u00edfico Am\u00e9ricas Laos A POWERCHINA est\u00e1 no Laos h\u00e1 26 anos desde 1996 e se tornou uma das empreiteiras de engenharia e investidores de energia mais influentes. A POWERCHINA realizou investimentos e constru\u00e7\u00e3o para as [&hellip;]<\/p>\n","protected":false},"author":3,"featured_media":0,"parent":1850,"menu_order":0,"comment_status":"closed","ping_status":"closed","template":"elementor_header_footer","meta":{"footnotes":""},"_links":{"self":[{"href":"https:\/\/powerchina.com.br\/new\/wp-json\/wp\/v2\/pages\/1762"}],"collection":[{"href":"https:\/\/powerchina.com.br\/new\/wp-json\/wp\/v2\/pages"}],"about":[{"href":"https:\/\/powerchina.com.br\/new\/wp-json\/wp\/v2\/types\/page"}],"author":[{"embeddable":true,"href":"https:\/\/powerchina.com.br\/new\/wp-json\/wp\/v2\/users\/3"}],"replies":[{"embeddable":true,"href":"https:\/\/powerchina.com.br\/new\/wp-json\/wp\/v2\/comments?post=1762"}],"version-history":[{"count":8,"href":"https:\/\/powerchina.com.br\/new\/wp-json\/wp\/v2\/pages\/1762\/revisions"}],"predecessor-version":[{"id":3804,"href":"https:\/\/powerchina.com.br\/new\/wp-json\/wp\/v2\/pages\/1762\/revisions\/3804"}],"up":[{"embeddable":true,"href":"https:\/\/powerchina.com.br\/new\/wp-json\/wp\/v2\/pages\/1850"}],"wp:attachment":[{"href":"https:\/\/powerchina.com.br\/new\/wp-json\/wp\/v2\/media?parent=1762"}],"curies":[{"name":"wp","href":"https:\/\/api.w.org\/{rel}","templated":true}]}}