{"id":1794,"date":"2023-07-03T12:17:40","date_gmt":"2023-07-03T15:17:40","guid":{"rendered":"https:\/\/new.powerchina.com.br\/?page_id=1794"},"modified":"2024-09-23T12:23:46","modified_gmt":"2024-09-23T15:23:46","slug":"panama","status":"publish","type":"page","link":"https:\/\/powerchina.com.br\/new\/pelo-mundo\/pelo-mundo-6\/panama\/","title":{"rendered":"Panam\u00e1"},"content":{"rendered":"\t\t<div data-elementor-type=\"wp-page\" data-elementor-id=\"1794\" class=\"elementor elementor-1794\" data-elementor-post-type=\"page\">\n\t\t\t\t<div class=\"elementor-element elementor-element-fb254b7 e-flex e-con-boxed e-con e-parent\" data-id=\"fb254b7\" data-element_type=\"container\" data-settings=\"{&quot;background_background&quot;:&quot;classic&quot;}\">\n\t\t\t\t\t<div class=\"e-con-inner\">\n\t\t\t\t<div class=\"elementor-element elementor-element-7901cc2 elementor-widget elementor-widget-heading\" data-id=\"7901cc2\" data-element_type=\"widget\" data-widget_type=\"heading.default\">\n\t\t\t\t<div class=\"elementor-widget-container\">\n\t\t\t<style>\/*! elementor - v3.22.0 - 26-06-2024 *\/\n.elementor-heading-title{padding:0;margin:0;line-height:1}.elementor-widget-heading .elementor-heading-title[class*=elementor-size-]>a{color:inherit;font-size:inherit;line-height:inherit}.elementor-widget-heading .elementor-heading-title.elementor-size-small{font-size:15px}.elementor-widget-heading .elementor-heading-title.elementor-size-medium{font-size:19px}.elementor-widget-heading .elementor-heading-title.elementor-size-large{font-size:29px}.elementor-widget-heading .elementor-heading-title.elementor-size-xl{font-size:39px}.elementor-widget-heading .elementor-heading-title.elementor-size-xxl{font-size:59px}<\/style><h2 class=\"elementor-heading-title elementor-size-default\">Pelo mundo<\/h2>\t\t<\/div>\n\t\t\t\t<\/div>\n\t\t\t\t\t<\/div>\n\t\t\t\t<\/div>\n\t\t<div class=\"elementor-element elementor-element-f93eb8b e-grid e-con-boxed e-con e-parent\" data-id=\"f93eb8b\" data-element_type=\"container\" data-settings=\"{&quot;background_background&quot;:&quot;classic&quot;}\">\n\t\t\t\t\t<div class=\"e-con-inner\">\n\t\t<a class=\"elementor-element elementor-element-bfc9853 e-con-full e-flex e-con e-child\" data-id=\"bfc9853\" data-element_type=\"container\" data-settings=\"{&quot;background_background&quot;:&quot;classic&quot;}\" href=\"https:\/\/powerchina.com.br\/new\/pelo-mundo\/pelo-mundo-1\/\">\n\t\t\t\t<div class=\"elementor-element elementor-element-c2c9110 elementor-widget elementor-widget-heading\" data-id=\"c2c9110\" data-element_type=\"widget\" data-widget_type=\"heading.default\">\n\t\t\t\t<div class=\"elementor-widget-container\">\n\t\t\t<span class=\"elementor-heading-title elementor-size-default\">\u00c1frica Oriental e Sul<\/span>\t\t<\/div>\n\t\t\t\t<\/div>\n\t\t\t\t<\/a>\n\t\t<a class=\"elementor-element elementor-element-a53c3bb e-con-full e-flex e-con e-child\" data-id=\"a53c3bb\" data-element_type=\"container\" data-settings=\"{&quot;background_background&quot;:&quot;classic&quot;}\" href=\"https:\/\/powerchina.com.br\/new\/pelo-mundo\/pelo-mundo-2\/\">\n\t\t\t\t<div class=\"elementor-element elementor-element-63825a0 elementor-widget elementor-widget-heading\" data-id=\"63825a0\" data-element_type=\"widget\" data-widget_type=\"heading.default\">\n\t\t\t\t<div class=\"elementor-widget-container\">\n\t\t\t<span class=\"elementor-heading-title elementor-size-default\">Oeste e Centro da \u00c1frica<\/span>\t\t<\/div>\n\t\t\t\t<\/div>\n\t\t\t\t<\/a>\n\t\t<a class=\"elementor-element elementor-element-dc5da43 e-con-full e-flex e-con e-child\" data-id=\"dc5da43\" data-element_type=\"container\" data-settings=\"{&quot;background_background&quot;:&quot;classic&quot;}\" href=\"https:\/\/powerchina.com.br\/new\/pelo-mundo\/pelo-mundo-3\/\">\n\t\t\t\t<div class=\"elementor-element elementor-element-677249b elementor-widget elementor-widget-heading\" data-id=\"677249b\" data-element_type=\"widget\" data-widget_type=\"heading.default\">\n\t\t\t\t<div class=\"elementor-widget-container\">\n\t\t\t<span class=\"elementor-heading-title elementor-size-default\">Oriente M\u00e9dio e Norte da \u00c1frica<\/span>\t\t<\/div>\n\t\t\t\t<\/div>\n\t\t\t\t<\/a>\n\t\t<a class=\"elementor-element elementor-element-3975350 e-con-full e-flex e-con e-child\" data-id=\"3975350\" data-element_type=\"container\" data-settings=\"{&quot;background_background&quot;:&quot;classic&quot;}\" href=\"https:\/\/powerchina.com.br\/new\/pelo-mundo\/pelo-mundo-4\/\">\n\t\t\t\t<div class=\"elementor-element elementor-element-7c44364 elementor-widget elementor-widget-heading\" data-id=\"7c44364\" data-element_type=\"widget\" data-widget_type=\"heading.default\">\n\t\t\t\t<div class=\"elementor-widget-container\">\n\t\t\t<span class=\"elementor-heading-title elementor-size-default\">Eur\u00e1sia<\/span>\t\t<\/div>\n\t\t\t\t<\/div>\n\t\t\t\t<\/a>\n\t\t<a class=\"elementor-element elementor-element-4dbd761 e-con-full e-flex e-con e-child\" data-id=\"4dbd761\" data-element_type=\"container\" data-settings=\"{&quot;background_background&quot;:&quot;classic&quot;}\" href=\"https:\/\/powerchina.com.br\/new\/pelo-mundo\/pelo-mundo-5\/\">\n\t\t\t\t<div class=\"elementor-element elementor-element-5371eac elementor-widget elementor-widget-heading\" data-id=\"5371eac\" data-element_type=\"widget\" data-widget_type=\"heading.default\">\n\t\t\t\t<div class=\"elementor-widget-container\">\n\t\t\t<span class=\"elementor-heading-title elementor-size-default\">\u00c1sia Oceano Pac\u00edfico<\/span>\t\t<\/div>\n\t\t\t\t<\/div>\n\t\t\t\t<\/a>\n\t\t<a class=\"elementor-element elementor-element-66aca2f e-con-full e-flex e-con e-child\" data-id=\"66aca2f\" data-element_type=\"container\" data-settings=\"{&quot;background_background&quot;:&quot;classic&quot;}\" href=\"https:\/\/powerchina.com.br\/new\/pelo-mundo\/pelo-mundo-6\/\">\n\t\t\t\t<div class=\"elementor-element elementor-element-b559350 elementor-widget elementor-widget-heading\" data-id=\"b559350\" data-element_type=\"widget\" data-widget_type=\"heading.default\">\n\t\t\t\t<div class=\"elementor-widget-container\">\n\t\t\t<span class=\"elementor-heading-title elementor-size-default\">Am\u00e9ricas<\/span>\t\t<\/div>\n\t\t\t\t<\/div>\n\t\t\t\t<\/a>\n\t\t\t\t\t<\/div>\n\t\t\t\t<\/div>\n\t\t<div class=\"elementor-element elementor-element-861ab04 e-flex e-con-boxed e-con e-parent\" data-id=\"861ab04\" data-element_type=\"container\">\n\t\t\t\t\t<div class=\"e-con-inner\">\n\t\t\t\t<div class=\"elementor-element elementor-element-32b73d4 elementor-widget elementor-widget-heading\" data-id=\"32b73d4\" data-element_type=\"widget\" data-widget_type=\"heading.default\">\n\t\t\t\t<div class=\"elementor-widget-container\">\n\t\t\t<h3 class=\"elementor-heading-title elementor-size-default\">Panam\u00e1<\/h3>\t\t<\/div>\n\t\t\t\t<\/div>\n\t\t\t\t<div class=\"elementor-element elementor-element-9998745 elementor-widget elementor-widget-text-editor\" data-id=\"9998745\" data-element_type=\"widget\" data-widget_type=\"text-editor.default\">\n\t\t\t\t<div class=\"elementor-widget-container\">\n\t\t\t<style>\/*! elementor - v3.22.0 - 26-06-2024 *\/\n.elementor-widget-text-editor.elementor-drop-cap-view-stacked .elementor-drop-cap{background-color:#69727d;color:#fff}.elementor-widget-text-editor.elementor-drop-cap-view-framed .elementor-drop-cap{color:#69727d;border:3px solid;background-color:transparent}.elementor-widget-text-editor:not(.elementor-drop-cap-view-default) .elementor-drop-cap{margin-top:8px}.elementor-widget-text-editor:not(.elementor-drop-cap-view-default) .elementor-drop-cap-letter{width:1em;height:1em}.elementor-widget-text-editor .elementor-drop-cap{float:left;text-align:center;line-height:1;font-size:50px}.elementor-widget-text-editor .elementor-drop-cap-letter{display:inline-block}<\/style>\t\t\t\t<p>O Panam\u00e1, oficialmente Rep\u00fablica do Panam\u00e1, \u00e9 o pa\u00eds mais ao sul da Am\u00e9rica Central, com uma \u00e1rea total de 75.517 quil\u00f4metros quadrados. Sua capital \u00e9 a Cidade do Panam\u00e1. O Canal do Panam\u00e1, que liga o Oceano Atl\u00e2ntico e o Oceano Pac\u00edfico no centro do Panam\u00e1, tem uma importante posi\u00e7\u00e3o estrat\u00e9gica e \u00e9 a linha divis\u00f3ria entre a Am\u00e9rica do Sul e a Am\u00e9rica do Norte. Dada a sua localiza\u00e7\u00e3o geogr\u00e1fica significativa, a economia do Panam\u00e1 est\u00e1 centrada no setor de servi\u00e7os e dominada pelas finan\u00e7as, com\u00e9rcio e turismo. A ind\u00fastria financeira e o com\u00e9rcio de entrepostos s\u00e3o desenvolvidos e desempenham um papel importante em sua economia. O Panam\u00e1 usa o d\u00f3lar americano como moeda em circula\u00e7\u00e3o desde 1907. A moeda nacional \u00e9 o Balboa panamenho, que equivale ao d\u00f3lar americano e \u00e9 usado no pa\u00eds ao mesmo tempo.<\/p><p><img fetchpriority=\"high\" decoding=\"async\" class=\"alignnone size-full wp-image-1795\" src=\"https:\/\/powerchina.com.br\/wp-content\/uploads\/2023\/07\/1667529981085096415.png\" sizes=\"(max-width: 800px) 100vw, 800px\" srcset=\"https:\/\/powerchina.com.br\/wp-content\/uploads\/2023\/07\/1667529981085096415.png 800w, https:\/\/powerchina.com.br\/wp-content\/uploads\/2023\/07\/1667529981085096415-300x225.png 300w, https:\/\/powerchina.com.br\/wp-content\/uploads\/2023\/07\/1667529981085096415-768x576.png 768w\" alt=\"\" width=\"800\" height=\"600\" \/><\/p><p><img decoding=\"async\" class=\"alignnone size-full wp-image-1796\" src=\"https:\/\/powerchina.com.br\/wp-content\/uploads\/2023\/07\/1667530002916088461.png\" sizes=\"(max-width: 800px) 100vw, 800px\" srcset=\"https:\/\/powerchina.com.br\/wp-content\/uploads\/2023\/07\/1667530002916088461.png 800w, https:\/\/powerchina.com.br\/wp-content\/uploads\/2023\/07\/1667530002916088461-300x225.png 300w, https:\/\/powerchina.com.br\/wp-content\/uploads\/2023\/07\/1667530002916088461-768x576.png 768w\" alt=\"\" width=\"800\" height=\"600\" \/><\/p><p>A sede regional da POWERCHINA Am\u00e9ricas estabeleceu um escrit\u00f3rio no Panam\u00e1 em 2016 e realizou um projeto\u2014Projeto de Oleoduto da Cidade do Panam\u00e1, que est\u00e1 em constru\u00e7\u00e3o at\u00e9 agora e o valor do contrato \u00e9 de aproximadamente US$ 148,9 milh\u00f5es.<\/p><p>E-mail: wangbo@powerchina-intl.com<\/p>\t\t\t\t\t\t<\/div>\n\t\t\t\t<\/div>\n\t\t\t\t\t<\/div>\n\t\t\t\t<\/div>\n\t\t\t\t<\/div>\n\t\t","protected":false},"excerpt":{"rendered":"<p>Pelo mundo \u00c1frica Oriental e Sul Oeste e Centro da \u00c1frica Oriente M\u00e9dio e Norte da \u00c1frica Eur\u00e1sia \u00c1sia Oceano Pac\u00edfico Am\u00e9ricas Panam\u00e1 O Panam\u00e1, oficialmente Rep\u00fablica do Panam\u00e1, \u00e9 o pa\u00eds mais ao sul da Am\u00e9rica Central, com uma \u00e1rea total de 75.517 quil\u00f4metros quadrados. Sua capital \u00e9 a Cidade do Panam\u00e1. O Canal [&hellip;]<\/p>\n","protected":false},"author":3,"featured_media":0,"parent":1856,"menu_order":0,"comment_status":"closed","ping_status":"closed","template":"elementor_header_footer","meta":{"footnotes":""},"_links":{"self":[{"href":"https:\/\/powerchina.com.br\/new\/wp-json\/wp\/v2\/pages\/1794"}],"collection":[{"href":"https:\/\/powerchina.com.br\/new\/wp-json\/wp\/v2\/pages"}],"about":[{"href":"https:\/\/powerchina.com.br\/new\/wp-json\/wp\/v2\/types\/page"}],"author":[{"embeddable":true,"href":"https:\/\/powerchina.com.br\/new\/wp-json\/wp\/v2\/users\/3"}],"replies":[{"embeddable":true,"href":"https:\/\/powerchina.com.br\/new\/wp-json\/wp\/v2\/comments?post=1794"}],"version-history":[{"count":8,"href":"https:\/\/powerchina.com.br\/new\/wp-json\/wp\/v2\/pages\/1794\/revisions"}],"predecessor-version":[{"id":3818,"href":"https:\/\/powerchina.com.br\/new\/wp-json\/wp\/v2\/pages\/1794\/revisions\/3818"}],"up":[{"embeddable":true,"href":"https:\/\/powerchina.com.br\/new\/wp-json\/wp\/v2\/pages\/1856"}],"wp:attachment":[{"href":"https:\/\/powerchina.com.br\/new\/wp-json\/wp\/v2\/media?parent=1794"}],"curies":[{"name":"wp","href":"https:\/\/api.w.org\/{rel}","templated":true}]}}