{"id":1936,"date":"2023-07-05T09:52:46","date_gmt":"2023-07-05T12:52:46","guid":{"rendered":"https:\/\/new.powerchina.com.br\/?page_id=1936"},"modified":"2024-09-22T18:53:55","modified_gmt":"2024-09-22T21:53:55","slug":"pelo-mundo","status":"publish","type":"page","link":"https:\/\/powerchina.com.br\/new\/pelo-mundo\/","title":{"rendered":"Pelo Mundo"},"content":{"rendered":"\t\t<div data-elementor-type=\"wp-page\" data-elementor-id=\"1936\" class=\"elementor elementor-1936\" data-elementor-post-type=\"page\">\n\t\t\t\t<div class=\"elementor-element elementor-element-734a280 e-flex e-con-boxed e-con e-parent\" data-id=\"734a280\" data-element_type=\"container\" data-settings=\"{&quot;background_background&quot;:&quot;classic&quot;}\">\n\t\t\t\t\t<div class=\"e-con-inner\">\n\t\t\t\t<div class=\"elementor-element elementor-element-e0d6193 elementor-widget elementor-widget-heading\" data-id=\"e0d6193\" data-element_type=\"widget\" data-widget_type=\"heading.default\">\n\t\t\t\t<div class=\"elementor-widget-container\">\n\t\t\t<style>\/*! elementor - v3.22.0 - 26-06-2024 *\/\n.elementor-heading-title{padding:0;margin:0;line-height:1}.elementor-widget-heading .elementor-heading-title[class*=elementor-size-]>a{color:inherit;font-size:inherit;line-height:inherit}.elementor-widget-heading .elementor-heading-title.elementor-size-small{font-size:15px}.elementor-widget-heading .elementor-heading-title.elementor-size-medium{font-size:19px}.elementor-widget-heading .elementor-heading-title.elementor-size-large{font-size:29px}.elementor-widget-heading .elementor-heading-title.elementor-size-xl{font-size:39px}.elementor-widget-heading .elementor-heading-title.elementor-size-xxl{font-size:59px}<\/style><h2 class=\"elementor-heading-title elementor-size-default\">Pelo Mundo<\/h2>\t\t<\/div>\n\t\t\t\t<\/div>\n\t\t\t\t\t<\/div>\n\t\t\t\t<\/div>\n\t\t<div class=\"elementor-element elementor-element-977a066 e-grid e-con-boxed e-con e-parent\" data-id=\"977a066\" data-element_type=\"container\" data-settings=\"{&quot;background_background&quot;:&quot;classic&quot;}\">\n\t\t\t\t\t<div class=\"e-con-inner\">\n\t\t<a class=\"elementor-element elementor-element-268bac3 e-con-full e-flex e-con e-child\" data-id=\"268bac3\" data-element_type=\"container\" data-settings=\"{&quot;background_background&quot;:&quot;classic&quot;}\" href=\"https:\/\/powerchina.com.br\/new\/pelo-mundo\/pelo-mundo-1\/\">\n\t\t\t\t<div class=\"elementor-element elementor-element-13ab094 elementor-widget elementor-widget-heading\" data-id=\"13ab094\" data-element_type=\"widget\" data-widget_type=\"heading.default\">\n\t\t\t\t<div class=\"elementor-widget-container\">\n\t\t\t<span class=\"elementor-heading-title elementor-size-default\">\u00c1frica Oriental e Sul<\/span>\t\t<\/div>\n\t\t\t\t<\/div>\n\t\t\t\t<\/a>\n\t\t<a class=\"elementor-element elementor-element-b2985c0 e-con-full e-flex e-con e-child\" data-id=\"b2985c0\" data-element_type=\"container\" data-settings=\"{&quot;background_background&quot;:&quot;classic&quot;}\" href=\"https:\/\/powerchina.com.br\/new\/pelo-mundo\/pelo-mundo-2\/\">\n\t\t\t\t<div class=\"elementor-element elementor-element-313f5e4 elementor-widget elementor-widget-heading\" data-id=\"313f5e4\" data-element_type=\"widget\" data-widget_type=\"heading.default\">\n\t\t\t\t<div class=\"elementor-widget-container\">\n\t\t\t<span class=\"elementor-heading-title elementor-size-default\">Oeste e Centro da \u00c1frica<\/span>\t\t<\/div>\n\t\t\t\t<\/div>\n\t\t\t\t<\/a>\n\t\t<a class=\"elementor-element elementor-element-8d60793 e-con-full e-flex e-con e-child\" data-id=\"8d60793\" data-element_type=\"container\" data-settings=\"{&quot;background_background&quot;:&quot;classic&quot;}\" href=\"https:\/\/powerchina.com.br\/new\/pelo-mundo\/pelo-mundo-3\/\">\n\t\t\t\t<div class=\"elementor-element elementor-element-3a1755c elementor-widget elementor-widget-heading\" data-id=\"3a1755c\" data-element_type=\"widget\" data-widget_type=\"heading.default\">\n\t\t\t\t<div class=\"elementor-widget-container\">\n\t\t\t<span class=\"elementor-heading-title elementor-size-default\">Oriente M\u00e9dio e Norte da \u00c1frica<\/span>\t\t<\/div>\n\t\t\t\t<\/div>\n\t\t\t\t<\/a>\n\t\t<a class=\"elementor-element elementor-element-ace8181 e-con-full e-flex e-con e-child\" data-id=\"ace8181\" data-element_type=\"container\" data-settings=\"{&quot;background_background&quot;:&quot;classic&quot;}\" href=\"https:\/\/powerchina.com.br\/new\/pelo-mundo\/pelo-mundo-4\/\">\n\t\t\t\t<div class=\"elementor-element elementor-element-d651b9c elementor-widget elementor-widget-heading\" data-id=\"d651b9c\" data-element_type=\"widget\" data-widget_type=\"heading.default\">\n\t\t\t\t<div class=\"elementor-widget-container\">\n\t\t\t<span class=\"elementor-heading-title elementor-size-default\">Eur\u00e1sia<\/span>\t\t<\/div>\n\t\t\t\t<\/div>\n\t\t\t\t<\/a>\n\t\t<a class=\"elementor-element elementor-element-b8090ca e-con-full e-flex e-con e-child\" data-id=\"b8090ca\" data-element_type=\"container\" data-settings=\"{&quot;background_background&quot;:&quot;classic&quot;}\" href=\"https:\/\/powerchina.com.br\/new\/pelo-mundo\/pelo-mundo-5\/\">\n\t\t\t\t<div class=\"elementor-element elementor-element-2ee75f5 elementor-widget elementor-widget-heading\" data-id=\"2ee75f5\" data-element_type=\"widget\" data-widget_type=\"heading.default\">\n\t\t\t\t<div class=\"elementor-widget-container\">\n\t\t\t<span class=\"elementor-heading-title elementor-size-default\">\u00c1sia Oceano Pac\u00edfico<\/span>\t\t<\/div>\n\t\t\t\t<\/div>\n\t\t\t\t<\/a>\n\t\t<a class=\"elementor-element elementor-element-ec054f2 e-con-full e-flex e-con e-child\" data-id=\"ec054f2\" data-element_type=\"container\" data-settings=\"{&quot;background_background&quot;:&quot;classic&quot;}\" href=\"https:\/\/powerchina.com.br\/new\/pelo-mundo\/pelo-mundo-6\/\">\n\t\t\t\t<div class=\"elementor-element elementor-element-43d6b3f elementor-widget elementor-widget-heading\" data-id=\"43d6b3f\" data-element_type=\"widget\" data-widget_type=\"heading.default\">\n\t\t\t\t<div class=\"elementor-widget-container\">\n\t\t\t<span class=\"elementor-heading-title elementor-size-default\">Am\u00e9ricas<\/span>\t\t<\/div>\n\t\t\t\t<\/div>\n\t\t\t\t<\/a>\n\t\t\t\t\t<\/div>\n\t\t\t\t<\/div>\n\t\t<div class=\"elementor-element elementor-element-0cbae89 e-flex e-con-boxed e-con e-parent\" data-id=\"0cbae89\" data-element_type=\"container\">\n\t\t\t\t\t<div class=\"e-con-inner\">\n\t\t\t\t<div class=\"elementor-element elementor-element-b91af0f elementor-widget elementor-widget-shortcode\" data-id=\"b91af0f\" data-element_type=\"widget\" data-widget_type=\"shortcode.default\">\n\t\t\t\t<div class=\"elementor-widget-container\">\n\t\t\t\t\t<div class=\"elementor-shortcode\"><div id=\"unique_iwm_0\"><!-- Map Generated CSS --> \n <style>\n.iwm_map_canvas { overflow:hidden; }#map_canvas_1 path[stroke-width^='3'] + path { display:none; }#map_canvas_1 path[stroke-width^='3'] + path + path:not([fill^='#f5f5f5']) { display:none; }#map_canvas_1 path[stroke-width^='3'] { fill:#004b9e;  }#map_canvas_1 path[fill^='#f5f5f5'] { pointer-events: none; }#map_canvas_1 path[fill^='none'] { pointer-events: none; }#map_canvas_1 path:not([fill^='#f5f5f5']) + path[stroke-width^='3'] { stroke-width:0; stroke-opacity:0; stroke:#004b9e; }#map_canvas_1 circle[stroke-width='3'] { fill:#004b9e;  }#map_canvas_1 text:hover { fill:#004b9e;  }#map_canvas_1 path:not([fill^=\"#f5f5f5\"]):hover { cursor:pointer; }#map_canvas_1 circle:hover { cursor:pointer; }#map_canvas_1 text:hover { cursor:pointer; }#map_canvas_1 image:hover { cursor:pointer; }#map_canvas_1 path:not([id]) { stroke-width:0; }#map_canvas_1 path[fill^=\"#f5f5f5\"] { stroke-width:0; }#map_canvas_1 path[fill^=\"#f5f5f5\"]:hover { stroke-width:0; }#map_canvas_1 path[fill^=\"none\"] { stroke-width:0; stroke-opacity:0; }#map_canvas_1 { background-repeat:no-repeat; background-size: 100% 100%; }#map_canvas_1 .google-visualization-tooltip * { font-size:16px !important; }#map_canvas_1 .google-visualization-tooltip { background:#C31E4C; }#map_canvas_1 .google-visualization-tooltip { border-color:#ffffff; }#map_canvas_1 .google-visualization-tooltip { border-width:2px; }<\/style><div class='iwm_map_canvas'><div id='map_canvas_1' data-map-id='1'  class='i_world_map ' class='iwm_map_canvas'><div class='iwm_placeholder'><img width='32px' alt='Pelo Mundo Placeholder' title='Pelo Mundo' src='https:\/\/powerchina.com.br\/new\/wp-content\/plugins\/interactive-world-maps\/imgs\/placeholder.png'><br>Pelo Mundo<\/div><\/div><\/div><\/div><\/div>\n\t\t\t\t<\/div>\n\t\t\t\t<\/div>\n\t\t\t\t\t<\/div>\n\t\t\t\t<\/div>\n\t\t\t\t<\/div>\n\t\t","protected":false},"excerpt":{"rendered":"<p>Pelo Mundo \u00c1frica Oriental e Sul Oeste e Centro da \u00c1frica Oriente M\u00e9dio e Norte da \u00c1frica Eur\u00e1sia \u00c1sia Oceano Pac\u00edfico Am\u00e9ricas<\/p>\n","protected":false},"author":3,"featured_media":0,"parent":0,"menu_order":0,"comment_status":"closed","ping_status":"closed","template":"elementor_header_footer","meta":{"footnotes":""},"_links":{"self":[{"href":"https:\/\/powerchina.com.br\/new\/wp-json\/wp\/v2\/pages\/1936"}],"collection":[{"href":"https:\/\/powerchina.com.br\/new\/wp-json\/wp\/v2\/pages"}],"about":[{"href":"https:\/\/powerchina.com.br\/new\/wp-json\/wp\/v2\/types\/page"}],"author":[{"embeddable":true,"href":"https:\/\/powerchina.com.br\/new\/wp-json\/wp\/v2\/users\/3"}],"replies":[{"embeddable":true,"href":"https:\/\/powerchina.com.br\/new\/wp-json\/wp\/v2\/comments?post=1936"}],"version-history":[{"count":32,"href":"https:\/\/powerchina.com.br\/new\/wp-json\/wp\/v2\/pages\/1936\/revisions"}],"predecessor-version":[{"id":3626,"href":"https:\/\/powerchina.com.br\/new\/wp-json\/wp\/v2\/pages\/1936\/revisions\/3626"}],"wp:attachment":[{"href":"https:\/\/powerchina.com.br\/new\/wp-json\/wp\/v2\/media?parent=1936"}],"curies":[{"name":"wp","href":"https:\/\/api.w.org\/{rel}","templated":true}]}}