{"id":655,"date":"2023-04-26T18:15:21","date_gmt":"2023-04-26T21:15:21","guid":{"rendered":"https:\/\/new.powerchina.com.br\/?page_id=655"},"modified":"2024-09-22T20:18:06","modified_gmt":"2024-09-22T23:18:06","slug":"compliance","status":"publish","type":"page","link":"https:\/\/powerchina.com.br\/new\/compliance\/","title":{"rendered":"Compliance"},"content":{"rendered":"\t\t<div data-elementor-type=\"wp-page\" data-elementor-id=\"655\" class=\"elementor elementor-655\" data-elementor-post-type=\"page\">\n\t\t\t\t<div class=\"elementor-element elementor-element-2ebc7de e-flex e-con-boxed e-con e-parent\" data-id=\"2ebc7de\" data-element_type=\"container\" data-settings=\"{&quot;background_background&quot;:&quot;classic&quot;}\">\n\t\t\t\t\t<div class=\"e-con-inner\">\n\t\t\t\t<div class=\"elementor-element elementor-element-10750ef elementor-widget elementor-widget-heading\" data-id=\"10750ef\" data-element_type=\"widget\" data-widget_type=\"heading.default\">\n\t\t\t\t<div class=\"elementor-widget-container\">\n\t\t\t<style>\/*! elementor - v3.22.0 - 26-06-2024 *\/\n.elementor-heading-title{padding:0;margin:0;line-height:1}.elementor-widget-heading .elementor-heading-title[class*=elementor-size-]>a{color:inherit;font-size:inherit;line-height:inherit}.elementor-widget-heading .elementor-heading-title.elementor-size-small{font-size:15px}.elementor-widget-heading .elementor-heading-title.elementor-size-medium{font-size:19px}.elementor-widget-heading .elementor-heading-title.elementor-size-large{font-size:29px}.elementor-widget-heading .elementor-heading-title.elementor-size-xl{font-size:39px}.elementor-widget-heading .elementor-heading-title.elementor-size-xxl{font-size:59px}<\/style><h2 class=\"elementor-heading-title elementor-size-default\">Compliance<\/h2>\t\t<\/div>\n\t\t\t\t<\/div>\n\t\t\t\t\t<\/div>\n\t\t\t\t<\/div>\n\t\t<div class=\"elementor-element elementor-element-bcb0610 e-flex e-con-boxed e-con e-parent\" data-id=\"bcb0610\" data-element_type=\"container\">\n\t\t\t\t\t<div class=\"e-con-inner\">\n\t\t<div class=\"elementor-element elementor-element-87f2edf e-con-full e-flex e-con e-child\" data-id=\"87f2edf\" data-element_type=\"container\">\n\t\t\t\t<div class=\"elementor-element elementor-element-c3a48c6 elementor-widget elementor-widget-text-editor\" data-id=\"c3a48c6\" data-element_type=\"widget\" data-widget_type=\"text-editor.default\">\n\t\t\t\t<div class=\"elementor-widget-container\">\n\t\t\t<style>\/*! elementor - v3.22.0 - 26-06-2024 *\/\n.elementor-widget-text-editor.elementor-drop-cap-view-stacked .elementor-drop-cap{background-color:#69727d;color:#fff}.elementor-widget-text-editor.elementor-drop-cap-view-framed .elementor-drop-cap{color:#69727d;border:3px solid;background-color:transparent}.elementor-widget-text-editor:not(.elementor-drop-cap-view-default) .elementor-drop-cap{margin-top:8px}.elementor-widget-text-editor:not(.elementor-drop-cap-view-default) .elementor-drop-cap-letter{width:1em;height:1em}.elementor-widget-text-editor .elementor-drop-cap{float:left;text-align:center;line-height:1;font-size:50px}.elementor-widget-text-editor .elementor-drop-cap-letter{display:inline-block}<\/style>\t\t\t\t<p>Para a POWERCHINA, Compliance significa compromisso com as leis brasileiras, com os acordos com os clientes e com os princ\u00edpios e valores \u00e9ticos que s\u00e3o apresentados no C\u00f3digo de \u00c9tica da empresa. S\u00e3o essas as normas que guiam a empresa em seu relacionamento com seus clientes, fornecedores, parceiros e a sociedade em geral.<\/p><p>A POWERCHINA acredita firmemente que o sucesso cont\u00ednuo e o desenvolvimento global somente podem ser mantidos perseguindo os valores fundamentais de responsabilidade, inova\u00e7\u00e3o, integridade e parcerias ganha-ganha.<\/p><p>Seja como indiv\u00edduo ou coletivamente, todos os colaboradores da empresa devem se comportar de forma honesta, justa, respons\u00e1vel e com integridade em todas as suas rela\u00e7\u00f5es internas e externas, respeitando os valores fundamentais e se esfor\u00e7ando para criar uma cultura orientada a pessoas e a uma coexist\u00eancia harmoniosa.<\/p><p>O compliance \u00e9tico e a integridade devem ser inerentes a todas as a\u00e7\u00f5es de cada colaborador, sem exce\u00e7\u00e3o ou equ\u00edvoco.<\/p>\t\t\t\t\t\t<\/div>\n\t\t\t\t<\/div>\n\t\t\t\t<\/div>\n\t\t<div class=\"elementor-element elementor-element-84528d3 e-con-full e-flex e-con e-child\" data-id=\"84528d3\" data-element_type=\"container\">\n\t\t\t\t<div class=\"elementor-element elementor-element-07ed385 elementor-widget elementor-widget-video\" data-id=\"07ed385\" data-element_type=\"widget\" data-settings=\"{&quot;video_type&quot;:&quot;hosted&quot;,&quot;controls&quot;:&quot;yes&quot;}\" data-widget_type=\"video.default\">\n\t\t\t\t<div class=\"elementor-widget-container\">\n\t\t\t<style>\/*! elementor - v3.22.0 - 26-06-2024 *\/\n.elementor-widget-video .elementor-widget-container{overflow:hidden;transform:translateZ(0)}.elementor-widget-video .elementor-wrapper{aspect-ratio:var(--video-aspect-ratio)}.elementor-widget-video .elementor-wrapper iframe,.elementor-widget-video .elementor-wrapper video{height:100%;width:100%;display:flex;border:none;background-color:#000}@supports not (aspect-ratio:1\/1){.elementor-widget-video .elementor-wrapper{position:relative;overflow:hidden;height:0;padding-bottom:calc(100% \/ var(--video-aspect-ratio))}.elementor-widget-video .elementor-wrapper iframe,.elementor-widget-video .elementor-wrapper video{position:absolute;top:0;right:0;bottom:0;left:0}}.elementor-widget-video .elementor-open-inline .elementor-custom-embed-image-overlay{position:absolute;top:0;right:0;bottom:0;left:0;background-size:cover;background-position:50%}.elementor-widget-video .elementor-custom-embed-image-overlay{cursor:pointer;text-align:center}.elementor-widget-video .elementor-custom-embed-image-overlay:hover .elementor-custom-embed-play i{opacity:1}.elementor-widget-video .elementor-custom-embed-image-overlay img{display:block;width:100%;aspect-ratio:var(--video-aspect-ratio);-o-object-fit:cover;object-fit:cover;-o-object-position:center center;object-position:center center}@supports not (aspect-ratio:1\/1){.elementor-widget-video .elementor-custom-embed-image-overlay{position:relative;overflow:hidden;height:0;padding-bottom:calc(100% \/ var(--video-aspect-ratio))}.elementor-widget-video .elementor-custom-embed-image-overlay img{position:absolute;top:0;right:0;bottom:0;left:0}}.elementor-widget-video .e-hosted-video .elementor-video{-o-object-fit:cover;object-fit:cover}.e-con-inner>.elementor-widget-video,.e-con>.elementor-widget-video{width:var(--container-widget-width);--flex-grow:var(--container-widget-flex-grow)}<\/style>\t\t<div class=\"e-hosted-video elementor-wrapper elementor-open-inline\">\n\t\t\t\t\t<video class=\"elementor-video\" src=\"https:\/\/powerchina.com.br\/new\/wp-content\/uploads\/2023\/05\/7eb9907a-63ff-49cd-8831-79c46609b80c.mp4\" controls=\"\" preload=\"metadata\" controlsList=\"nodownload\"><\/video>\n\t\t\t\t<\/div>\n\t\t\t\t<\/div>\n\t\t\t\t<\/div>\n\t\t\t\t<\/div>\n\t\t\t\t\t<\/div>\n\t\t\t\t<\/div>\n\t\t<div class=\"elementor-element elementor-element-609aa9d e-grid e-con-boxed e-con e-parent\" data-id=\"609aa9d\" data-element_type=\"container\" data-settings=\"{&quot;background_background&quot;:&quot;classic&quot;}\">\n\t\t\t\t\t<div class=\"e-con-inner\">\n\t\t<div class=\"elementor-element elementor-element-5992a4f e-con-full e-flex e-con e-child\" data-id=\"5992a4f\" data-element_type=\"container\">\n\t\t<div class=\"elementor-element elementor-element-57ad4cd e-con-full e-flex e-con e-child\" data-id=\"57ad4cd\" data-element_type=\"container\" data-settings=\"{&quot;background_background&quot;:&quot;classic&quot;}\">\n\t\t\t\t<div class=\"elementor-element elementor-element-9a47492 elementor-widget elementor-widget-image\" data-id=\"9a47492\" data-element_type=\"widget\" data-widget_type=\"image.default\">\n\t\t\t\t<div class=\"elementor-widget-container\">\n\t\t\t<style>\/*! elementor - v3.22.0 - 26-06-2024 *\/\n.elementor-widget-image{text-align:center}.elementor-widget-image a{display:inline-block}.elementor-widget-image a img[src$=\".svg\"]{width:48px}.elementor-widget-image img{vertical-align:middle;display:inline-block}<\/style>\t\t\t\t\t\t\t\t\t\t<img fetchpriority=\"high\" decoding=\"async\" width=\"1024\" height=\"682\" src=\"https:\/\/powerchina.com.br\/new\/wp-content\/uploads\/2023\/04\/compliance-observance-consent-5899190-1-1024x682.jpg\" class=\"attachment-large size-large wp-image-659\" alt=\"compliance, observance, consent-5899190.jpg\" srcset=\"https:\/\/powerchina.com.br\/new\/wp-content\/uploads\/2023\/04\/compliance-observance-consent-5899190-1-1024x682.jpg 1024w, https:\/\/powerchina.com.br\/new\/wp-content\/uploads\/2023\/04\/compliance-observance-consent-5899190-1-300x200.jpg 300w, https:\/\/powerchina.com.br\/new\/wp-content\/uploads\/2023\/04\/compliance-observance-consent-5899190-1-768x512.jpg 768w, https:\/\/powerchina.com.br\/new\/wp-content\/uploads\/2023\/04\/compliance-observance-consent-5899190-1.jpg 1280w\" sizes=\"(max-width: 1024px) 100vw, 1024px\" \/>\t\t\t\t\t\t\t\t\t\t\t\t\t<\/div>\n\t\t\t\t<\/div>\n\t\t\t\t<\/div>\n\t\t\t\t<div class=\"elementor-element elementor-element-ba94b8e elementor-widget elementor-widget-heading\" data-id=\"ba94b8e\" data-element_type=\"widget\" data-widget_type=\"heading.default\">\n\t\t\t\t<div class=\"elementor-widget-container\">\n\t\t\t<h3 class=\"elementor-heading-title elementor-size-default\">C\u00f3digo de \u00c9tica<\/h3>\t\t<\/div>\n\t\t\t\t<\/div>\n\t\t\t\t<div class=\"elementor-element elementor-element-543a411 elementor-widget elementor-widget-text-editor\" data-id=\"543a411\" data-element_type=\"widget\" data-widget_type=\"text-editor.default\">\n\t\t\t\t<div class=\"elementor-widget-container\">\n\t\t\t\t\t\t\t<p>O C\u00f3digo de \u00c9tica define e orienta a conduta para a POWERCHINA ser reconhecida no Brasil e globalmente como uma empresa \u00e9tica. Todos os colaboradores devem conhecer e agir de acordo com o C\u00f3digo de \u00c9tica, praticando ativamente seus conceitos, princ\u00edpios e regras.<\/p>\t\t\t\t\t\t<\/div>\n\t\t\t\t<\/div>\n\t\t\t\t<div class=\"elementor-element elementor-element-a3fa6b0 elementor-position-right elementor-vertical-align-middle elementor-mobile-position-right elementor-vertical-align-middle elementor-view-default elementor-widget elementor-widget-icon-box\" data-id=\"a3fa6b0\" data-element_type=\"widget\" data-widget_type=\"icon-box.default\">\n\t\t\t\t<div class=\"elementor-widget-container\">\n\t\t\t<link rel=\"stylesheet\" href=\"https:\/\/powerchina.com.br\/new\/wp-content\/plugins\/elementor\/assets\/css\/widget-icon-box.min.css\">\t\t<div class=\"elementor-icon-box-wrapper\">\n\n\t\t\t\t\t\t<div class=\"elementor-icon-box-icon\">\n\t\t\t\t<a href=\"https:\/\/powerchina.com.br\/new\/compliance\/codigo-de-etica\/\" class=\"elementor-icon elementor-animation-\" tabindex=\"-1\">\n\t\t\t\t<i aria-hidden=\"true\" class=\"fas fa-arrow-right\"><\/i>\t\t\t\t<\/a>\n\t\t\t<\/div>\n\t\t\t\n\t\t\t\t\t\t<div class=\"elementor-icon-box-content\">\n\n\t\t\t\t\t\t\t\t\t<span class=\"elementor-icon-box-title\">\n\t\t\t\t\t\t<a href=\"https:\/\/powerchina.com.br\/new\/compliance\/codigo-de-etica\/\" >\n\t\t\t\t\t\t\tSaiba mais\t\t\t\t\t\t<\/a>\n\t\t\t\t\t<\/span>\n\t\t\t\t\n\t\t\t\t\n\t\t\t<\/div>\n\t\t\t\n\t\t<\/div>\n\t\t\t\t<\/div>\n\t\t\t\t<\/div>\n\t\t\t\t<\/div>\n\t\t<div class=\"elementor-element elementor-element-52925e9 e-con-full e-flex e-con e-child\" data-id=\"52925e9\" data-element_type=\"container\">\n\t\t<div class=\"elementor-element elementor-element-166681c e-con-full e-flex e-con e-child\" data-id=\"166681c\" data-element_type=\"container\" data-settings=\"{&quot;background_background&quot;:&quot;classic&quot;}\">\n\t\t\t\t<div class=\"elementor-element elementor-element-8498698 elementor-widget elementor-widget-image\" data-id=\"8498698\" data-element_type=\"widget\" data-widget_type=\"image.default\">\n\t\t\t\t<div class=\"elementor-widget-container\">\n\t\t\t\t\t\t\t\t\t\t\t\t\t<img decoding=\"async\" width=\"582\" height=\"326\" src=\"https:\/\/powerchina.com.br\/new\/wp-content\/uploads\/2023\/08\/contato-seguro-canal-de-etica.png\" class=\"attachment-large size-large wp-image-2360\" alt=\"\" srcset=\"https:\/\/powerchina.com.br\/new\/wp-content\/uploads\/2023\/08\/contato-seguro-canal-de-etica.png 582w, https:\/\/powerchina.com.br\/new\/wp-content\/uploads\/2023\/08\/contato-seguro-canal-de-etica-300x168.png 300w\" sizes=\"(max-width: 582px) 100vw, 582px\" \/>\t\t\t\t\t\t\t\t\t\t\t\t\t<\/div>\n\t\t\t\t<\/div>\n\t\t\t\t<\/div>\n\t\t\t\t<div class=\"elementor-element elementor-element-b819f05 elementor-widget elementor-widget-heading\" data-id=\"b819f05\" data-element_type=\"widget\" data-widget_type=\"heading.default\">\n\t\t\t\t<div class=\"elementor-widget-container\">\n\t\t\t<h3 class=\"elementor-heading-title elementor-size-default\">Canal de \u00c9tica\n<\/h3>\t\t<\/div>\n\t\t\t\t<\/div>\n\t\t\t\t<div class=\"elementor-element elementor-element-3d07ff2 elementor-widget elementor-widget-text-editor\" data-id=\"3d07ff2\" data-element_type=\"widget\" data-widget_type=\"text-editor.default\">\n\t\t\t\t<div class=\"elementor-widget-container\">\n\t\t\t\t\t\t\t<p>Refor\u00e7ando o compromisso com seus valores e princ\u00edpios, a POWERCHINA disponibiliza um Canal para receber relatos de fatos ou condutas que violem a legisla\u00e7\u00e3o vigente ou os princ\u00edpios \u00e9ticos. Os relatos s\u00e3o recebidos por uma empresa independente para garantir a seguran\u00e7a e confidencialidade<\/p>\t\t\t\t\t\t<\/div>\n\t\t\t\t<\/div>\n\t\t\t\t<div class=\"elementor-element elementor-element-6fa212a elementor-position-right elementor-vertical-align-middle elementor-mobile-position-right elementor-vertical-align-middle elementor-view-default elementor-widget elementor-widget-icon-box\" data-id=\"6fa212a\" data-element_type=\"widget\" data-widget_type=\"icon-box.default\">\n\t\t\t\t<div class=\"elementor-widget-container\">\n\t\t\t\t\t<div class=\"elementor-icon-box-wrapper\">\n\n\t\t\t\t\t\t<div class=\"elementor-icon-box-icon\">\n\t\t\t\t<a href=\"https:\/\/powerchina.com.br\/new\/compliance\/canal-de-etica\/\" class=\"elementor-icon elementor-animation-\" tabindex=\"-1\">\n\t\t\t\t<i aria-hidden=\"true\" class=\"fas fa-arrow-right\"><\/i>\t\t\t\t<\/a>\n\t\t\t<\/div>\n\t\t\t\n\t\t\t\t\t\t<div class=\"elementor-icon-box-content\">\n\n\t\t\t\t\t\t\t\t\t<span class=\"elementor-icon-box-title\">\n\t\t\t\t\t\t<a href=\"https:\/\/powerchina.com.br\/new\/compliance\/canal-de-etica\/\" >\n\t\t\t\t\t\t\tSaiba mais\t\t\t\t\t\t<\/a>\n\t\t\t\t\t<\/span>\n\t\t\t\t\n\t\t\t\t\n\t\t\t<\/div>\n\t\t\t\n\t\t<\/div>\n\t\t\t\t<\/div>\n\t\t\t\t<\/div>\n\t\t\t\t<\/div>\n\t\t\t\t\t<\/div>\n\t\t\t\t<\/div>\n\t\t\t\t<\/div>\n\t\t","protected":false},"excerpt":{"rendered":"<p>Compliance Para a POWERCHINA, Compliance significa compromisso com as leis brasileiras, com os acordos com os clientes e com os princ\u00edpios e valores \u00e9ticos que s\u00e3o apresentados no C\u00f3digo de \u00c9tica da empresa. S\u00e3o essas as normas que guiam a empresa em seu relacionamento com seus clientes, fornecedores, parceiros e a sociedade em geral. A [&hellip;]<\/p>\n","protected":false},"author":3,"featured_media":0,"parent":0,"menu_order":0,"comment_status":"closed","ping_status":"closed","template":"elementor_header_footer","meta":{"footnotes":""},"_links":{"self":[{"href":"https:\/\/powerchina.com.br\/new\/wp-json\/wp\/v2\/pages\/655"}],"collection":[{"href":"https:\/\/powerchina.com.br\/new\/wp-json\/wp\/v2\/pages"}],"about":[{"href":"https:\/\/powerchina.com.br\/new\/wp-json\/wp\/v2\/types\/page"}],"author":[{"embeddable":true,"href":"https:\/\/powerchina.com.br\/new\/wp-json\/wp\/v2\/users\/3"}],"replies":[{"embeddable":true,"href":"https:\/\/powerchina.com.br\/new\/wp-json\/wp\/v2\/comments?post=655"}],"version-history":[{"count":8,"href":"https:\/\/powerchina.com.br\/new\/wp-json\/wp\/v2\/pages\/655\/revisions"}],"predecessor-version":[{"id":3699,"href":"https:\/\/powerchina.com.br\/new\/wp-json\/wp\/v2\/pages\/655\/revisions\/3699"}],"wp:attachment":[{"href":"https:\/\/powerchina.com.br\/new\/wp-json\/wp\/v2\/media?parent=655"}],"curies":[{"name":"wp","href":"https:\/\/api.w.org\/{rel}","templated":true}]}}