{"id":783,"date":"2023-04-27T19:38:46","date_gmt":"2023-04-27T22:38:46","guid":{"rendered":"https:\/\/new.powerchina.com.br\/?page_id=783"},"modified":"2024-09-22T16:57:45","modified_gmt":"2024-09-22T19:57:45","slug":"powerchina","status":"publish","type":"page","link":"https:\/\/powerchina.com.br\/new\/sobre\/powerchina\/","title":{"rendered":"Powerchina"},"content":{"rendered":"\t\t<div data-elementor-type=\"wp-page\" data-elementor-id=\"783\" class=\"elementor elementor-783\" data-elementor-post-type=\"page\">\n\t\t\t\t<div class=\"elementor-element elementor-element-b21fa68 e-flex e-con-boxed e-con e-parent\" data-id=\"b21fa68\" data-element_type=\"container\" data-settings=\"{&quot;background_background&quot;:&quot;classic&quot;}\">\n\t\t\t\t\t<div class=\"e-con-inner\">\n\t\t\t\t<div class=\"elementor-element elementor-element-27e443f elementor-widget elementor-widget-heading\" data-id=\"27e443f\" data-element_type=\"widget\" data-widget_type=\"heading.default\">\n\t\t\t\t<div class=\"elementor-widget-container\">\n\t\t\t<style>\/*! elementor - v3.22.0 - 26-06-2024 *\/\n.elementor-heading-title{padding:0;margin:0;line-height:1}.elementor-widget-heading .elementor-heading-title[class*=elementor-size-]>a{color:inherit;font-size:inherit;line-height:inherit}.elementor-widget-heading .elementor-heading-title.elementor-size-small{font-size:15px}.elementor-widget-heading .elementor-heading-title.elementor-size-medium{font-size:19px}.elementor-widget-heading .elementor-heading-title.elementor-size-large{font-size:29px}.elementor-widget-heading .elementor-heading-title.elementor-size-xl{font-size:39px}.elementor-widget-heading .elementor-heading-title.elementor-size-xxl{font-size:59px}<\/style><h2 class=\"elementor-heading-title elementor-size-default\">Powerchina<\/h2>\t\t<\/div>\n\t\t\t\t<\/div>\n\t\t\t\t\t<\/div>\n\t\t\t\t<\/div>\n\t\t<div class=\"elementor-element elementor-element-d4d661a e-flex e-con-boxed e-con e-parent\" data-id=\"d4d661a\" data-element_type=\"container\">\n\t\t\t\t\t<div class=\"e-con-inner\">\n\t\t<div class=\"elementor-element elementor-element-ed349e3 e-con-full e-flex e-con e-child\" data-id=\"ed349e3\" data-element_type=\"container\">\n\t\t\t\t<div class=\"elementor-element elementor-element-770ece5 elementor-widget elementor-widget-text-editor\" data-id=\"770ece5\" data-element_type=\"widget\" data-widget_type=\"text-editor.default\">\n\t\t\t\t<div class=\"elementor-widget-container\">\n\t\t\t<style>\/*! elementor - v3.22.0 - 26-06-2024 *\/\n.elementor-widget-text-editor.elementor-drop-cap-view-stacked .elementor-drop-cap{background-color:#69727d;color:#fff}.elementor-widget-text-editor.elementor-drop-cap-view-framed .elementor-drop-cap{color:#69727d;border:3px solid;background-color:transparent}.elementor-widget-text-editor:not(.elementor-drop-cap-view-default) .elementor-drop-cap{margin-top:8px}.elementor-widget-text-editor:not(.elementor-drop-cap-view-default) .elementor-drop-cap-letter{width:1em;height:1em}.elementor-widget-text-editor .elementor-drop-cap{float:left;text-align:center;line-height:1;font-size:50px}.elementor-widget-text-editor .elementor-drop-cap-letter{display:inline-block}<\/style>\t\t\t\t<p><br \/>A Power Construction Corporation of China (POWERCHINA) \u00e9 um grupo de constru\u00e7\u00e3o integrado que fornece investimento e financiamento, projeto de planejamento, constru\u00e7\u00e3o de engenharia, fabrica\u00e7\u00e3o de equipamentos e gerenciamento de opera\u00e7\u00f5es para energia limpa e de baixo carbono, recursos h\u00eddricos, constru\u00e7\u00e3o ambiental e infraestrutura. Com foco em hidroeletricidade e energia el\u00e9trica, a POWERCHINA estabeleceu sua presen\u00e7a em segmentos de mercado diversificados, apresentando \u201cengenharia civil abrangente e constru\u00e7\u00e3o de grande porte\u201d, com desenvolvimento de neg\u00f3cios integrados, desde gest\u00e3o ambiental h\u00eddrica, cidades inteligentes, projetos de transporte ferrovi\u00e1rio e engenharia municipal at\u00e9 edif\u00edcios residenciais.<\/p><p>Como uma das maiores empresas de constru\u00e7\u00e3o de energia do mundo com as cadeias industriais mais integradas, a POWERCHINA tem neg\u00f3cios em mais de 130 pa\u00edses e regi\u00f5es ao redor do mundo e entregou uma s\u00e9rie de projetos l\u00edderes do setor e de alta qualidade ao longo dos anos, atraindo grande interesse e aten\u00e7\u00e3o de clientes de todo o mundo.<\/p>\t\t\t\t\t\t<\/div>\n\t\t\t\t<\/div>\n\t\t\t\t<\/div>\n\t\t<div class=\"elementor-element elementor-element-8d1a477 e-con-full e-flex e-con e-child\" data-id=\"8d1a477\" data-element_type=\"container\">\n\t\t<div class=\"elementor-element elementor-element-84bad09 e-grid e-con-full e-con e-child\" data-id=\"84bad09\" data-element_type=\"container\">\n\t\t\t\t<div class=\"elementor-element elementor-element-b400af7 elementor-widget elementor-widget-image\" data-id=\"b400af7\" data-element_type=\"widget\" data-widget_type=\"image.default\">\n\t\t\t\t<div class=\"elementor-widget-container\">\n\t\t\t<style>\/*! elementor - v3.22.0 - 26-06-2024 *\/\n.elementor-widget-image{text-align:center}.elementor-widget-image a{display:inline-block}.elementor-widget-image a img[src$=\".svg\"]{width:48px}.elementor-widget-image img{vertical-align:middle;display:inline-block}<\/style>\t\t\t\t\t\t\t\t\t\t<img fetchpriority=\"high\" decoding=\"async\" width=\"768\" height=\"1024\" src=\"https:\/\/powerchina.com.br\/new\/wp-content\/uploads\/2023\/07\/1667529376247010613-768x1024.jpg\" class=\"attachment-large size-large wp-image-1789\" alt=\"\" srcset=\"https:\/\/powerchina.com.br\/new\/wp-content\/uploads\/2023\/07\/1667529376247010613-768x1023.jpg 768w, https:\/\/powerchina.com.br\/new\/wp-content\/uploads\/2023\/07\/1667529376247010613-225x300.jpg 225w, https:\/\/powerchina.com.br\/new\/wp-content\/uploads\/2023\/07\/1667529376247010613.jpg 800w\" sizes=\"(max-width: 768px) 100vw, 768px\" \/>\t\t\t\t\t\t\t\t\t\t\t\t\t<\/div>\n\t\t\t\t<\/div>\n\t\t\t\t<div class=\"elementor-element elementor-element-1848005 elementor-widget elementor-widget-image\" data-id=\"1848005\" data-element_type=\"widget\" data-widget_type=\"image.default\">\n\t\t\t\t<div class=\"elementor-widget-container\">\n\t\t\t\t\t\t\t\t\t\t\t\t\t<img decoding=\"async\" width=\"800\" height=\"450\" src=\"https:\/\/powerchina.com.br\/new\/wp-content\/uploads\/2023\/07\/1667527943419088515.jpg\" class=\"attachment-large size-large wp-image-1677\" alt=\"\" srcset=\"https:\/\/powerchina.com.br\/new\/wp-content\/uploads\/2023\/07\/1667527943419088515.jpg 800w, https:\/\/powerchina.com.br\/new\/wp-content\/uploads\/2023\/07\/1667527943419088515-300x169.jpg 300w, https:\/\/powerchina.com.br\/new\/wp-content\/uploads\/2023\/07\/1667527943419088515-768x432.jpg 768w\" sizes=\"(max-width: 800px) 100vw, 800px\" \/>\t\t\t\t\t\t\t\t\t\t\t\t\t<\/div>\n\t\t\t\t<\/div>\n\t\t\t\t<\/div>\n\t\t\t\t<\/div>\n\t\t\t\t\t<\/div>\n\t\t\t\t<\/div>\n\t\t\t\t<\/div>\n\t\t","protected":false},"excerpt":{"rendered":"<p>Powerchina A Power Construction Corporation of China (POWERCHINA) \u00e9 um grupo de constru\u00e7\u00e3o integrado que fornece investimento e financiamento, projeto de planejamento, constru\u00e7\u00e3o de engenharia, fabrica\u00e7\u00e3o de equipamentos e gerenciamento de opera\u00e7\u00f5es para energia limpa e de baixo carbono, recursos h\u00eddricos, constru\u00e7\u00e3o ambiental e infraestrutura. Com foco em hidroeletricidade e energia el\u00e9trica, a POWERCHINA estabeleceu [&hellip;]<\/p>\n","protected":false},"author":3,"featured_media":0,"parent":8,"menu_order":0,"comment_status":"closed","ping_status":"closed","template":"elementor_header_footer","meta":{"footnotes":""},"_links":{"self":[{"href":"https:\/\/powerchina.com.br\/new\/wp-json\/wp\/v2\/pages\/783"}],"collection":[{"href":"https:\/\/powerchina.com.br\/new\/wp-json\/wp\/v2\/pages"}],"about":[{"href":"https:\/\/powerchina.com.br\/new\/wp-json\/wp\/v2\/types\/page"}],"author":[{"embeddable":true,"href":"https:\/\/powerchina.com.br\/new\/wp-json\/wp\/v2\/users\/3"}],"replies":[{"embeddable":true,"href":"https:\/\/powerchina.com.br\/new\/wp-json\/wp\/v2\/comments?post=783"}],"version-history":[{"count":14,"href":"https:\/\/powerchina.com.br\/new\/wp-json\/wp\/v2\/pages\/783\/revisions"}],"predecessor-version":[{"id":3544,"href":"https:\/\/powerchina.com.br\/new\/wp-json\/wp\/v2\/pages\/783\/revisions\/3544"}],"up":[{"embeddable":true,"href":"https:\/\/powerchina.com.br\/new\/wp-json\/wp\/v2\/pages\/8"}],"wp:attachment":[{"href":"https:\/\/powerchina.com.br\/new\/wp-json\/wp\/v2\/media?parent=783"}],"curies":[{"name":"wp","href":"https:\/\/api.w.org\/{rel}","templated":true}]}}