{"id":790,"date":"2023-04-27T19:41:53","date_gmt":"2023-04-27T22:41:53","guid":{"rendered":"https:\/\/new.powerchina.com.br\/?page_id=790"},"modified":"2024-09-21T19:15:27","modified_gmt":"2024-09-21T22:15:27","slug":"mensagem-do-presidente","status":"publish","type":"page","link":"https:\/\/powerchina.com.br\/new\/sobre\/mensagem-do-presidente\/","title":{"rendered":"Mensagem do Presidente"},"content":{"rendered":"\t\t<div data-elementor-type=\"wp-page\" data-elementor-id=\"790\" class=\"elementor elementor-790\" data-elementor-post-type=\"page\">\n\t\t\t\t<div class=\"elementor-element elementor-element-9cf576d e-flex e-con-boxed e-con e-parent\" data-id=\"9cf576d\" data-element_type=\"container\" data-settings=\"{&quot;background_background&quot;:&quot;classic&quot;}\">\n\t\t\t\t\t<div class=\"e-con-inner\">\n\t\t\t\t<div class=\"elementor-element elementor-element-66ea04e elementor-widget elementor-widget-heading\" data-id=\"66ea04e\" data-element_type=\"widget\" data-widget_type=\"heading.default\">\n\t\t\t\t<div class=\"elementor-widget-container\">\n\t\t\t<style>\/*! elementor - v3.22.0 - 26-06-2024 *\/\n.elementor-heading-title{padding:0;margin:0;line-height:1}.elementor-widget-heading .elementor-heading-title[class*=elementor-size-]>a{color:inherit;font-size:inherit;line-height:inherit}.elementor-widget-heading .elementor-heading-title.elementor-size-small{font-size:15px}.elementor-widget-heading .elementor-heading-title.elementor-size-medium{font-size:19px}.elementor-widget-heading .elementor-heading-title.elementor-size-large{font-size:29px}.elementor-widget-heading .elementor-heading-title.elementor-size-xl{font-size:39px}.elementor-widget-heading .elementor-heading-title.elementor-size-xxl{font-size:59px}<\/style><h2 class=\"elementor-heading-title elementor-size-default\">Mensagem do Presidente<\/h2>\t\t<\/div>\n\t\t\t\t<\/div>\n\t\t\t\t\t<\/div>\n\t\t\t\t<\/div>\n\t\t<div class=\"elementor-element elementor-element-b88b328 e-grid e-con-boxed e-con e-parent\" data-id=\"b88b328\" data-element_type=\"container\" data-settings=\"{&quot;background_background&quot;:&quot;classic&quot;}\">\n\t\t\t\t\t<div class=\"e-con-inner\">\n\t\t<div class=\"elementor-element elementor-element-1cb06ac e-con-full e-flex e-con e-child\" data-id=\"1cb06ac\" data-element_type=\"container\">\n\t\t<div class=\"elementor-element elementor-element-b0e2662 e-con-full e-flex e-con e-child\" data-id=\"b0e2662\" data-element_type=\"container\" data-settings=\"{&quot;background_background&quot;:&quot;classic&quot;}\">\n\t\t\t\t<div class=\"elementor-element elementor-element-7972e1a elementor-widget elementor-widget-image\" data-id=\"7972e1a\" data-element_type=\"widget\" data-widget_type=\"image.default\">\n\t\t\t\t<div class=\"elementor-widget-container\">\n\t\t\t<style>\/*! elementor - v3.22.0 - 26-06-2024 *\/\n.elementor-widget-image{text-align:center}.elementor-widget-image a{display:inline-block}.elementor-widget-image a img[src$=\".svg\"]{width:48px}.elementor-widget-image img{vertical-align:middle;display:inline-block}<\/style>\t\t\t\t\t\t\t\t\t\t<img fetchpriority=\"high\" decoding=\"async\" width=\"196\" height=\"257\" src=\"https:\/\/powerchina.com.br\/new\/wp-content\/uploads\/2023\/04\/1651886173055018306.jpeg\" class=\"attachment-large size-large wp-image-748\" alt=\"\" \/>\t\t\t\t\t\t\t\t\t\t\t\t\t<\/div>\n\t\t\t\t<\/div>\n\t\t\t\t<\/div>\n\t\t\t\t<\/div>\n\t\t<div class=\"elementor-element elementor-element-5e893d2 e-con-full e-flex e-con e-child\" data-id=\"5e893d2\" data-element_type=\"container\">\n\t\t\t\t<div class=\"elementor-element elementor-element-b07195e elementor-widget elementor-widget-text-editor\" data-id=\"b07195e\" data-element_type=\"widget\" data-widget_type=\"text-editor.default\">\n\t\t\t\t<div class=\"elementor-widget-container\">\n\t\t\t<style>\/*! elementor - v3.22.0 - 26-06-2024 *\/\n.elementor-widget-text-editor.elementor-drop-cap-view-stacked .elementor-drop-cap{background-color:#69727d;color:#fff}.elementor-widget-text-editor.elementor-drop-cap-view-framed .elementor-drop-cap{color:#69727d;border:3px solid;background-color:transparent}.elementor-widget-text-editor:not(.elementor-drop-cap-view-default) .elementor-drop-cap{margin-top:8px}.elementor-widget-text-editor:not(.elementor-drop-cap-view-default) .elementor-drop-cap-letter{width:1em;height:1em}.elementor-widget-text-editor .elementor-drop-cap{float:left;text-align:center;line-height:1;font-size:50px}.elementor-widget-text-editor .elementor-drop-cap-letter{display:inline-block}<\/style>\t\t\t\t<p>Em nome da POWERCHINA, gostaria de expressar meus sinceros agradecimentos pela preocupa\u00e7\u00e3o e apoio demonstrado por todos os setores da sociedade ao longo dos anos.<\/p><p>Lutando por uma nova era e avan\u00e7ando em sua nova jornada, a POWERCHINA est\u00e1 aproveitando novas oportunidades hist\u00f3ricas com base na nova etapa de desenvolvimento, bem como adotando novos conceitos de desenvolvimento e implementando novas estrat\u00e9gias de desenvolvimento para estabelecer um novo padr\u00e3o de desenvolvimento voltado para a nova jornada . Estamos buscando ampla coopera\u00e7\u00e3o mutuamente ben\u00e9fica em escala global para alcan\u00e7ar um n\u00edvel mais alto de desenvolvimento comum.<\/p><p>Estamos prontos para promover amizades, participar de uma coopera\u00e7\u00e3o sincera e dar as m\u00e3os a amigos de setores no pa\u00eds e no exterior; com o objetivo de contribuir cada vez mais para o desenvolvimento econ\u00f4mico e social global e construir um futuro melhor para todos!<\/p>\t\t\t\t\t\t<\/div>\n\t\t\t\t<\/div>\n\t\t\t\t<div class=\"elementor-element elementor-element-ca938d2 elementor-widget elementor-widget-heading\" data-id=\"ca938d2\" data-element_type=\"widget\" data-widget_type=\"heading.default\">\n\t\t\t\t<div class=\"elementor-widget-container\">\n\t\t\t<span class=\"elementor-heading-title elementor-size-default\">Ding Yanzhang, presidente da POWERCHINA<\/span>\t\t<\/div>\n\t\t\t\t<\/div>\n\t\t\t\t<\/div>\n\t\t\t\t\t<\/div>\n\t\t\t\t<\/div>\n\t\t\t\t<\/div>\n\t\t","protected":false},"excerpt":{"rendered":"<p>Mensagem do Presidente Em nome da POWERCHINA, gostaria de expressar meus sinceros agradecimentos pela preocupa\u00e7\u00e3o e apoio demonstrado por todos os setores da sociedade ao longo dos anos. Lutando por uma nova era e avan\u00e7ando em sua nova jornada, a POWERCHINA est\u00e1 aproveitando novas oportunidades hist\u00f3ricas com base na nova etapa de desenvolvimento, bem como [&hellip;]<\/p>\n","protected":false},"author":3,"featured_media":0,"parent":8,"menu_order":0,"comment_status":"closed","ping_status":"closed","template":"elementor_header_footer","meta":{"footnotes":""},"_links":{"self":[{"href":"https:\/\/powerchina.com.br\/new\/wp-json\/wp\/v2\/pages\/790"}],"collection":[{"href":"https:\/\/powerchina.com.br\/new\/wp-json\/wp\/v2\/pages"}],"about":[{"href":"https:\/\/powerchina.com.br\/new\/wp-json\/wp\/v2\/types\/page"}],"author":[{"embeddable":true,"href":"https:\/\/powerchina.com.br\/new\/wp-json\/wp\/v2\/users\/3"}],"replies":[{"embeddable":true,"href":"https:\/\/powerchina.com.br\/new\/wp-json\/wp\/v2\/comments?post=790"}],"version-history":[{"count":17,"href":"https:\/\/powerchina.com.br\/new\/wp-json\/wp\/v2\/pages\/790\/revisions"}],"predecessor-version":[{"id":3516,"href":"https:\/\/powerchina.com.br\/new\/wp-json\/wp\/v2\/pages\/790\/revisions\/3516"}],"up":[{"embeddable":true,"href":"https:\/\/powerchina.com.br\/new\/wp-json\/wp\/v2\/pages\/8"}],"wp:attachment":[{"href":"https:\/\/powerchina.com.br\/new\/wp-json\/wp\/v2\/media?parent=790"}],"curies":[{"name":"wp","href":"https:\/\/api.w.org\/{rel}","templated":true}]}}