{"id":8,"date":"2019-09-16T10:03:39","date_gmt":"2019-09-16T13:03:39","guid":{"rendered":"https:\/\/new.powerchina.com.br\/about\/"},"modified":"2024-09-21T19:27:28","modified_gmt":"2024-09-21T22:27:28","slug":"sobre","status":"publish","type":"page","link":"https:\/\/powerchina.com.br\/new\/sobre\/","title":{"rendered":"Sobre"},"content":{"rendered":"\t\t<div data-elementor-type=\"wp-page\" data-elementor-id=\"8\" class=\"elementor elementor-8\" data-elementor-post-type=\"page\">\n\t\t\t\t<div class=\"elementor-element elementor-element-697e67b e-flex e-con-boxed e-con e-parent\" data-id=\"697e67b\" data-element_type=\"container\" data-settings=\"{&quot;background_background&quot;:&quot;classic&quot;}\">\n\t\t\t\t\t<div class=\"e-con-inner\">\n\t\t\t\t<div class=\"elementor-element elementor-element-ac7974b elementor-widget elementor-widget-heading\" data-id=\"ac7974b\" data-element_type=\"widget\" data-widget_type=\"heading.default\">\n\t\t\t\t<div class=\"elementor-widget-container\">\n\t\t\t<style>\/*! elementor - v3.22.0 - 26-06-2024 *\/\n.elementor-heading-title{padding:0;margin:0;line-height:1}.elementor-widget-heading .elementor-heading-title[class*=elementor-size-]>a{color:inherit;font-size:inherit;line-height:inherit}.elementor-widget-heading .elementor-heading-title.elementor-size-small{font-size:15px}.elementor-widget-heading .elementor-heading-title.elementor-size-medium{font-size:19px}.elementor-widget-heading .elementor-heading-title.elementor-size-large{font-size:29px}.elementor-widget-heading .elementor-heading-title.elementor-size-xl{font-size:39px}.elementor-widget-heading .elementor-heading-title.elementor-size-xxl{font-size:59px}<\/style><h2 class=\"elementor-heading-title elementor-size-default\">Sobre<\/h2>\t\t<\/div>\n\t\t\t\t<\/div>\n\t\t\t\t\t<\/div>\n\t\t\t\t<\/div>\n\t\t<div class=\"elementor-element elementor-element-a9bc93e e-grid e-con-boxed e-con e-parent\" data-id=\"a9bc93e\" data-element_type=\"container\" data-settings=\"{&quot;background_background&quot;:&quot;classic&quot;}\">\n\t\t\t\t\t<div class=\"e-con-inner\">\n\t\t<div class=\"elementor-element elementor-element-12fff68 e-con-full e-flex e-con e-child\" data-id=\"12fff68\" data-element_type=\"container\">\n\t\t<div class=\"elementor-element elementor-element-80c89e7 e-con-full e-flex e-con e-child\" data-id=\"80c89e7\" data-element_type=\"container\" data-settings=\"{&quot;background_background&quot;:&quot;classic&quot;}\">\n\t\t\t\t<div class=\"elementor-element elementor-element-5a8fdd9 elementor-widget elementor-widget-image\" data-id=\"5a8fdd9\" data-element_type=\"widget\" data-widget_type=\"image.default\">\n\t\t\t\t<div class=\"elementor-widget-container\">\n\t\t\t<style>\/*! elementor - v3.22.0 - 26-06-2024 *\/\n.elementor-widget-image{text-align:center}.elementor-widget-image a{display:inline-block}.elementor-widget-image a img[src$=\".svg\"]{width:48px}.elementor-widget-image img{vertical-align:middle;display:inline-block}<\/style>\t\t\t\t\t\t\t\t\t\t<img fetchpriority=\"high\" decoding=\"async\" width=\"196\" height=\"257\" src=\"https:\/\/powerchina.com.br\/new\/wp-content\/uploads\/2023\/04\/1651886173055018306.jpeg\" class=\"attachment-large size-large wp-image-748\" alt=\"\" \/>\t\t\t\t\t\t\t\t\t\t\t\t\t<\/div>\n\t\t\t\t<\/div>\n\t\t\t\t<\/div>\n\t\t\t\t<\/div>\n\t\t<div class=\"elementor-element elementor-element-037db91 e-con-full e-flex e-con e-child\" data-id=\"037db91\" data-element_type=\"container\">\n\t\t\t\t<div class=\"elementor-element elementor-element-be5bf96 elementor-widget elementor-widget-heading\" data-id=\"be5bf96\" data-element_type=\"widget\" data-widget_type=\"heading.default\">\n\t\t\t\t<div class=\"elementor-widget-container\">\n\t\t\t<h2 class=\"elementor-heading-title elementor-size-default\">Mensagem do Presidente\n<\/h2>\t\t<\/div>\n\t\t\t\t<\/div>\n\t\t\t\t<div class=\"elementor-element elementor-element-0c2fff9 elementor-widget elementor-widget-text-editor\" data-id=\"0c2fff9\" data-element_type=\"widget\" data-widget_type=\"text-editor.default\">\n\t\t\t\t<div class=\"elementor-widget-container\">\n\t\t\t<style>\/*! elementor - v3.22.0 - 26-06-2024 *\/\n.elementor-widget-text-editor.elementor-drop-cap-view-stacked .elementor-drop-cap{background-color:#69727d;color:#fff}.elementor-widget-text-editor.elementor-drop-cap-view-framed .elementor-drop-cap{color:#69727d;border:3px solid;background-color:transparent}.elementor-widget-text-editor:not(.elementor-drop-cap-view-default) .elementor-drop-cap{margin-top:8px}.elementor-widget-text-editor:not(.elementor-drop-cap-view-default) .elementor-drop-cap-letter{width:1em;height:1em}.elementor-widget-text-editor .elementor-drop-cap{float:left;text-align:center;line-height:1;font-size:50px}.elementor-widget-text-editor .elementor-drop-cap-letter{display:inline-block}<\/style>\t\t\t\t<p>Em nome da POWERCHINA, gostaria de expressar meus sinceros agradecimentos pela preocupa\u00e7\u00e3o e apoio demonstrado por todos os setores da sociedade ao longo dos anos.<\/p>\t\t\t\t\t\t<\/div>\n\t\t\t\t<\/div>\n\t\t\t\t<div class=\"elementor-element elementor-element-9024cc3 elementor-widget elementor-widget-button\" data-id=\"9024cc3\" data-element_type=\"widget\" data-widget_type=\"button.default\">\n\t\t\t\t<div class=\"elementor-widget-container\">\n\t\t\t\t\t<div class=\"elementor-button-wrapper\">\n\t\t\t<a class=\"elementor-button elementor-button-link elementor-size-sm\" href=\"#\">\n\t\t\t\t\t\t<span class=\"elementor-button-content-wrapper\">\n\t\t\t\t\t\t\t\t\t<span class=\"elementor-button-text\">Leia Mais<\/span>\n\t\t\t\t\t<\/span>\n\t\t\t\t\t<\/a>\n\t\t<\/div>\n\t\t\t\t<\/div>\n\t\t\t\t<\/div>\n\t\t\t\t<\/div>\n\t\t\t\t\t<\/div>\n\t\t\t\t<\/div>\n\t\t<div class=\"elementor-element elementor-element-9076ced e-flex e-con-boxed e-con e-parent\" data-id=\"9076ced\" data-element_type=\"container\">\n\t\t\t\t\t<div class=\"e-con-inner\">\n\t\t<div class=\"elementor-element elementor-element-2eda9bd e-con-full e-flex e-con e-child\" data-id=\"2eda9bd\" data-element_type=\"container\">\n\t\t\t\t<div class=\"elementor-element elementor-element-edc8a0a elementor-widget elementor-widget-heading\" data-id=\"edc8a0a\" data-element_type=\"widget\" data-widget_type=\"heading.default\">\n\t\t\t\t<div class=\"elementor-widget-container\">\n\t\t\t<h2 class=\"elementor-heading-title elementor-size-default\">Powerchina<\/h2>\t\t<\/div>\n\t\t\t\t<\/div>\n\t\t\t\t<div class=\"elementor-element elementor-element-8a81509 elementor-widget elementor-widget-text-editor\" data-id=\"8a81509\" data-element_type=\"widget\" data-widget_type=\"text-editor.default\">\n\t\t\t\t<div class=\"elementor-widget-container\">\n\t\t\t\t\t\t\t<p>A Power Construction Corporation of China (POWERCHINA) \u00e9 um grupo de constru\u00e7\u00e3o integrado que fornece investimento e financiamento, projeto de planejamento, constru\u00e7\u00e3o de engenharia, fabrica\u00e7\u00e3o de equipamentos e gerenciamento de opera\u00e7\u00f5es para energia limpa e de baixo carbono, recursos h\u00eddricos, constru\u00e7\u00e3o ambiental e infraestrutura.\u00a0<\/p>\t\t\t\t\t\t<\/div>\n\t\t\t\t<\/div>\n\t\t\t\t<div class=\"elementor-element elementor-element-95f8a5e elementor-widget elementor-widget-button\" data-id=\"95f8a5e\" data-element_type=\"widget\" data-widget_type=\"button.default\">\n\t\t\t\t<div class=\"elementor-widget-container\">\n\t\t\t\t\t<div class=\"elementor-button-wrapper\">\n\t\t\t<a class=\"elementor-button elementor-button-link elementor-size-sm\" href=\"#\">\n\t\t\t\t\t\t<span class=\"elementor-button-content-wrapper\">\n\t\t\t\t\t\t\t\t\t<span class=\"elementor-button-text\">Leia Mais<\/span>\n\t\t\t\t\t<\/span>\n\t\t\t\t\t<\/a>\n\t\t<\/div>\n\t\t\t\t<\/div>\n\t\t\t\t<\/div>\n\t\t\t\t<\/div>\n\t\t<div class=\"elementor-element elementor-element-cb9e39a e-con-full e-flex e-con e-child\" data-id=\"cb9e39a\" data-element_type=\"container\">\n\t\t<div class=\"elementor-element elementor-element-487d822 e-grid e-con-full e-con e-child\" data-id=\"487d822\" data-element_type=\"container\">\n\t\t\t\t<div class=\"elementor-element elementor-element-42cd218 elementor-widget elementor-widget-image\" data-id=\"42cd218\" data-element_type=\"widget\" data-widget_type=\"image.default\">\n\t\t\t\t<div class=\"elementor-widget-container\">\n\t\t\t\t\t\t\t\t\t\t\t\t\t<img decoding=\"async\" width=\"768\" height=\"1024\" src=\"https:\/\/powerchina.com.br\/new\/wp-content\/uploads\/2023\/07\/1667529376247010613-768x1024.jpg\" class=\"attachment-large size-large wp-image-1789\" alt=\"\" srcset=\"https:\/\/powerchina.com.br\/new\/wp-content\/uploads\/2023\/07\/1667529376247010613-768x1023.jpg 768w, https:\/\/powerchina.com.br\/new\/wp-content\/uploads\/2023\/07\/1667529376247010613-225x300.jpg 225w, https:\/\/powerchina.com.br\/new\/wp-content\/uploads\/2023\/07\/1667529376247010613.jpg 800w\" sizes=\"(max-width: 768px) 100vw, 768px\" \/>\t\t\t\t\t\t\t\t\t\t\t\t\t<\/div>\n\t\t\t\t<\/div>\n\t\t\t\t<div class=\"elementor-element elementor-element-72ef4f1 elementor-widget elementor-widget-image\" data-id=\"72ef4f1\" data-element_type=\"widget\" data-widget_type=\"image.default\">\n\t\t\t\t<div class=\"elementor-widget-container\">\n\t\t\t\t\t\t\t\t\t\t\t\t\t<img decoding=\"async\" width=\"800\" height=\"450\" src=\"https:\/\/powerchina.com.br\/new\/wp-content\/uploads\/2023\/07\/1667527943419088515.jpg\" class=\"attachment-large size-large wp-image-1677\" alt=\"\" srcset=\"https:\/\/powerchina.com.br\/new\/wp-content\/uploads\/2023\/07\/1667527943419088515.jpg 800w, https:\/\/powerchina.com.br\/new\/wp-content\/uploads\/2023\/07\/1667527943419088515-300x169.jpg 300w, https:\/\/powerchina.com.br\/new\/wp-content\/uploads\/2023\/07\/1667527943419088515-768x432.jpg 768w\" sizes=\"(max-width: 800px) 100vw, 800px\" \/>\t\t\t\t\t\t\t\t\t\t\t\t\t<\/div>\n\t\t\t\t<\/div>\n\t\t\t\t<\/div>\n\t\t\t\t<\/div>\n\t\t\t\t\t<\/div>\n\t\t\t\t<\/div>\n\t\t\t\t<\/div>\n\t\t","protected":false},"excerpt":{"rendered":"<p>Sobre Mensagem do Presidente Em nome da POWERCHINA, gostaria de expressar meus sinceros agradecimentos pela preocupa\u00e7\u00e3o e apoio demonstrado por todos os setores da sociedade ao longo dos anos. Leia Mais Powerchina A Power Construction Corporation of China (POWERCHINA) \u00e9 um grupo de constru\u00e7\u00e3o integrado que fornece investimento e financiamento, projeto de planejamento, constru\u00e7\u00e3o de [&hellip;]<\/p>\n","protected":false},"author":3,"featured_media":0,"parent":0,"menu_order":0,"comment_status":"closed","ping_status":"closed","template":"elementor_header_footer","meta":{"footnotes":""},"_links":{"self":[{"href":"https:\/\/powerchina.com.br\/new\/wp-json\/wp\/v2\/pages\/8"}],"collection":[{"href":"https:\/\/powerchina.com.br\/new\/wp-json\/wp\/v2\/pages"}],"about":[{"href":"https:\/\/powerchina.com.br\/new\/wp-json\/wp\/v2\/types\/page"}],"author":[{"embeddable":true,"href":"https:\/\/powerchina.com.br\/new\/wp-json\/wp\/v2\/users\/3"}],"replies":[{"embeddable":true,"href":"https:\/\/powerchina.com.br\/new\/wp-json\/wp\/v2\/comments?post=8"}],"version-history":[{"count":26,"href":"https:\/\/powerchina.com.br\/new\/wp-json\/wp\/v2\/pages\/8\/revisions"}],"predecessor-version":[{"id":3527,"href":"https:\/\/powerchina.com.br\/new\/wp-json\/wp\/v2\/pages\/8\/revisions\/3527"}],"wp:attachment":[{"href":"https:\/\/powerchina.com.br\/new\/wp-json\/wp\/v2\/media?parent=8"}],"curies":[{"name":"wp","href":"https:\/\/api.w.org\/{rel}","templated":true}]}}