{"id":826,"date":"2023-05-10T16:08:52","date_gmt":"2023-05-10T19:08:52","guid":{"rendered":"https:\/\/new.powerchina.com.br\/?page_id=826"},"modified":"2024-09-22T17:07:35","modified_gmt":"2024-09-22T20:07:35","slug":"marca","status":"publish","type":"page","link":"https:\/\/powerchina.com.br\/new\/sobre\/marca\/","title":{"rendered":"Marca"},"content":{"rendered":"\t\t<div data-elementor-type=\"wp-page\" data-elementor-id=\"826\" class=\"elementor elementor-826\" data-elementor-post-type=\"page\">\n\t\t\t\t<div class=\"elementor-element elementor-element-c0ae270 e-flex e-con-boxed e-con e-parent\" data-id=\"c0ae270\" data-element_type=\"container\" data-settings=\"{&quot;background_background&quot;:&quot;classic&quot;}\">\n\t\t\t\t\t<div class=\"e-con-inner\">\n\t\t\t\t<div class=\"elementor-element elementor-element-6db493f elementor-widget elementor-widget-heading\" data-id=\"6db493f\" data-element_type=\"widget\" data-widget_type=\"heading.default\">\n\t\t\t\t<div class=\"elementor-widget-container\">\n\t\t\t<style>\/*! elementor - v3.22.0 - 26-06-2024 *\/\n.elementor-heading-title{padding:0;margin:0;line-height:1}.elementor-widget-heading .elementor-heading-title[class*=elementor-size-]>a{color:inherit;font-size:inherit;line-height:inherit}.elementor-widget-heading .elementor-heading-title.elementor-size-small{font-size:15px}.elementor-widget-heading .elementor-heading-title.elementor-size-medium{font-size:19px}.elementor-widget-heading .elementor-heading-title.elementor-size-large{font-size:29px}.elementor-widget-heading .elementor-heading-title.elementor-size-xl{font-size:39px}.elementor-widget-heading .elementor-heading-title.elementor-size-xxl{font-size:59px}<\/style><h2 class=\"elementor-heading-title elementor-size-default\">Sobre<\/h2>\t\t<\/div>\n\t\t\t\t<\/div>\n\t\t\t\t\t<\/div>\n\t\t\t\t<\/div>\n\t\t<div class=\"elementor-element elementor-element-640cb4d e-flex e-con-boxed e-con e-parent\" data-id=\"640cb4d\" data-element_type=\"container\">\n\t\t\t\t\t<div class=\"e-con-inner\">\n\t\t<div class=\"elementor-element elementor-element-b19fe47 e-con-full e-flex e-con e-child\" data-id=\"b19fe47\" data-element_type=\"container\">\n\t\t\t\t<div class=\"elementor-element elementor-element-7db497d elementor-widget elementor-widget-image\" data-id=\"7db497d\" data-element_type=\"widget\" data-widget_type=\"image.default\">\n\t\t\t\t<div class=\"elementor-widget-container\">\n\t\t\t<style>\/*! elementor - v3.22.0 - 26-06-2024 *\/\n.elementor-widget-image{text-align:center}.elementor-widget-image a{display:inline-block}.elementor-widget-image a img[src$=\".svg\"]{width:48px}.elementor-widget-image img{vertical-align:middle;display:inline-block}<\/style>\t\t\t\t\t\t\t\t\t\t<img fetchpriority=\"high\" decoding=\"async\" width=\"1024\" height=\"576\" src=\"https:\/\/powerchina.com.br\/new\/wp-content\/uploads\/2023\/10\/WhatsApp-Image-2023-10-24-at-08.20.30-1024x576.jpeg\" class=\"attachment-large size-large wp-image-3110\" alt=\"\" srcset=\"https:\/\/powerchina.com.br\/new\/wp-content\/uploads\/2023\/10\/WhatsApp-Image-2023-10-24-at-08.20.30-1024x576.jpeg 1024w, https:\/\/powerchina.com.br\/new\/wp-content\/uploads\/2023\/10\/WhatsApp-Image-2023-10-24-at-08.20.30-300x169.jpeg 300w, https:\/\/powerchina.com.br\/new\/wp-content\/uploads\/2023\/10\/WhatsApp-Image-2023-10-24-at-08.20.30-768x432.jpeg 768w, https:\/\/powerchina.com.br\/new\/wp-content\/uploads\/2023\/10\/WhatsApp-Image-2023-10-24-at-08.20.30.jpeg 1280w\" sizes=\"(max-width: 1024px) 100vw, 1024px\" \/>\t\t\t\t\t\t\t\t\t\t\t\t\t<\/div>\n\t\t\t\t<\/div>\n\t\t\t\t<\/div>\n\t\t<div class=\"elementor-element elementor-element-11e7545 e-con-full e-flex e-con e-child\" data-id=\"11e7545\" data-element_type=\"container\">\n\t\t\t\t<div class=\"elementor-element elementor-element-3e209d7 elementor-widget elementor-widget-text-editor\" data-id=\"3e209d7\" data-element_type=\"widget\" data-widget_type=\"text-editor.default\">\n\t\t\t\t<div class=\"elementor-widget-container\">\n\t\t\t<style>\/*! elementor - v3.22.0 - 26-06-2024 *\/\n.elementor-widget-text-editor.elementor-drop-cap-view-stacked .elementor-drop-cap{background-color:#69727d;color:#fff}.elementor-widget-text-editor.elementor-drop-cap-view-framed .elementor-drop-cap{color:#69727d;border:3px solid;background-color:transparent}.elementor-widget-text-editor:not(.elementor-drop-cap-view-default) .elementor-drop-cap{margin-top:8px}.elementor-widget-text-editor:not(.elementor-drop-cap-view-default) .elementor-drop-cap-letter{width:1em;height:1em}.elementor-widget-text-editor .elementor-drop-cap{float:left;text-align:center;line-height:1;font-size:50px}.elementor-widget-text-editor .elementor-drop-cap-letter{display:inline-block}<\/style>\t\t\t\t<p>A POWERCHINA adere ao princ\u00edpio de \u201cmaximizar a cobertura do mercado internacional para nossas marcas e minimizar a competi\u00e7\u00e3o interna entre as marcas\u201d, e constr\u00f3i uma estrutura de v\u00e1rias marcas para neg\u00f3cios internacionais, concentrando-se em construir uma marca-m\u00e3e forte, com uso racional de sub-marcas para formular uma intera\u00e7\u00e3o ben\u00e9fica entre nossas marcas.<\/p><p>Como uma das maiores empresas de constru\u00e7\u00e3o de energia do mundo com as cadeias industriais mais integradas, a POWERCHINA tem neg\u00f3cios em mais de 130 pa\u00edses e regi\u00f5es ao redor do mundo e entregou uma s\u00e9rie de projetos l\u00edderes do setor e de alta qualidade ao longo dos anos, atraindo grande interesse e aten\u00e7\u00e3o de clientes de todo o mundo.<\/p>\t\t\t\t\t\t<\/div>\n\t\t\t\t<\/div>\n\t\t\t\t<\/div>\n\t\t\t\t\t<\/div>\n\t\t\t\t<\/div>\n\t\t\t\t<\/div>\n\t\t","protected":false},"excerpt":{"rendered":"<p>Sobre A POWERCHINA adere ao princ\u00edpio de \u201cmaximizar a cobertura do mercado internacional para nossas marcas e minimizar a competi\u00e7\u00e3o interna entre as marcas\u201d, e constr\u00f3i uma estrutura de v\u00e1rias marcas para neg\u00f3cios internacionais, concentrando-se em construir uma marca-m\u00e3e forte, com uso racional de sub-marcas para formular uma intera\u00e7\u00e3o ben\u00e9fica entre nossas marcas. Como uma [&hellip;]<\/p>\n","protected":false},"author":3,"featured_media":0,"parent":8,"menu_order":0,"comment_status":"closed","ping_status":"closed","template":"elementor_header_footer","meta":{"footnotes":""},"_links":{"self":[{"href":"https:\/\/powerchina.com.br\/new\/wp-json\/wp\/v2\/pages\/826"}],"collection":[{"href":"https:\/\/powerchina.com.br\/new\/wp-json\/wp\/v2\/pages"}],"about":[{"href":"https:\/\/powerchina.com.br\/new\/wp-json\/wp\/v2\/types\/page"}],"author":[{"embeddable":true,"href":"https:\/\/powerchina.com.br\/new\/wp-json\/wp\/v2\/users\/3"}],"replies":[{"embeddable":true,"href":"https:\/\/powerchina.com.br\/new\/wp-json\/wp\/v2\/comments?post=826"}],"version-history":[{"count":8,"href":"https:\/\/powerchina.com.br\/new\/wp-json\/wp\/v2\/pages\/826\/revisions"}],"predecessor-version":[{"id":3547,"href":"https:\/\/powerchina.com.br\/new\/wp-json\/wp\/v2\/pages\/826\/revisions\/3547"}],"up":[{"embeddable":true,"href":"https:\/\/powerchina.com.br\/new\/wp-json\/wp\/v2\/pages\/8"}],"wp:attachment":[{"href":"https:\/\/powerchina.com.br\/new\/wp-json\/wp\/v2\/media?parent=826"}],"curies":[{"name":"wp","href":"https:\/\/api.w.org\/{rel}","templated":true}]}}