{"id":948,"date":"2023-05-26T18:08:14","date_gmt":"2023-05-26T21:08:14","guid":{"rendered":"https:\/\/new.powerchina.com.br\/?page_id=948"},"modified":"2024-09-23T10:48:50","modified_gmt":"2024-09-23T13:48:50","slug":"canal-de-etica","status":"publish","type":"page","link":"https:\/\/powerchina.com.br\/new\/compliance\/canal-de-etica\/","title":{"rendered":"Canal de \u00c9tica"},"content":{"rendered":"\t\t<div data-elementor-type=\"wp-page\" data-elementor-id=\"948\" class=\"elementor elementor-948\" data-elementor-post-type=\"page\">\n\t\t\t\t<div class=\"elementor-element elementor-element-6a941b4 e-flex e-con-boxed e-con e-parent\" data-id=\"6a941b4\" data-element_type=\"container\" data-settings=\"{&quot;background_background&quot;:&quot;classic&quot;}\">\n\t\t\t\t\t<div class=\"e-con-inner\">\n\t\t\t\t<div class=\"elementor-element elementor-element-8353043 elementor-widget elementor-widget-heading\" data-id=\"8353043\" data-element_type=\"widget\" data-widget_type=\"heading.default\">\n\t\t\t\t<div class=\"elementor-widget-container\">\n\t\t\t<style>\/*! elementor - v3.22.0 - 26-06-2024 *\/\n.elementor-heading-title{padding:0;margin:0;line-height:1}.elementor-widget-heading .elementor-heading-title[class*=elementor-size-]>a{color:inherit;font-size:inherit;line-height:inherit}.elementor-widget-heading .elementor-heading-title.elementor-size-small{font-size:15px}.elementor-widget-heading .elementor-heading-title.elementor-size-medium{font-size:19px}.elementor-widget-heading .elementor-heading-title.elementor-size-large{font-size:29px}.elementor-widget-heading .elementor-heading-title.elementor-size-xl{font-size:39px}.elementor-widget-heading .elementor-heading-title.elementor-size-xxl{font-size:59px}<\/style><h2 class=\"elementor-heading-title elementor-size-default\">Canal de \u00c9tica<\/h2>\t\t<\/div>\n\t\t\t\t<\/div>\n\t\t\t\t\t<\/div>\n\t\t\t\t<\/div>\n\t\t<div class=\"elementor-element elementor-element-2de573a e-con-full e-flex e-con e-parent\" data-id=\"2de573a\" data-element_type=\"container\">\n\t\t<div class=\"elementor-element elementor-element-3d83fad e-con-full e-flex e-con e-child\" data-id=\"3d83fad\" data-element_type=\"container\">\n\t\t<div class=\"elementor-element elementor-element-fcbb47d e-con-full e-flex e-con e-child\" data-id=\"fcbb47d\" data-element_type=\"container\" data-settings=\"{&quot;background_background&quot;:&quot;classic&quot;}\">\n\t\t\t\t<div class=\"elementor-element elementor-element-30815de elementor-widget elementor-widget-text-editor\" data-id=\"30815de\" data-element_type=\"widget\" data-widget_type=\"text-editor.default\">\n\t\t\t\t<div class=\"elementor-widget-container\">\n\t\t\t<style>\/*! elementor - v3.22.0 - 26-06-2024 *\/\n.elementor-widget-text-editor.elementor-drop-cap-view-stacked .elementor-drop-cap{background-color:#69727d;color:#fff}.elementor-widget-text-editor.elementor-drop-cap-view-framed .elementor-drop-cap{color:#69727d;border:3px solid;background-color:transparent}.elementor-widget-text-editor:not(.elementor-drop-cap-view-default) .elementor-drop-cap{margin-top:8px}.elementor-widget-text-editor:not(.elementor-drop-cap-view-default) .elementor-drop-cap-letter{width:1em;height:1em}.elementor-widget-text-editor .elementor-drop-cap{float:left;text-align:center;line-height:1;font-size:50px}.elementor-widget-text-editor .elementor-drop-cap-letter{display:inline-block}<\/style>\t\t\t\t<p>Para refor\u00e7ar o seu compromisso com os mais altos padr\u00f5es de \u00e9tica, a POWERCHINA disponibiliza o Canal de \u00c9tica para receber relatos de fatos ou condutas que violem a legisla\u00e7\u00e3o vigente ou os princ\u00edpios \u00e9ticos, conforme expresso em seu C\u00f3digo de \u00c9tica.<\/p><p>Os relatos deste canal exclusivo s\u00e3o recebidos por uma empresa independente para garantir a seguran\u00e7a e confidencialidade. Voc\u00ea s\u00f3 se identifica se assim desejar. Todo o relato pode ser realizado e acompanhado de forma sigilosa atrav\u00e9s do n\u00famero de protocolo informado ao final. Todos os relatos s\u00e3o enviados para o time de Compliance, onde s\u00e3o analisados e respondidos.<\/p><p>Voc\u00ea pode fazer seu relato em\u00a0<a href=\"http:\/\/www.contatoseguro.com.br\/powerchina\" target=\"_blank\" rel=\"noopener\">www.contatoseguro.com.br\/powerchina<\/a>\u00a0ou usando o n\u00famero de telefone 0800 800 1061, dispon\u00edveis 24 horas por dia, 7 dias na semana.<\/p>\t\t\t\t\t\t<\/div>\n\t\t\t\t<\/div>\n\t\t\t\t<div class=\"elementor-element elementor-element-13341bb elementor-widget elementor-widget-button\" data-id=\"13341bb\" data-element_type=\"widget\" data-widget_type=\"button.default\">\n\t\t\t\t<div class=\"elementor-widget-container\">\n\t\t\t\t\t<div class=\"elementor-button-wrapper\">\n\t\t\t<a class=\"elementor-button elementor-button-link elementor-size-sm\" href=\"http:\/\/www.contatoseguro.com.br\/powerchina\">\n\t\t\t\t\t\t<span class=\"elementor-button-content-wrapper\">\n\t\t\t\t\t\t\t\t\t<span class=\"elementor-button-text\">Acesse o Canal de \u00c9tica<\/span>\n\t\t\t\t\t<\/span>\n\t\t\t\t\t<\/a>\n\t\t<\/div>\n\t\t\t\t<\/div>\n\t\t\t\t<\/div>\n\t\t\t\t<\/div>\n\t\t\t\t<\/div>\n\t\t<div class=\"elementor-element elementor-element-d00293e e-con-full e-flex e-con e-child\" data-id=\"d00293e\" data-element_type=\"container\" data-settings=\"{&quot;background_background&quot;:&quot;classic&quot;}\">\n\t\t\t\t<\/div>\n\t\t\t\t<\/div>\n\t\t\t\t<\/div>\n\t\t","protected":false},"excerpt":{"rendered":"<p>Canal de \u00c9tica Para refor\u00e7ar o seu compromisso com os mais altos padr\u00f5es de \u00e9tica, a POWERCHINA disponibiliza o Canal de \u00c9tica para receber relatos de fatos ou condutas que violem a legisla\u00e7\u00e3o vigente ou os princ\u00edpios \u00e9ticos, conforme expresso em seu C\u00f3digo de \u00c9tica. Os relatos deste canal exclusivo s\u00e3o recebidos por uma empresa [&hellip;]<\/p>\n","protected":false},"author":3,"featured_media":0,"parent":655,"menu_order":2,"comment_status":"closed","ping_status":"closed","template":"elementor_header_footer","meta":{"footnotes":""},"_links":{"self":[{"href":"https:\/\/powerchina.com.br\/new\/wp-json\/wp\/v2\/pages\/948"}],"collection":[{"href":"https:\/\/powerchina.com.br\/new\/wp-json\/wp\/v2\/pages"}],"about":[{"href":"https:\/\/powerchina.com.br\/new\/wp-json\/wp\/v2\/types\/page"}],"author":[{"embeddable":true,"href":"https:\/\/powerchina.com.br\/new\/wp-json\/wp\/v2\/users\/3"}],"replies":[{"embeddable":true,"href":"https:\/\/powerchina.com.br\/new\/wp-json\/wp\/v2\/comments?post=948"}],"version-history":[{"count":11,"href":"https:\/\/powerchina.com.br\/new\/wp-json\/wp\/v2\/pages\/948\/revisions"}],"predecessor-version":[{"id":3725,"href":"https:\/\/powerchina.com.br\/new\/wp-json\/wp\/v2\/pages\/948\/revisions\/3725"}],"up":[{"embeddable":true,"href":"https:\/\/powerchina.com.br\/new\/wp-json\/wp\/v2\/pages\/655"}],"wp:attachment":[{"href":"https:\/\/powerchina.com.br\/new\/wp-json\/wp\/v2\/media?parent=948"}],"curies":[{"name":"wp","href":"https:\/\/api.w.org\/{rel}","templated":true}]}}